{"id":5794,"date":"2023-01-10T21:57:06","date_gmt":"2023-01-10T21:57:06","guid":{"rendered":"https:\/\/tavapy.gov.py\/biblioteca\/?post_type=product&#038;p=5794"},"modified":"2023-01-10T21:57:06","modified_gmt":"2023-01-10T21:57:06","slug":"el-banquete","status":"publish","type":"product","link":"https:\/\/tavapy.gov.py\/biblioteca\/product\/el-banquete\/","title":{"rendered":"EL BANQUETE."},"content":{"rendered":"","protected":false},"excerpt":{"rendered":"<p>El banquete o El simposio es un di\u00e1logo plat\u00f3nico escrito por Plat\u00f3n sobre los a\u00f1os 385\u2013370 a. C., \u200b y es uno de los di\u00e1logos m\u00e1s trabajados, apreciado tanto por su contenido filos\u00f3fico como por su contenido literario. \u200b Versa sobre el amor. Esta obra, junto al Fedro, conform\u00f3 la idea de amor plat\u00f3nico.<\/p>\n<p>Ambas son obras cl\u00e1sicas tanto en filosof\u00eda como en literatura, tratan el asunto desde un punto de vista que hace que sean complementarias, y totalizan el pensamiento plat\u00f3nico.<\/p>\n<p>En el caso de El banquete, este rememora una cena en la que se han dado cita un grupo de \u00abcomensales\u00bb para mantener un discurso franco5\u200b sobre el amor y Eros,4\u200b donde est\u00e1n acompa\u00f1ados de m\u00fasica, bebidas, bailes y recitales.6\u200b Eros es siempre traducido como amor, que tiene adem\u00e1s sus propias variantes y ambig\u00fcedades que modifican la comprensi\u00f3n de Eros como el dios de la Antigua Grecia.<\/p>\n<p><a href=\"https:\/\/tavapy.gov.py\/biblioteca\/wp-content\/uploads\/2023\/01\/Platon-El-banquete.pdf\" target=\"_blank\" rel=\"attachment noopener wp-att-5785\"><img loading=\"lazy\" decoding=\"async\" class=\"size-full wp-image-5785 alignleft\" src=\"https:\/\/tavapy.gov.py\/biblioteca\/wp-content\/uploads\/2023\/01\/icono-PDF-copia-2-1.png\" alt=\"\" width=\"121\" height=\"140\" \/><\/a><\/p>\n","protected":false},"featured_media":5757,"comment_status":"open","ping_status":"closed","template":"","meta":{"spay_email":""},"product_cat":[59],"product_tag":[],"class_list":{"0":"post-5794","1":"product","2":"type-product","3":"status-publish","4":"has-post-thumbnail","6":"book_author-platon","7":"product_cat-filosofia","8":"entry"},"_links":{"self":[{"href":"https:\/\/tavapy.gov.py\/biblioteca\/wp-json\/wp\/v2\/product\/5794","targetHints":{"allow":["GET"]}}],"collection":[{"href":"https:\/\/tavapy.gov.py\/biblioteca\/wp-json\/wp\/v2\/product"}],"about":[{"href":"https:\/\/tavapy.gov.py\/biblioteca\/wp-json\/wp\/v2\/types\/product"}],"replies":[{"embeddable":true,"href":"https:\/\/tavapy.gov.py\/biblioteca\/wp-json\/wp\/v2\/comments?post=5794"}],"wp:featuredmedia":[{"embeddable":true,"href":"https:\/\/tavapy.gov.py\/biblioteca\/wp-json\/wp\/v2\/media\/5757"}],"wp:attachment":[{"href":"https:\/\/tavapy.gov.py\/biblioteca\/wp-json\/wp\/v2\/media?parent=5794"}],"wp:term":[{"taxonomy":"product_cat","embeddable":true,"href":"https:\/\/tavapy.gov.py\/biblioteca\/wp-json\/wp\/v2\/product_cat?post=5794"},{"taxonomy":"product_tag","embeddable":true,"href":"https:\/\/tavapy.gov.py\/biblioteca\/wp-json\/wp\/v2\/product_tag?post=5794"}],"curies":[{"name":"wp","href":"https:\/\/api.w.org\/{rel}","templated":true}]}}