{"id":5795,"date":"2023-01-10T22:03:06","date_gmt":"2023-01-10T22:03:06","guid":{"rendered":"https:\/\/tavapy.gov.py\/biblioteca\/?post_type=product&#038;p=5795"},"modified":"2023-01-10T22:03:07","modified_gmt":"2023-01-10T22:03:07","slug":"los-cinco-niveles-de-liderazgo","status":"publish","type":"product","link":"https:\/\/tavapy.gov.py\/biblioteca\/product\/los-cinco-niveles-de-liderazgo\/","title":{"rendered":"LOS CINCO NIVELES DE LIDERAZGO."},"content":{"rendered":"","protected":false},"excerpt":{"rendered":"<p>Existe una pregunta en el coraz\u00f3n de tantos l\u00edderes. Todos quieren saber \u00bfen d\u00f3nde est\u00e1n parados y c\u00f3mo llegar al siguiente nivel? En su libro los 5 niveles de liderazgo, publicado en el 2.011, John Maxwell explica \u00bfqu\u00e9 tipo de l\u00edder eres?, \u00bfpor qu\u00e9 la gente te sigue?, y \u00bfc\u00f3mo pasar al siguiente \u201cnivel\u201d?<\/p>\n<p>Para que te sea posible liderar primero debes aceptar tu necesidad de mejora continua. Por esta raz\u00f3n los 5 niveles proporcionan un GPS de liderazgo para ayudarte con tu viaje, ya que debes saber d\u00f3nde est\u00e1s, para saber hacia d\u00f3nde ir.<\/p>\n<p>Aqu\u00ed hay una breve descripci\u00f3n de cada uno de los 5 niveles de liderazgo: Nivel 1: Posici\u00f3n. La gente te sigue porque tiene que hacerlo. Nivel 2: Permiso. La gente te sigue porque quiere. Nivel 3: Producci\u00f3n. La gente te sigue por lo que has hecho por la organizaci\u00f3n. Nivel 4: Desarrollo de personas. La gente te sigue por lo que has hecho por ellos. Nivel 5: Pin\u00e1culo. La gente te sigue por lo que eres y lo que representas. Llegas a este nivel cuando desarrollas nuevos l\u00edderes que son capaces de construir l\u00edderes. El libro estima que menos del 1% de los l\u00edderes llegan a este nivel.<\/p>\n<p><a href=\"https:\/\/tavapy.gov.py\/biblioteca\/wp-content\/uploads\/2023\/01\/MaxwellJ-Los-5-Niveles-del-Liderazgo.pdf\" target=\"_blank\" rel=\"attachment noopener wp-att-5785\"><img loading=\"lazy\" decoding=\"async\" class=\"size-full wp-image-5785 alignleft\" src=\"https:\/\/tavapy.gov.py\/biblioteca\/wp-content\/uploads\/2023\/01\/icono-PDF-copia-2-1.png\" alt=\"\" width=\"121\" height=\"140\" \/><\/a><\/p>\n","protected":false},"featured_media":5755,"comment_status":"open","ping_status":"closed","template":"","meta":{"spay_email":""},"product_cat":[154],"product_tag":[],"class_list":{"0":"post-5795","1":"product","2":"type-product","3":"status-publish","4":"has-post-thumbnail","6":"book_author-john-maxwell","7":"product_cat-liderazgo","8":"entry"},"_links":{"self":[{"href":"https:\/\/tavapy.gov.py\/biblioteca\/wp-json\/wp\/v2\/product\/5795","targetHints":{"allow":["GET"]}}],"collection":[{"href":"https:\/\/tavapy.gov.py\/biblioteca\/wp-json\/wp\/v2\/product"}],"about":[{"href":"https:\/\/tavapy.gov.py\/biblioteca\/wp-json\/wp\/v2\/types\/product"}],"replies":[{"embeddable":true,"href":"https:\/\/tavapy.gov.py\/biblioteca\/wp-json\/wp\/v2\/comments?post=5795"}],"wp:featuredmedia":[{"embeddable":true,"href":"https:\/\/tavapy.gov.py\/biblioteca\/wp-json\/wp\/v2\/media\/5755"}],"wp:attachment":[{"href":"https:\/\/tavapy.gov.py\/biblioteca\/wp-json\/wp\/v2\/media?parent=5795"}],"wp:term":[{"taxonomy":"product_cat","embeddable":true,"href":"https:\/\/tavapy.gov.py\/biblioteca\/wp-json\/wp\/v2\/product_cat?post=5795"},{"taxonomy":"product_tag","embeddable":true,"href":"https:\/\/tavapy.gov.py\/biblioteca\/wp-json\/wp\/v2\/product_tag?post=5795"}],"curies":[{"name":"wp","href":"https:\/\/api.w.org\/{rel}","templated":true}]}}