{"id":5796,"date":"2023-01-10T22:08:31","date_gmt":"2023-01-10T22:08:31","guid":{"rendered":"https:\/\/tavapy.gov.py\/biblioteca\/?post_type=product&#038;p=5796"},"modified":"2023-01-10T22:08:32","modified_gmt":"2023-01-10T22:08:32","slug":"el-lado-positivo-del-fracaso","status":"publish","type":"product","link":"https:\/\/tavapy.gov.py\/biblioteca\/product\/el-lado-positivo-del-fracaso\/","title":{"rendered":"EL LADO POSITIVO DEL FRACASO."},"content":{"rendered":"","protected":false},"excerpt":{"rendered":"<p>La principal diferencia entre la gente que alcanza metas y la gente promedio es su percepci\u00f3n y respuesta al fracaso.<\/p>\n<p>John C. Maxwell trata sobre las razones m\u00e1s importantes por las que la gente fracasa y muestra c\u00f3mo dominar el temor en lugar de ser dominado por \u00e9l. Los lectores de esta obra publicada en el 2.000 descubrir\u00e1n que los beneficios positivos pueden acompa\u00f1ar las experiencias negativas, si uno tiene la actitud correcta.<\/p>\n<p>Completamente lleno de sugerencias de acci\u00f3n e historias de la vida real, El lado positivo del fracaso ayudar\u00e1 a hombres y mujeres a superar los errores para satisfacer su potencial y lograr el \u00e9xito.<\/p>\n<p>\u00bfNacieron algunas personas para lograr lo que quieren mientras que los dem\u00e1s tienen que luchar? Algunos dir\u00e1n que tienen suerte, est\u00e1n bendecidos o tienen el toque de Midas. Pero, \u00bfcu\u00e1l es la raz\u00f3n de sus triunfos? \u00bfSer\u00e1 que tienen mejor trasfondo familiar, m\u00e1s capital, mayores oportunidades o normas m\u00e1s altas?<\/p>\n<p>John C. Maxwell tiene la respuesta: la diferencia entre la gente promedio y los triunfadores es el concepto que tienen del fracaso y c\u00f3mo lo enfrentan.<\/p>\n<p>La mayor\u00eda de las personas no est\u00e1 preparada para enfrentar al fracaso. Dice Maxwell que si somos como era \u00e9l, al salir de la escuela, tem\u00edamos al fracaso, no lo entend\u00edamos, y huimos de \u00e9l. Pero Maxwell ha aprendido a hacer del fracaso un amigo y puede ense\u00f1arnos a hacer lo mismo.<\/p>\n<p><a href=\"https:\/\/tavapy.gov.py\/biblioteca\/wp-content\/uploads\/2023\/01\/MaxwellJ-El-Lado-Positivo-del-Fracaso.pdf\" target=\"_blank\" rel=\"attachment noopener wp-att-5785\"><img loading=\"lazy\" decoding=\"async\" class=\"size-full wp-image-5785 alignleft\" src=\"https:\/\/tavapy.gov.py\/biblioteca\/wp-content\/uploads\/2023\/01\/icono-PDF-copia-2-1.png\" alt=\"\" width=\"121\" height=\"140\" \/><\/a><\/p>\n","protected":false},"featured_media":5753,"comment_status":"open","ping_status":"closed","template":"","meta":{"spay_email":""},"product_cat":[205],"product_tag":[],"class_list":{"0":"post-5796","1":"product","2":"type-product","3":"status-publish","4":"has-post-thumbnail","6":"book_author-john-maxwell","7":"product_cat-autoayuda-desarrollo-humano","8":"entry"},"_links":{"self":[{"href":"https:\/\/tavapy.gov.py\/biblioteca\/wp-json\/wp\/v2\/product\/5796","targetHints":{"allow":["GET"]}}],"collection":[{"href":"https:\/\/tavapy.gov.py\/biblioteca\/wp-json\/wp\/v2\/product"}],"about":[{"href":"https:\/\/tavapy.gov.py\/biblioteca\/wp-json\/wp\/v2\/types\/product"}],"replies":[{"embeddable":true,"href":"https:\/\/tavapy.gov.py\/biblioteca\/wp-json\/wp\/v2\/comments?post=5796"}],"wp:featuredmedia":[{"embeddable":true,"href":"https:\/\/tavapy.gov.py\/biblioteca\/wp-json\/wp\/v2\/media\/5753"}],"wp:attachment":[{"href":"https:\/\/tavapy.gov.py\/biblioteca\/wp-json\/wp\/v2\/media?parent=5796"}],"wp:term":[{"taxonomy":"product_cat","embeddable":true,"href":"https:\/\/tavapy.gov.py\/biblioteca\/wp-json\/wp\/v2\/product_cat?post=5796"},{"taxonomy":"product_tag","embeddable":true,"href":"https:\/\/tavapy.gov.py\/biblioteca\/wp-json\/wp\/v2\/product_tag?post=5796"}],"curies":[{"name":"wp","href":"https:\/\/api.w.org\/{rel}","templated":true}]}}