{"id":5797,"date":"2023-01-10T22:14:25","date_gmt":"2023-01-10T22:14:25","guid":{"rendered":"https:\/\/tavapy.gov.py\/biblioteca\/?post_type=product&#038;p=5797"},"modified":"2023-01-10T22:14:25","modified_gmt":"2023-01-10T22:14:25","slug":"desarrolle-el-lider-que-esta-en-usted","status":"publish","type":"product","link":"https:\/\/tavapy.gov.py\/biblioteca\/product\/desarrolle-el-lider-que-esta-en-usted\/","title":{"rendered":"DESARROLLE EL L\u00cdDER QUE EST\u00c1 EN USTED."},"content":{"rendered":"","protected":false},"excerpt":{"rendered":"<p>En este libro publicado en 1.993, John Maxwell examina las diferencias entre los estilos de liderazgo y bosqueja los principios para motivar e influir en los dem\u00e1s. Estos principios pueden usarse en cualquier organizaci\u00f3n para fomentar la integridad y autodisciplina y producir un cambio positivo.<\/p>\n<p>Desarrolle el l\u00edder que est\u00e1 en usted tambi\u00e9n permite que los lectores examinen c\u00f3mo ser efectivos en su llamado supremo al liderazgo entendiendo las cinco caracter\u00edsticas que separan a los \u00abgerentes l\u00edderes\u00bb de los \u00abgerentes comunes y corrientes\u00bb. En esta obra cl\u00e1sica, Maxwell muestra a los lectores c\u00f3mo desarrollar la visi\u00f3n, los valores, la influencia y la motivaci\u00f3n necesarios para ser l\u00edderes exitosos.<\/p>\n<p><a href=\"https:\/\/tavapy.gov.py\/biblioteca\/wp-content\/uploads\/2023\/01\/MaxwellJ-Desarrolle-el-lider-que-esta-en-Usted.pdf\" target=\"_blank\" rel=\"attachment noopener wp-att-5785\"><img loading=\"lazy\" decoding=\"async\" class=\"size-full wp-image-5785 alignleft\" src=\"https:\/\/tavapy.gov.py\/biblioteca\/wp-content\/uploads\/2023\/01\/icono-PDF-copia-2-1.png\" alt=\"\" width=\"121\" height=\"140\" \/><\/a><\/p>\n","protected":false},"featured_media":5751,"comment_status":"open","ping_status":"closed","template":"","meta":{"spay_email":""},"product_cat":[154],"product_tag":[],"class_list":{"0":"post-5797","1":"product","2":"type-product","3":"status-publish","4":"has-post-thumbnail","6":"book_author-john-maxwell","7":"product_cat-liderazgo","8":"entry"},"_links":{"self":[{"href":"https:\/\/tavapy.gov.py\/biblioteca\/wp-json\/wp\/v2\/product\/5797","targetHints":{"allow":["GET"]}}],"collection":[{"href":"https:\/\/tavapy.gov.py\/biblioteca\/wp-json\/wp\/v2\/product"}],"about":[{"href":"https:\/\/tavapy.gov.py\/biblioteca\/wp-json\/wp\/v2\/types\/product"}],"replies":[{"embeddable":true,"href":"https:\/\/tavapy.gov.py\/biblioteca\/wp-json\/wp\/v2\/comments?post=5797"}],"wp:featuredmedia":[{"embeddable":true,"href":"https:\/\/tavapy.gov.py\/biblioteca\/wp-json\/wp\/v2\/media\/5751"}],"wp:attachment":[{"href":"https:\/\/tavapy.gov.py\/biblioteca\/wp-json\/wp\/v2\/media?parent=5797"}],"wp:term":[{"taxonomy":"product_cat","embeddable":true,"href":"https:\/\/tavapy.gov.py\/biblioteca\/wp-json\/wp\/v2\/product_cat?post=5797"},{"taxonomy":"product_tag","embeddable":true,"href":"https:\/\/tavapy.gov.py\/biblioteca\/wp-json\/wp\/v2\/product_tag?post=5797"}],"curies":[{"name":"wp","href":"https:\/\/api.w.org\/{rel}","templated":true}]}}