{"id":5798,"date":"2023-01-10T22:20:38","date_gmt":"2023-01-10T22:20:38","guid":{"rendered":"https:\/\/tavapy.gov.py\/biblioteca\/?post_type=product&#038;p=5798"},"modified":"2023-01-10T22:20:38","modified_gmt":"2023-01-10T22:20:38","slug":"como-ganarse-a-la-gente","status":"publish","type":"product","link":"https:\/\/tavapy.gov.py\/biblioteca\/product\/como-ganarse-a-la-gente\/","title":{"rendered":"C\u00d3MO GANARSE A LA GENTE."},"content":{"rendered":"","protected":false},"excerpt":{"rendered":"<p>Las relaciones son el epicentro de todas las experiencias positivas en los seres humanos. Desde el momento en que nacemos, las relaciones nos marcan, en nuestras familias, en el campo de juegos, en la escuela y en nuestros trabajos.<\/p>\n<p>Maxwell, un comunicador maestro y experto en estudio relacional, hace que el aprendizaje sobre las relaciones sea algo accesible para todos.<\/p>\n<p>Los l\u00edderes m\u00e1s sofisticados y los vendedores podr\u00e1n asirse de habilidades que los har\u00e1n progresar y los novatos en relaciones aprender\u00e1n t\u00e9cnicas que los transformar\u00e1n en unos verdaderos d\u00ednamos de sus relaciones.<\/p>\n<p>La obra \u201cC\u00f3mo ganarse a la gente\u201d fue publicada en el 2.004.<\/p>\n<p><a href=\"https:\/\/tavapy.gov.py\/biblioteca\/wp-content\/uploads\/2023\/01\/MaxwellJ-Como-ganarse-a-la-gente.pdf\" target=\"_blank\" rel=\"attachment noopener wp-att-5785\"><img loading=\"lazy\" decoding=\"async\" class=\"size-full wp-image-5785 alignleft\" src=\"https:\/\/tavapy.gov.py\/biblioteca\/wp-content\/uploads\/2023\/01\/icono-PDF-copia-2-1.png\" alt=\"\" width=\"121\" height=\"140\" \/><\/a><\/p>\n","protected":false},"featured_media":5749,"comment_status":"open","ping_status":"closed","template":"","meta":{"spay_email":""},"product_cat":[702],"product_tag":[],"class_list":{"0":"post-5798","1":"product","2":"type-product","3":"status-publish","4":"has-post-thumbnail","6":"book_author-john-maxwell","7":"product_cat-desarrollo-humano-liderazgo","8":"entry"},"_links":{"self":[{"href":"https:\/\/tavapy.gov.py\/biblioteca\/wp-json\/wp\/v2\/product\/5798","targetHints":{"allow":["GET"]}}],"collection":[{"href":"https:\/\/tavapy.gov.py\/biblioteca\/wp-json\/wp\/v2\/product"}],"about":[{"href":"https:\/\/tavapy.gov.py\/biblioteca\/wp-json\/wp\/v2\/types\/product"}],"replies":[{"embeddable":true,"href":"https:\/\/tavapy.gov.py\/biblioteca\/wp-json\/wp\/v2\/comments?post=5798"}],"wp:featuredmedia":[{"embeddable":true,"href":"https:\/\/tavapy.gov.py\/biblioteca\/wp-json\/wp\/v2\/media\/5749"}],"wp:attachment":[{"href":"https:\/\/tavapy.gov.py\/biblioteca\/wp-json\/wp\/v2\/media?parent=5798"}],"wp:term":[{"taxonomy":"product_cat","embeddable":true,"href":"https:\/\/tavapy.gov.py\/biblioteca\/wp-json\/wp\/v2\/product_cat?post=5798"},{"taxonomy":"product_tag","embeddable":true,"href":"https:\/\/tavapy.gov.py\/biblioteca\/wp-json\/wp\/v2\/product_tag?post=5798"}],"curies":[{"name":"wp","href":"https:\/\/api.w.org\/{rel}","templated":true}]}}