{"id":5801,"date":"2023-01-10T22:38:55","date_gmt":"2023-01-10T22:38:55","guid":{"rendered":"https:\/\/tavapy.gov.py\/biblioteca\/?post_type=product&#038;p=5801"},"modified":"2023-01-10T22:38:55","modified_gmt":"2023-01-10T22:38:55","slug":"el-sentido-de-lo-humano","status":"publish","type":"product","link":"https:\/\/tavapy.gov.py\/biblioteca\/product\/el-sentido-de-lo-humano\/","title":{"rendered":"EL SENTIDO DE LO HUMANO."},"content":{"rendered":"","protected":false},"excerpt":{"rendered":"<p>Las reflexiones de Maturana siguen siendo tan actuales como necesarias en un contexto pol\u00edtico mundial donde la confianza est\u00e1 en crisis.<\/p>\n<p>El sentido de lo humano, obra publicada en 1.991 constituye una recopilaci\u00f3n del legado del reconocido bi\u00f3logo y fil\u00f3sofo Humberto Maturana, donde a trav\u00e9s de entrevistas, homenajes, conversaciones, conferencias, cartas y hasta poemas, se re\u00fane gran parte de sus reflexiones en torno al ser humano.<\/p>\n<p>El mundo como espacio de configuraci\u00f3n necesariamente con el otro, las ideolog\u00edas como lugares de apropiaci\u00f3n de la verdad, la negaci\u00f3n de la inocencia por parte de la cultura patriarcal, el valor de la confianza para legitimar a quienes nos rodean y la importancia del aprendizaje en una educaci\u00f3n para el amor, son solo algunos de los temas que aborda el Premio Nacional de Ciencias (Chile) en este completo libro. Uno que a nadie podr\u00e1 dejar indiferente.<\/p>\n<p><a href=\"https:\/\/tavapy.gov.py\/biblioteca\/wp-content\/uploads\/2023\/01\/MaturanaH-El-Sentido-de-lo-Humano.pdf\" target=\"_blank\" rel=\"attachment noopener wp-att-5785\"><img loading=\"lazy\" decoding=\"async\" class=\"size-full wp-image-5785 alignleft\" src=\"https:\/\/tavapy.gov.py\/biblioteca\/wp-content\/uploads\/2023\/01\/icono-PDF-copia-2-1.png\" alt=\"\" width=\"121\" height=\"140\" \/><\/a><\/p>\n","protected":false},"featured_media":5743,"comment_status":"open","ping_status":"closed","template":"","meta":{"spay_email":""},"product_cat":[703],"product_tag":[],"class_list":{"0":"post-5801","1":"product","2":"type-product","3":"status-publish","4":"has-post-thumbnail","6":"book_author-humberto-maturana","7":"product_cat-biologia-moderna-cognicion-humana-filosofia","8":"entry"},"_links":{"self":[{"href":"https:\/\/tavapy.gov.py\/biblioteca\/wp-json\/wp\/v2\/product\/5801","targetHints":{"allow":["GET"]}}],"collection":[{"href":"https:\/\/tavapy.gov.py\/biblioteca\/wp-json\/wp\/v2\/product"}],"about":[{"href":"https:\/\/tavapy.gov.py\/biblioteca\/wp-json\/wp\/v2\/types\/product"}],"replies":[{"embeddable":true,"href":"https:\/\/tavapy.gov.py\/biblioteca\/wp-json\/wp\/v2\/comments?post=5801"}],"wp:featuredmedia":[{"embeddable":true,"href":"https:\/\/tavapy.gov.py\/biblioteca\/wp-json\/wp\/v2\/media\/5743"}],"wp:attachment":[{"href":"https:\/\/tavapy.gov.py\/biblioteca\/wp-json\/wp\/v2\/media?parent=5801"}],"wp:term":[{"taxonomy":"product_cat","embeddable":true,"href":"https:\/\/tavapy.gov.py\/biblioteca\/wp-json\/wp\/v2\/product_cat?post=5801"},{"taxonomy":"product_tag","embeddable":true,"href":"https:\/\/tavapy.gov.py\/biblioteca\/wp-json\/wp\/v2\/product_tag?post=5801"}],"curies":[{"name":"wp","href":"https:\/\/api.w.org\/{rel}","templated":true}]}}