{"id":5802,"date":"2023-01-10T22:45:58","date_gmt":"2023-01-10T22:45:58","guid":{"rendered":"https:\/\/tavapy.gov.py\/biblioteca\/?post_type=product&#038;p=5802"},"modified":"2023-01-10T22:45:59","modified_gmt":"2023-01-10T22:45:59","slug":"eros-y-civilizacion","status":"publish","type":"product","link":"https:\/\/tavapy.gov.py\/biblioteca\/product\/eros-y-civilizacion\/","title":{"rendered":"EROS Y CIVILIZACI\u00d3N."},"content":{"rendered":"","protected":false},"excerpt":{"rendered":"<p>Eros y civilizaci\u00f3n, obra publicada en 1.955 parte de la tesis sustentada por Freud &#8211; particularmente en El malestar de la cultura- de que la civilizaci\u00f3n necesita una r\u00edgida restricci\u00f3n del \u00abprincipio del placer\u00bb. Pero a la luz de la propia teor\u00eda freudiana, y bas\u00e1ndose en las posibilidades de la civilizaci\u00f3n llegada a madurez, Herbert Marcuse aduce que la existencia misma de \u00e9sta depende de la abolici\u00f3n gradual de todo lo que constri\u00f1a las tendencias instintivas del hombre, del fortalecimiento de los instintos rivales y de las liberaciones del poder constructivo de Eros.<\/p>\n<p>Piensa Marcuse que los logros alcanzados por las culturas occidentales han creado ya los prerrequisitos para el surgimiento de una civilizaci\u00f3n no represiva, y se\u00f1ala las tendencias sociol\u00f3gicas y psicol\u00f3gicas que act\u00faan en ese sentido. Esto lo lleva a un replanteamiento de la teor\u00eda freudiana en pugna con las escuelas neofreudianas (Eric Fromm, Karen Horney, Harry Stack Sullivan), que, en su opini\u00f3n, han abandonado algunos de los descubrimientos m\u00e1s decisivos de la teor\u00eda psicoanal\u00edtica.<\/p>\n<p>Eros y civilizaci\u00f3n, no nos saca de la utop\u00eda. Utop\u00eda de una civilizaci\u00f3n no represiva, de una sexualidad transformada en Eros creador. El asunto que quiz\u00e1 en \u00faltimo t\u00e9rmino Herbert Marcuse plantea, es el de que, no obstante ser las utop\u00edas imposibles, no nos resulta f\u00e1cil imaginar el mundo sin esta su peculiar clase de imposibilidad.<\/p>\n<p><a href=\"https:\/\/tavapy.gov.py\/biblioteca\/wp-content\/uploads\/2023\/01\/MarcuseH-Eros-y-civilizacion.pdf\" target=\"_blank\" rel=\"attachment noopener wp-att-5785\"><img loading=\"lazy\" decoding=\"async\" class=\"size-full wp-image-5785 alignleft\" src=\"https:\/\/tavapy.gov.py\/biblioteca\/wp-content\/uploads\/2023\/01\/icono-PDF-copia-2-1.png\" alt=\"\" width=\"121\" height=\"140\" \/><\/a><\/p>\n","protected":false},"featured_media":5741,"comment_status":"open","ping_status":"closed","template":"","meta":{"spay_email":""},"product_cat":[355],"product_tag":[],"class_list":{"0":"post-5802","1":"product","2":"type-product","3":"status-publish","4":"has-post-thumbnail","6":"book_author-herbert-marcuse","7":"product_cat-filosofia-ensayo","8":"entry"},"_links":{"self":[{"href":"https:\/\/tavapy.gov.py\/biblioteca\/wp-json\/wp\/v2\/product\/5802","targetHints":{"allow":["GET"]}}],"collection":[{"href":"https:\/\/tavapy.gov.py\/biblioteca\/wp-json\/wp\/v2\/product"}],"about":[{"href":"https:\/\/tavapy.gov.py\/biblioteca\/wp-json\/wp\/v2\/types\/product"}],"replies":[{"embeddable":true,"href":"https:\/\/tavapy.gov.py\/biblioteca\/wp-json\/wp\/v2\/comments?post=5802"}],"wp:featuredmedia":[{"embeddable":true,"href":"https:\/\/tavapy.gov.py\/biblioteca\/wp-json\/wp\/v2\/media\/5741"}],"wp:attachment":[{"href":"https:\/\/tavapy.gov.py\/biblioteca\/wp-json\/wp\/v2\/media?parent=5802"}],"wp:term":[{"taxonomy":"product_cat","embeddable":true,"href":"https:\/\/tavapy.gov.py\/biblioteca\/wp-json\/wp\/v2\/product_cat?post=5802"},{"taxonomy":"product_tag","embeddable":true,"href":"https:\/\/tavapy.gov.py\/biblioteca\/wp-json\/wp\/v2\/product_tag?post=5802"}],"curies":[{"name":"wp","href":"https:\/\/api.w.org\/{rel}","templated":true}]}}