{"id":5803,"date":"2023-01-10T22:52:22","date_gmt":"2023-01-10T22:52:22","guid":{"rendered":"https:\/\/tavapy.gov.py\/biblioteca\/?post_type=product&#038;p=5803"},"modified":"2023-01-10T22:52:23","modified_gmt":"2023-01-10T22:52:23","slug":"es-dios-un-matematico","status":"publish","type":"product","link":"https:\/\/tavapy.gov.py\/biblioteca\/product\/es-dios-un-matematico\/","title":{"rendered":"\u00bfES DIOS UN MATEM\u00c1TICO?"},"content":{"rendered":"","protected":false},"excerpt":{"rendered":"<p>\u00bfSon las matem\u00e1ticas una creaci\u00f3n humana? \u00bfO lo que aparece a trav\u00e9s de ellas es el intrincado dise\u00f1o del universo, que poco a poco vamos descubriendo? Desde la Antig\u00fcedad hasta el presente, cient\u00edficos y fil\u00f3sofos se han maravillado de que una disciplina tan abstracta pudiera explicar de manera tan perfecta el mundo natural.<\/p>\n<p>Mario Livio explora brillantemente las ideas matem\u00e1ticas desde Pit\u00e1goras hasta el siglo XXI y nos muestra c\u00f3mo las m\u00e1s enigm\u00e1ticas preguntas y las m\u00e1s ingeniosas respuestas nos han llevado a entender mejor el mundo que nos rodea. Este fascinante libro publicado en el 2.009 interesar\u00e1 a cualquier persona que sienta curiosidad por la mente humana y la ciencia.<\/p>\n<p><a href=\"https:\/\/tavapy.gov.py\/biblioteca\/wp-content\/uploads\/2023\/01\/LivioM-Es-Dios-un-Matematico.pdf\" target=\"_blank\" rel=\"attachment noopener wp-att-5785\"><img loading=\"lazy\" decoding=\"async\" class=\"size-full wp-image-5785 alignleft\" src=\"https:\/\/tavapy.gov.py\/biblioteca\/wp-content\/uploads\/2023\/01\/icono-PDF-copia-2-1.png\" alt=\"\" width=\"121\" height=\"140\" \/><\/a><\/p>\n","protected":false},"featured_media":5739,"comment_status":"open","ping_status":"closed","template":"","meta":{"spay_email":""},"product_cat":[705],"product_tag":[],"class_list":{"0":"post-5803","1":"product","2":"type-product","3":"status-publish","4":"has-post-thumbnail","6":"book_author-mario-livio","7":"product_cat-ciencias-matematicas","8":"entry"},"_links":{"self":[{"href":"https:\/\/tavapy.gov.py\/biblioteca\/wp-json\/wp\/v2\/product\/5803","targetHints":{"allow":["GET"]}}],"collection":[{"href":"https:\/\/tavapy.gov.py\/biblioteca\/wp-json\/wp\/v2\/product"}],"about":[{"href":"https:\/\/tavapy.gov.py\/biblioteca\/wp-json\/wp\/v2\/types\/product"}],"replies":[{"embeddable":true,"href":"https:\/\/tavapy.gov.py\/biblioteca\/wp-json\/wp\/v2\/comments?post=5803"}],"wp:featuredmedia":[{"embeddable":true,"href":"https:\/\/tavapy.gov.py\/biblioteca\/wp-json\/wp\/v2\/media\/5739"}],"wp:attachment":[{"href":"https:\/\/tavapy.gov.py\/biblioteca\/wp-json\/wp\/v2\/media?parent=5803"}],"wp:term":[{"taxonomy":"product_cat","embeddable":true,"href":"https:\/\/tavapy.gov.py\/biblioteca\/wp-json\/wp\/v2\/product_cat?post=5803"},{"taxonomy":"product_tag","embeddable":true,"href":"https:\/\/tavapy.gov.py\/biblioteca\/wp-json\/wp\/v2\/product_tag?post=5803"}],"curies":[{"name":"wp","href":"https:\/\/api.w.org\/{rel}","templated":true}]}}