{"id":5805,"date":"2023-01-10T23:01:01","date_gmt":"2023-01-10T23:01:01","guid":{"rendered":"https:\/\/tavapy.gov.py\/biblioteca\/?post_type=product&#038;p=5805"},"modified":"2023-01-10T23:02:02","modified_gmt":"2023-01-10T23:02:02","slug":"errores-geniales-que-cambiaron-el-mundo","status":"publish","type":"product","link":"https:\/\/tavapy.gov.py\/biblioteca\/product\/errores-geniales-que-cambiaron-el-mundo\/","title":{"rendered":"ERRORES GENIALES QUE CAMBIARON EL MUNDO."},"content":{"rendered":"","protected":false},"excerpt":{"rendered":"<p>En Errores geniales que cambiaron el mundo, de Mario Livio, obra publicada en el 2.013, el autor bucea en la vida de cinco destacados cient\u00edficos y descubre como incluso los grandes genios cometen errores garrafales, y c\u00f3mo esos errores son parte esencial de sus hallazgos. Mario Livio es uno de los divulgadores cient\u00edficos m\u00e1s importantes del mundo y sus libros han sido grandes \u00e9xitos de venta en todo el mundo.<\/p>\n<p>Todos nos equivocamos. Nadie es perfecto. Y eso incluye tambi\u00e9n a cinco de los m\u00e1s grandes genios de la historia de la ciencia; Charles Darwin, William Thompson, Linus Pauling, Fred Hoyle y Albert Eisntein. Sin embargo, sus meteduras de pata fueron fundamentales en su investigaci\u00f3n cient\u00edfica y condujeron hacia algunos de los m\u00e1s importantes hallazgos cient\u00edficos de la historia de la humanidad.<\/p>\n<p>Es m\u00e1s, seg\u00fan Mario Livio, la ciencia se basa en el error. Se avanza conforme se desmontan falsas ideas. Cuando era joven, Albert Einstein trat\u00f3 con insistencia de concebir una forma de describir la evoluci\u00f3n del universo basado en la teor\u00eda general de la relatividad. No obstante, fue v\u00edctima de una noci\u00f3n err\u00f3nea de simplicidad est\u00e9tica.<\/p>\n<p>Fred Hoyle era un eminente astrof\u00edsico que ridiculiz\u00f3 una teor\u00eda emergente sobre el origen del universo a la que peyorativamente catalog\u00f3 de \u00abBig Bang\u00bb. Ambos, junto a Darwin y su teor\u00eda de la selecci\u00f3n natural, Kelvin y su c\u00e1lculo err\u00f3neo de la edad de la Tierra y Pauling y su modelo fallido de la estructura del ADN, fueron todos ellos hombres geniales y fascinantes. Sus meteduras de pata fueron esenciales en el progreso cient\u00edfico y ayudaron a profundizar en el conocimiento de la evoluci\u00f3n de la Tierra, la vida y el universo.<\/p>\n<p><a href=\"https:\/\/tavapy.gov.py\/biblioteca\/wp-content\/uploads\/2023\/01\/LivioM-Errores-geniales-que-cambiaron-el-mundo.pdf\" target=\"_blank\" rel=\"attachment noopener wp-att-5785\"><img loading=\"lazy\" decoding=\"async\" class=\"size-full wp-image-5785 alignleft\" src=\"https:\/\/tavapy.gov.py\/biblioteca\/wp-content\/uploads\/2023\/01\/icono-PDF-copia-2-1.png\" alt=\"\" width=\"121\" height=\"140\" \/><\/a><\/p>\n","protected":false},"featured_media":5736,"comment_status":"open","ping_status":"closed","template":"","meta":{"spay_email":""},"product_cat":[227],"product_tag":[],"class_list":{"0":"post-5805","1":"product","2":"type-product","3":"status-publish","4":"has-post-thumbnail","6":"book_author-mario-livio","7":"product_cat-ciencia-divulgacion-cientifica","8":"entry"},"_links":{"self":[{"href":"https:\/\/tavapy.gov.py\/biblioteca\/wp-json\/wp\/v2\/product\/5805","targetHints":{"allow":["GET"]}}],"collection":[{"href":"https:\/\/tavapy.gov.py\/biblioteca\/wp-json\/wp\/v2\/product"}],"about":[{"href":"https:\/\/tavapy.gov.py\/biblioteca\/wp-json\/wp\/v2\/types\/product"}],"replies":[{"embeddable":true,"href":"https:\/\/tavapy.gov.py\/biblioteca\/wp-json\/wp\/v2\/comments?post=5805"}],"wp:featuredmedia":[{"embeddable":true,"href":"https:\/\/tavapy.gov.py\/biblioteca\/wp-json\/wp\/v2\/media\/5736"}],"wp:attachment":[{"href":"https:\/\/tavapy.gov.py\/biblioteca\/wp-json\/wp\/v2\/media?parent=5805"}],"wp:term":[{"taxonomy":"product_cat","embeddable":true,"href":"https:\/\/tavapy.gov.py\/biblioteca\/wp-json\/wp\/v2\/product_cat?post=5805"},{"taxonomy":"product_tag","embeddable":true,"href":"https:\/\/tavapy.gov.py\/biblioteca\/wp-json\/wp\/v2\/product_tag?post=5805"}],"curies":[{"name":"wp","href":"https:\/\/api.w.org\/{rel}","templated":true}]}}