{"id":5806,"date":"2023-01-10T23:06:19","date_gmt":"2023-01-10T23:06:19","guid":{"rendered":"https:\/\/tavapy.gov.py\/biblioteca\/?post_type=product&#038;p=5806"},"modified":"2023-01-10T23:06:19","modified_gmt":"2023-01-10T23:06:19","slug":"la-politica-de-la-experiencia","status":"publish","type":"product","link":"https:\/\/tavapy.gov.py\/biblioteca\/product\/la-politica-de-la-experiencia\/","title":{"rendered":"LA POL\u00cdTICA DE LA EXPERIENCIA."},"content":{"rendered":"","protected":false},"excerpt":{"rendered":"<p>Para Laing hay una disparidad entre verdad y realidad social, pues \u201cla verdad reside menos en lo que las cosas son que en lo que no son\u201d, es decir, hay menos verdad y m\u00e1s apariencia, estamos alejados de nuestras \u201caut\u00e9nticas posibilidades\u201d.<\/p>\n<p>Se pregunta Laing en este libro publicado en 1.967 si es suficiente con indicar lo mal que est\u00e1n las cosas (en el marco de la decadencia del capitalismo) o podr\u00edamos hacer algo diferente. Para Laing, \u201cNadie puede empezar a pensar, a sentir, a actuar, a no ser que lo que haga partiendo del punto inicial de su propia alienaci\u00f3n\u201d.<\/p>\n<p>Una alienaci\u00f3n propia resultado de llegar a un mundo que promueve la alienaci\u00f3n, a un mundo donde los seres humanos violentan a otros seres humanos. Necesitamos, para Laing, m\u00e1s que \u201cun grito apasionado de humanidad ultrajada\u201d. Extra\u00f1os a nuestra verdadera identidad, a los dem\u00e1s, al mundo material y espiritual.<\/p>\n<p><a href=\"https:\/\/tavapy.gov.py\/biblioteca\/wp-content\/uploads\/2023\/01\/LaingR-La-politica-de-la-experiencia.pdf\" target=\"_blank\" rel=\"attachment noopener wp-att-5785\"><img loading=\"lazy\" decoding=\"async\" class=\"size-full wp-image-5785 alignleft\" src=\"https:\/\/tavapy.gov.py\/biblioteca\/wp-content\/uploads\/2023\/01\/icono-PDF-copia-2-1.png\" alt=\"\" width=\"121\" height=\"140\" \/><\/a><\/p>\n","protected":false},"featured_media":5734,"comment_status":"open","ping_status":"closed","template":"","meta":{"spay_email":""},"product_cat":[491],"product_tag":[],"class_list":{"0":"post-5806","1":"product","2":"type-product","3":"status-publish","4":"has-post-thumbnail","6":"book_author-ronald-david-laing","7":"product_cat-psicologia-pedagogia","8":"entry"},"_links":{"self":[{"href":"https:\/\/tavapy.gov.py\/biblioteca\/wp-json\/wp\/v2\/product\/5806","targetHints":{"allow":["GET"]}}],"collection":[{"href":"https:\/\/tavapy.gov.py\/biblioteca\/wp-json\/wp\/v2\/product"}],"about":[{"href":"https:\/\/tavapy.gov.py\/biblioteca\/wp-json\/wp\/v2\/types\/product"}],"replies":[{"embeddable":true,"href":"https:\/\/tavapy.gov.py\/biblioteca\/wp-json\/wp\/v2\/comments?post=5806"}],"wp:featuredmedia":[{"embeddable":true,"href":"https:\/\/tavapy.gov.py\/biblioteca\/wp-json\/wp\/v2\/media\/5734"}],"wp:attachment":[{"href":"https:\/\/tavapy.gov.py\/biblioteca\/wp-json\/wp\/v2\/media?parent=5806"}],"wp:term":[{"taxonomy":"product_cat","embeddable":true,"href":"https:\/\/tavapy.gov.py\/biblioteca\/wp-json\/wp\/v2\/product_cat?post=5806"},{"taxonomy":"product_tag","embeddable":true,"href":"https:\/\/tavapy.gov.py\/biblioteca\/wp-json\/wp\/v2\/product_tag?post=5806"}],"curies":[{"name":"wp","href":"https:\/\/api.w.org\/{rel}","templated":true}]}}