{"id":5807,"date":"2023-01-10T23:12:16","date_gmt":"2023-01-10T23:12:16","guid":{"rendered":"https:\/\/tavapy.gov.py\/biblioteca\/?post_type=product&#038;p=5807"},"modified":"2023-01-10T23:12:16","modified_gmt":"2023-01-10T23:12:16","slug":"el-cuestionamiento-de-la-familia","status":"publish","type":"product","link":"https:\/\/tavapy.gov.py\/biblioteca\/product\/el-cuestionamiento-de-la-familia\/","title":{"rendered":"EL CUESTIONAMIENTO DE LA FAMILIA."},"content":{"rendered":"","protected":false},"excerpt":{"rendered":"<p>Ronald Laing presenta en esta obra publicada en 1.964, la familia como un sistema altamente complejo de relaciones y analiza la estructura de la familia como nexo din\u00e1mico de las interacciones que moldean la personalidad de cada uno de sus miembros y eventuales psicopatolog\u00edas.<\/p>\n<p>Escrito en un lenguaje directo, este libro va dirigido no s\u00f3lo al especialista sino al p\u00fablico lector interesado en la problem\u00e1tica contempor\u00e1nea de esta instituci\u00f3n central de nuestra civilizaci\u00f3n.<\/p>\n<p><a href=\"https:\/\/tavapy.gov.py\/biblioteca\/wp-content\/uploads\/2023\/01\/LaingR-El-cuestionamiento-de-la-familia.pdf\" target=\"_blank\" rel=\"attachment noopener wp-att-5785\"><img loading=\"lazy\" decoding=\"async\" class=\"size-full wp-image-5785 alignleft\" src=\"https:\/\/tavapy.gov.py\/biblioteca\/wp-content\/uploads\/2023\/01\/icono-PDF-copia-2-1.png\" alt=\"\" width=\"121\" height=\"140\" \/><\/a><\/p>\n","protected":false},"featured_media":5731,"comment_status":"open","ping_status":"closed","template":"","meta":{"spay_email":""},"product_cat":[491],"product_tag":[],"class_list":{"0":"post-5807","1":"product","2":"type-product","3":"status-publish","4":"has-post-thumbnail","6":"book_author-ronald-david-laing","7":"product_cat-psicologia-pedagogia","8":"entry"},"_links":{"self":[{"href":"https:\/\/tavapy.gov.py\/biblioteca\/wp-json\/wp\/v2\/product\/5807","targetHints":{"allow":["GET"]}}],"collection":[{"href":"https:\/\/tavapy.gov.py\/biblioteca\/wp-json\/wp\/v2\/product"}],"about":[{"href":"https:\/\/tavapy.gov.py\/biblioteca\/wp-json\/wp\/v2\/types\/product"}],"replies":[{"embeddable":true,"href":"https:\/\/tavapy.gov.py\/biblioteca\/wp-json\/wp\/v2\/comments?post=5807"}],"wp:featuredmedia":[{"embeddable":true,"href":"https:\/\/tavapy.gov.py\/biblioteca\/wp-json\/wp\/v2\/media\/5731"}],"wp:attachment":[{"href":"https:\/\/tavapy.gov.py\/biblioteca\/wp-json\/wp\/v2\/media?parent=5807"}],"wp:term":[{"taxonomy":"product_cat","embeddable":true,"href":"https:\/\/tavapy.gov.py\/biblioteca\/wp-json\/wp\/v2\/product_cat?post=5807"},{"taxonomy":"product_tag","embeddable":true,"href":"https:\/\/tavapy.gov.py\/biblioteca\/wp-json\/wp\/v2\/product_tag?post=5807"}],"curies":[{"name":"wp","href":"https:\/\/api.w.org\/{rel}","templated":true}]}}