{"id":5808,"date":"2023-01-10T23:17:23","date_gmt":"2023-01-10T23:17:23","guid":{"rendered":"https:\/\/tavapy.gov.py\/biblioteca\/?post_type=product&#038;p=5808"},"modified":"2023-01-10T23:17:24","modified_gmt":"2023-01-10T23:17:24","slug":"breve-historia-de-la-filosofia-occidental","status":"publish","type":"product","link":"https:\/\/tavapy.gov.py\/biblioteca\/product\/breve-historia-de-la-filosofia-occidental\/","title":{"rendered":"BREVE HISTORIA DE LA FILOSOF\u00cdA OCCIDENTAL."},"content":{"rendered":"","protected":false},"excerpt":{"rendered":"<p>En esta obra llena de lucidez y maestr\u00eda, publicada en 1.998, el eminente profesor e investigador Anthony Kenny nos ofrece un recurso indispensable: el m\u00e1s conciso y estimulante manual hoy disponible sobre el desarrollo hist\u00f3rico de la filosof\u00eda en su conjunto.<\/p>\n<p>Este magn\u00edfico volumen, que abarca 2.500 a\u00f1os de pensamiento, da una visi\u00f3n de las principales ideas de los m\u00e1s influyentes pensadores del mundo occidental, como S\u00f3crates, Plat\u00f3n, Arist\u00f3teles, Jes\u00fas, Agust\u00edn, Tom\u00e1s de Aquino, Maquiavelo, Descartes, Hobbes, Spinoza, Berkeley, Hume, Rousseau, Kant, Hegel, Marx, Mill, Nietzsche, Darwin, Freud, Frege, Russell y Wittgenstein, entre otros muchos.<\/p>\n<p>Sin rival en cuanto a su autoridad en la materia y a su alcance, esta obra es ideal para cualquiera que se interese por el pensamiento occidental.<\/p>\n<p><a href=\"https:\/\/tavapy.gov.py\/biblioteca\/wp-content\/uploads\/2023\/01\/KennyA-Breve-historia-de-la-filosofia-occidental.pdf\" target=\"_blank\" rel=\"attachment noopener wp-att-5785\"><img loading=\"lazy\" decoding=\"async\" class=\"size-full wp-image-5785 alignleft\" src=\"https:\/\/tavapy.gov.py\/biblioteca\/wp-content\/uploads\/2023\/01\/icono-PDF-copia-2-1.png\" alt=\"\" width=\"121\" height=\"140\" \/><\/a><\/p>\n","protected":false},"featured_media":5728,"comment_status":"open","ping_status":"closed","template":"","meta":{"spay_email":""},"product_cat":[708],"product_tag":[],"class_list":{"0":"post-5808","1":"product","2":"type-product","3":"status-publish","4":"has-post-thumbnail","6":"book_author-anthony-kenny","7":"product_cat-historia-de-la-filosofia","8":"entry"},"_links":{"self":[{"href":"https:\/\/tavapy.gov.py\/biblioteca\/wp-json\/wp\/v2\/product\/5808","targetHints":{"allow":["GET"]}}],"collection":[{"href":"https:\/\/tavapy.gov.py\/biblioteca\/wp-json\/wp\/v2\/product"}],"about":[{"href":"https:\/\/tavapy.gov.py\/biblioteca\/wp-json\/wp\/v2\/types\/product"}],"replies":[{"embeddable":true,"href":"https:\/\/tavapy.gov.py\/biblioteca\/wp-json\/wp\/v2\/comments?post=5808"}],"wp:featuredmedia":[{"embeddable":true,"href":"https:\/\/tavapy.gov.py\/biblioteca\/wp-json\/wp\/v2\/media\/5728"}],"wp:attachment":[{"href":"https:\/\/tavapy.gov.py\/biblioteca\/wp-json\/wp\/v2\/media?parent=5808"}],"wp:term":[{"taxonomy":"product_cat","embeddable":true,"href":"https:\/\/tavapy.gov.py\/biblioteca\/wp-json\/wp\/v2\/product_cat?post=5808"},{"taxonomy":"product_tag","embeddable":true,"href":"https:\/\/tavapy.gov.py\/biblioteca\/wp-json\/wp\/v2\/product_tag?post=5808"}],"curies":[{"name":"wp","href":"https:\/\/api.w.org\/{rel}","templated":true}]}}