{"id":5809,"date":"2023-01-10T23:26:39","date_gmt":"2023-01-10T23:26:39","guid":{"rendered":"https:\/\/tavapy.gov.py\/biblioteca\/?post_type=product&#038;p=5809"},"modified":"2023-01-10T23:26:39","modified_gmt":"2023-01-10T23:26:39","slug":"una-historia-de-la-mente-la-evolucion-y-el-nacimiento-de-la-conciencia","status":"publish","type":"product","link":"https:\/\/tavapy.gov.py\/biblioteca\/product\/una-historia-de-la-mente-la-evolucion-y-el-nacimiento-de-la-conciencia\/","title":{"rendered":"UNA HISTORIA DE LA MENTE: LA EVOLUCI\u00d3N Y EL NACIMIENTO DE LA CONCIENCIA."},"content":{"rendered":"","protected":false},"excerpt":{"rendered":"<p>\u00bfC\u00f3mo fue que el agua del cerebro se convirti\u00f3 en el vino de la conciencia? \u00bfCu\u00e1ndo adquiri\u00f3 la materia las cualidades de la mente? En este libro penetrante e informativo, Nicholas Humphrey, psic\u00f3logo experimental de prestigio internacional, gu\u00eda al lector en un viaje que abarca millones de a\u00f1os, en busca de las claves del modo c\u00f3mo evolucion\u00f3 la conciencia.<\/p>\n<p>En Una Historia de la mente, obra publicada en 1.995, Humphrey propone una teor\u00eda nueva y radical. Al explorar la divisi\u00f3n entre sensaci\u00f3n y percepci\u00f3n, muestra c\u00f3mo las sensaciones crudas se hallan en el centro de todos los estados conscientes: \u00abSiento, luego soy\u00bb. Y describe c\u00f3mo la conciencia sensorial -nuestra percataci\u00f3n de \u00abc\u00f3mo es ser nosotros mismos\u00bb- puede haberse desarrollado a partir de las respuestas corporales del dolor y placer de nuestros antepasados primitivos.<\/p>\n<p>Desde el \u00abdolor fantasma\u00bb, experimentado por personas que han perdido alg\u00fan miembro, hasta la misteriosa facultad de la \u00abvisi\u00f3n a ciegas\u00bb (visi\u00f3n inconsciente), Humphrey nos gu\u00eda hac\u00eda los \u00edntimos mecanismos de nuestra mente y vuelve comprensibles las cuestiones m\u00e1s dif\u00edciles.<\/p>\n<p>En su recorrido, Una historia de la mente va cubriendo distintas \u00e1reas: c\u00f3mo nuestros gustos y rechazos de los colores reflejan nuestra historia evolutiva; qu\u00e9 tienen para decirnos los mellizos siameses acerca de la relaci\u00f3n con nuestro propio cuerpo; y c\u00f3mo el LSD y la mescalina expanden la experiencia del \u00abtiempo subjetivo\u00bb.<\/p>\n<p>La relaci\u00f3n entre alma y cuerpo es uno de los grandes desaf\u00edos a\u00fan planteados a la ciencia y a la filosof\u00eda. Nicholas Humphrey osa resolver el \u00abproblema mente-cuerpo&#8230;\u00bb y puede que ya no volvamos a mirarnos a nosotros mismos del mismo modo.<\/p>\n<p><a href=\"https:\/\/tavapy.gov.py\/biblioteca\/wp-content\/uploads\/2023\/01\/HumphreyN-Una-historia-de-la-mente.pdf\" target=\"_blank\" rel=\"attachment noopener wp-att-5785\"><img loading=\"lazy\" decoding=\"async\" class=\"size-full wp-image-5785 alignleft\" src=\"https:\/\/tavapy.gov.py\/biblioteca\/wp-content\/uploads\/2023\/01\/icono-PDF-copia-2-1.png\" alt=\"\" width=\"121\" height=\"140\" \/><\/a><\/p>\n","protected":false},"featured_media":5725,"comment_status":"open","ping_status":"closed","template":"","meta":{"spay_email":""},"product_cat":[361],"product_tag":[],"class_list":{"0":"post-5809","1":"product","2":"type-product","3":"status-publish","4":"has-post-thumbnail","6":"book_author-nicholas-humphrey","7":"product_cat-neurociencia-psicologia","8":"entry"},"_links":{"self":[{"href":"https:\/\/tavapy.gov.py\/biblioteca\/wp-json\/wp\/v2\/product\/5809","targetHints":{"allow":["GET"]}}],"collection":[{"href":"https:\/\/tavapy.gov.py\/biblioteca\/wp-json\/wp\/v2\/product"}],"about":[{"href":"https:\/\/tavapy.gov.py\/biblioteca\/wp-json\/wp\/v2\/types\/product"}],"replies":[{"embeddable":true,"href":"https:\/\/tavapy.gov.py\/biblioteca\/wp-json\/wp\/v2\/comments?post=5809"}],"wp:featuredmedia":[{"embeddable":true,"href":"https:\/\/tavapy.gov.py\/biblioteca\/wp-json\/wp\/v2\/media\/5725"}],"wp:attachment":[{"href":"https:\/\/tavapy.gov.py\/biblioteca\/wp-json\/wp\/v2\/media?parent=5809"}],"wp:term":[{"taxonomy":"product_cat","embeddable":true,"href":"https:\/\/tavapy.gov.py\/biblioteca\/wp-json\/wp\/v2\/product_cat?post=5809"},{"taxonomy":"product_tag","embeddable":true,"href":"https:\/\/tavapy.gov.py\/biblioteca\/wp-json\/wp\/v2\/product_tag?post=5809"}],"curies":[{"name":"wp","href":"https:\/\/api.w.org\/{rel}","templated":true}]}}