{"id":5810,"date":"2023-01-10T23:33:19","date_gmt":"2023-01-10T23:33:19","guid":{"rendered":"https:\/\/tavapy.gov.py\/biblioteca\/?post_type=product&#038;p=5810"},"modified":"2023-01-10T23:33:20","modified_gmt":"2023-01-10T23:33:20","slug":"el-fin-de-la-fe","status":"publish","type":"product","link":"https:\/\/tavapy.gov.py\/biblioteca\/product\/el-fin-de-la-fe\/","title":{"rendered":"EL FIN DE LA FE."},"content":{"rendered":"","protected":false},"excerpt":{"rendered":"<p>En El fin de la fe, obra publicada en el 2.004, Sam Harris presenta un sorprendente an\u00e1lisis del enfrentamiento entre raz\u00f3n y religi\u00f3n en el mundo moderno. Realiza un l\u00facido recorrido hist\u00f3rico por nuestra voluntad de abandonar la raz\u00f3n en favor de las creencias religiosas, aunque dichas creencias acaben por inspirar las peores atrocidades que ha cometido la humanidad.<\/p>\n<p>Harris argumenta que, teniendo en cuenta las armas de destrucci\u00f3n masiva, no podemos pensar que vamos a sobrevivir nuestras diferencias religiosas indefinidamente. Alimenta a\u00fan m\u00e1s la controversia exponiendo que la moderaci\u00f3n en la religi\u00f3n presenta considerables peligros, ya que la manera en que hemos acomodado la fe religiosa en nuestra sociedad ofusca el papel que representa la fe en la perpetuaci\u00f3n de los conflictos humanos.<\/p>\n<p>Mientras nos pone en guardia contra la intromisi\u00f3n de las diferentes confesiones religiosas en la pol\u00edtica mundial, Harris se inspira en la neurociencia, la filosof\u00eda y el misticismo oriental para hacer una llamada -tanto laica como humanista- a la elaboraci\u00f3n de una \u00e9tica y una espiritualidad verdaderamente modernas.<\/p>\n<p><a href=\"https:\/\/tavapy.gov.py\/biblioteca\/wp-content\/uploads\/2023\/01\/HarrisS-El-Fin-de-La-Fe.pdf\" target=\"_blank\" rel=\"attachment noopener wp-att-5785\"><img loading=\"lazy\" decoding=\"async\" class=\"size-full wp-image-5785 alignleft\" src=\"https:\/\/tavapy.gov.py\/biblioteca\/wp-content\/uploads\/2023\/01\/icono-PDF-copia-2-1.png\" alt=\"\" width=\"121\" height=\"140\" \/><\/a><\/p>\n","protected":false},"featured_media":5722,"comment_status":"open","ping_status":"closed","template":"","meta":{"spay_email":""},"product_cat":[661],"product_tag":[],"class_list":{"0":"post-5810","1":"product","2":"type-product","3":"status-publish","4":"has-post-thumbnail","6":"book_author-sam-harris","7":"product_cat-filosofia-religion","8":"entry"},"_links":{"self":[{"href":"https:\/\/tavapy.gov.py\/biblioteca\/wp-json\/wp\/v2\/product\/5810","targetHints":{"allow":["GET"]}}],"collection":[{"href":"https:\/\/tavapy.gov.py\/biblioteca\/wp-json\/wp\/v2\/product"}],"about":[{"href":"https:\/\/tavapy.gov.py\/biblioteca\/wp-json\/wp\/v2\/types\/product"}],"replies":[{"embeddable":true,"href":"https:\/\/tavapy.gov.py\/biblioteca\/wp-json\/wp\/v2\/comments?post=5810"}],"wp:featuredmedia":[{"embeddable":true,"href":"https:\/\/tavapy.gov.py\/biblioteca\/wp-json\/wp\/v2\/media\/5722"}],"wp:attachment":[{"href":"https:\/\/tavapy.gov.py\/biblioteca\/wp-json\/wp\/v2\/media?parent=5810"}],"wp:term":[{"taxonomy":"product_cat","embeddable":true,"href":"https:\/\/tavapy.gov.py\/biblioteca\/wp-json\/wp\/v2\/product_cat?post=5810"},{"taxonomy":"product_tag","embeddable":true,"href":"https:\/\/tavapy.gov.py\/biblioteca\/wp-json\/wp\/v2\/product_tag?post=5810"}],"curies":[{"name":"wp","href":"https:\/\/api.w.org\/{rel}","templated":true}]}}