{"id":5812,"date":"2023-01-10T23:45:14","date_gmt":"2023-01-10T23:45:14","guid":{"rendered":"https:\/\/tavapy.gov.py\/biblioteca\/?post_type=product&#038;p=5812"},"modified":"2023-01-10T23:45:14","modified_gmt":"2023-01-10T23:45:14","slug":"21-lecciones-para-el-siglo-xxi","status":"publish","type":"product","link":"https:\/\/tavapy.gov.py\/biblioteca\/product\/21-lecciones-para-el-siglo-xxi\/","title":{"rendered":"21 LECCIONES PARA EL SIGLO XXI."},"content":{"rendered":"","protected":false},"excerpt":{"rendered":"<p>\u00bfC\u00f3mo podemos protegernos de las guerras nucleares, los cataclismos ecol\u00f3gicos o las tecnolog\u00edas disruptivas? \u00bfQu\u00e9 podemos hacer contra la propagaci\u00f3n de la posverdad o la amenaza del terrorismo? \u00bfQu\u00e9 debemos ense\u00f1ar a nuestros hijos?<\/p>\n<p>Con la misma prosa inteligente, fresca y provocadora, Harari vuelve a librer\u00edas con un nuevo t\u00edtulo, \u201c21 lecciones para el siglo XXI\u201d, libro publicado en el 2.018, en el que examina algunas de las cuestiones m\u00e1s urgentes de nuestro presente. El hilo dorado que recorre este estimulante nuevo libro es el desaf\u00edo de mantener nuestro enfoque colectivo e individual frente al constante y desorientador cambio que estamos viviendo.<\/p>\n<p>Harari se pregunta en su obra: \u00bfSomos a\u00fan capaces de entender el mundo que hemos creado?<\/p>\n<p><a href=\"https:\/\/tavapy.gov.py\/biblioteca\/wp-content\/uploads\/2023\/01\/HarariY-21-lecciones-para-el-siglo-XXI.pdf\" target=\"_blank\" rel=\"attachment noopener wp-att-5785\"><img loading=\"lazy\" decoding=\"async\" class=\"size-full wp-image-5785 alignleft\" src=\"https:\/\/tavapy.gov.py\/biblioteca\/wp-content\/uploads\/2023\/01\/icono-PDF-copia-2-1.png\" alt=\"\" width=\"121\" height=\"140\" \/><\/a><\/p>\n","protected":false},"featured_media":5718,"comment_status":"open","ping_status":"closed","template":"","meta":{"spay_email":""},"product_cat":[713],"product_tag":[],"class_list":{"0":"post-5812","1":"product","2":"type-product","3":"status-publish","4":"has-post-thumbnail","6":"book_author-yuval-noah-harari","7":"product_cat-ensayo-historia-contemporanea","8":"entry"},"_links":{"self":[{"href":"https:\/\/tavapy.gov.py\/biblioteca\/wp-json\/wp\/v2\/product\/5812","targetHints":{"allow":["GET"]}}],"collection":[{"href":"https:\/\/tavapy.gov.py\/biblioteca\/wp-json\/wp\/v2\/product"}],"about":[{"href":"https:\/\/tavapy.gov.py\/biblioteca\/wp-json\/wp\/v2\/types\/product"}],"replies":[{"embeddable":true,"href":"https:\/\/tavapy.gov.py\/biblioteca\/wp-json\/wp\/v2\/comments?post=5812"}],"wp:featuredmedia":[{"embeddable":true,"href":"https:\/\/tavapy.gov.py\/biblioteca\/wp-json\/wp\/v2\/media\/5718"}],"wp:attachment":[{"href":"https:\/\/tavapy.gov.py\/biblioteca\/wp-json\/wp\/v2\/media?parent=5812"}],"wp:term":[{"taxonomy":"product_cat","embeddable":true,"href":"https:\/\/tavapy.gov.py\/biblioteca\/wp-json\/wp\/v2\/product_cat?post=5812"},{"taxonomy":"product_tag","embeddable":true,"href":"https:\/\/tavapy.gov.py\/biblioteca\/wp-json\/wp\/v2\/product_tag?post=5812"}],"curies":[{"name":"wp","href":"https:\/\/api.w.org\/{rel}","templated":true}]}}