{"id":5813,"date":"2023-01-10T23:49:23","date_gmt":"2023-01-10T23:49:23","guid":{"rendered":"https:\/\/tavapy.gov.py\/biblioteca\/?post_type=product&#038;p=5813"},"modified":"2023-01-10T23:49:23","modified_gmt":"2023-01-10T23:49:23","slug":"las-48-leyes-del-poder","status":"publish","type":"product","link":"https:\/\/tavapy.gov.py\/biblioteca\/product\/las-48-leyes-del-poder\/","title":{"rendered":"LAS 48 LEYES DEL PODER."},"content":{"rendered":"","protected":false},"excerpt":{"rendered":"<p>Las 48 leyes del poder es el primer libro del escritor estadounidense Robert Greene, publicado originalmente en 1998.<\/p>\n<p>El libro es una gu\u00eda dise\u00f1ada para poder mostrarle al lector cu\u00e1les son las cualidades personales que se deben de tener para alcanzar el poder en t\u00e9rminos sociol\u00f3gicos, un m\u00e9todo pr\u00e1ctico para todo aquel que quiera conseguir el poder, observe el poder, o tenga que defenderse del poder. La obra contiene temas y elementos de El pr\u00edncipe de Nicol\u00e1s Maquiavelo y ha sido comparado con el cl\u00e1sico de Sun Tzu, El arte de la guerra.<\/p>\n<p>Para explicar sus leyes y c\u00f3mo estas se deben de ejecutar, el autor utiliza como ejemplo las estrategias, los aciertos y desaciertos de personajes hist\u00f3ricos famosos como Julio C\u00e9sar, Haile Selassie I, Napole\u00f3n Bonaparte, Carl von Clausewitz, Isabel I, Henry Kissinger, Pancho Villa, P. T. Barnum, Mao Zedong y muchos otros, recurriendo tambi\u00e9n a hechos reales importantes de la historia universal.<\/p>\n<p>El libro contiene 48 cap\u00edtulos, uno dedicado a cada ley, y cada ley posee su propia transgresi\u00f3n, observaci\u00f3n y regresi\u00f3n.<\/p>\n<p><a href=\"https:\/\/tavapy.gov.py\/biblioteca\/wp-content\/uploads\/2023\/01\/GreeneR-Las-48-leyes-del-poder-1.pdf\" target=\"_blank\" rel=\"attachment noopener wp-att-5785\"><img loading=\"lazy\" decoding=\"async\" class=\"size-full wp-image-5785 alignleft\" src=\"https:\/\/tavapy.gov.py\/biblioteca\/wp-content\/uploads\/2023\/01\/icono-PDF-copia-2-1.png\" alt=\"\" width=\"121\" height=\"140\" \/><\/a><\/p>\n","protected":false},"featured_media":5714,"comment_status":"open","ping_status":"closed","template":"","meta":{"spay_email":""},"product_cat":[549],"product_tag":[],"class_list":{"0":"post-5813","1":"product","2":"type-product","3":"status-publish","4":"has-post-thumbnail","6":"book_author-robert-greene","7":"product_cat-ciencias-politicas-y-sociales","8":"entry"},"_links":{"self":[{"href":"https:\/\/tavapy.gov.py\/biblioteca\/wp-json\/wp\/v2\/product\/5813","targetHints":{"allow":["GET"]}}],"collection":[{"href":"https:\/\/tavapy.gov.py\/biblioteca\/wp-json\/wp\/v2\/product"}],"about":[{"href":"https:\/\/tavapy.gov.py\/biblioteca\/wp-json\/wp\/v2\/types\/product"}],"replies":[{"embeddable":true,"href":"https:\/\/tavapy.gov.py\/biblioteca\/wp-json\/wp\/v2\/comments?post=5813"}],"wp:featuredmedia":[{"embeddable":true,"href":"https:\/\/tavapy.gov.py\/biblioteca\/wp-json\/wp\/v2\/media\/5714"}],"wp:attachment":[{"href":"https:\/\/tavapy.gov.py\/biblioteca\/wp-json\/wp\/v2\/media?parent=5813"}],"wp:term":[{"taxonomy":"product_cat","embeddable":true,"href":"https:\/\/tavapy.gov.py\/biblioteca\/wp-json\/wp\/v2\/product_cat?post=5813"},{"taxonomy":"product_tag","embeddable":true,"href":"https:\/\/tavapy.gov.py\/biblioteca\/wp-json\/wp\/v2\/product_tag?post=5813"}],"curies":[{"name":"wp","href":"https:\/\/api.w.org\/{rel}","templated":true}]}}