{"id":5822,"date":"2023-01-11T01:59:19","date_gmt":"2023-01-11T01:59:19","guid":{"rendered":"https:\/\/tavapy.gov.py\/biblioteca\/?post_type=product&#038;p=5822"},"modified":"2023-01-11T01:59:19","modified_gmt":"2023-01-11T01:59:19","slug":"mientras-agonizo","status":"publish","type":"product","link":"https:\/\/tavapy.gov.py\/biblioteca\/product\/mientras-agonizo\/","title":{"rendered":"MIENTRAS AGONIZO."},"content":{"rendered":"","protected":false},"excerpt":{"rendered":"<p>Mientras agonizo es una novela publicada en 1930. Fue escrita por William Faulkner, uno de los novelistas m\u00e1s reconocidos de la literatura estadounidense del siglo XX.<\/p>\n<p>El libro est\u00e1 narrado mediante la t\u00e9cnica del flujo de conciencia con 15 narradores en 59 cap\u00edtulos. Es la historia de la muerte de Addie Bundren, la mujer de un humilde granjero de Misisipi, y la b\u00fasqueda de la familia, noble o ego\u00edsta, que quiere honrar su deseo de ser enterrada con \u00absu gente\u00bb en el pueblo New Hope de Jefferson.<\/p>\n<p>En el viaje, el ni\u00f1o favorito de Addie, Jewel, salva el cuerpo de su madre de una inundaci\u00f3n y de las llamas. Adem\u00e1s, se van revelando los pensamientos de cada uno de los Bundrens. Darl, el segundo mayor, demuestra dotes para averiguar el futuro e intenta terminar con el viaje familiar.<\/p>\n<p>Tal y como ocurre en muchos trabajos de Faulkner, la historia est\u00e1 ambientada en Yoknapatawpha County, Misisipi, un condado imaginario que recuerda a Lafayette Country en el que el autor vivi\u00f3.<\/p>\n<p><a href=\"https:\/\/tavapy.gov.py\/biblioteca\/wp-content\/uploads\/2023\/01\/FaulknerW-Mientras-agonizo.pdf\" target=\"_blank\" rel=\"attachment noopener wp-att-5785\"><img loading=\"lazy\" decoding=\"async\" class=\"size-full wp-image-5785 alignleft\" src=\"https:\/\/tavapy.gov.py\/biblioteca\/wp-content\/uploads\/2023\/01\/icono-PDF-copia-2-1.png\" alt=\"\" width=\"121\" height=\"140\" \/><\/a><\/p>\n","protected":false},"featured_media":5711,"comment_status":"open","ping_status":"closed","template":"","meta":{"spay_email":""},"product_cat":[57],"product_tag":[],"class_list":{"0":"post-5822","1":"product","2":"type-product","3":"status-publish","4":"has-post-thumbnail","6":"book_author-william-faulkner","7":"product_cat-novela","8":"entry"},"_links":{"self":[{"href":"https:\/\/tavapy.gov.py\/biblioteca\/wp-json\/wp\/v2\/product\/5822","targetHints":{"allow":["GET"]}}],"collection":[{"href":"https:\/\/tavapy.gov.py\/biblioteca\/wp-json\/wp\/v2\/product"}],"about":[{"href":"https:\/\/tavapy.gov.py\/biblioteca\/wp-json\/wp\/v2\/types\/product"}],"replies":[{"embeddable":true,"href":"https:\/\/tavapy.gov.py\/biblioteca\/wp-json\/wp\/v2\/comments?post=5822"}],"wp:featuredmedia":[{"embeddable":true,"href":"https:\/\/tavapy.gov.py\/biblioteca\/wp-json\/wp\/v2\/media\/5711"}],"wp:attachment":[{"href":"https:\/\/tavapy.gov.py\/biblioteca\/wp-json\/wp\/v2\/media?parent=5822"}],"wp:term":[{"taxonomy":"product_cat","embeddable":true,"href":"https:\/\/tavapy.gov.py\/biblioteca\/wp-json\/wp\/v2\/product_cat?post=5822"},{"taxonomy":"product_tag","embeddable":true,"href":"https:\/\/tavapy.gov.py\/biblioteca\/wp-json\/wp\/v2\/product_tag?post=5822"}],"curies":[{"name":"wp","href":"https:\/\/api.w.org\/{rel}","templated":true}]}}