{"id":5824,"date":"2023-01-11T02:04:37","date_gmt":"2023-01-11T02:04:37","guid":{"rendered":"https:\/\/tavapy.gov.py\/biblioteca\/?post_type=product&#038;p=5824"},"modified":"2023-01-11T02:04:37","modified_gmt":"2023-01-11T02:04:37","slug":"el-idiota","status":"publish","type":"product","link":"https:\/\/tavapy.gov.py\/biblioteca\/product\/el-idiota\/","title":{"rendered":"EL IDIOTA."},"content":{"rendered":"","protected":false},"excerpt":{"rendered":"<p>\u00abEl idiota\u00bb, obra publicada en 1.868 es sin duda una de las cumbres de la literatura. La novela, cuyo desarrollo gira en torno a la idea de la representaci\u00f3n de un arquetipo de la perfecci\u00f3n moral, tiene como protagonista al pr\u00edncipe Myshkin -personaje de talla comparable al Raskolnikov de Crimen y castigo o el Stavrogin de \u00abLos demonios\u00bb-, cuya personalidad, significativamente, da t\u00edtulo a la obra.<\/p>\n<p>Encarnaci\u00f3n de cuantas virtudes se asocian al esp\u00edritu cristiano, Myshkin sin embargo, parad\u00f3jicamente, no logra m\u00e1s que desbaratar junto con la vida propia, la de la mayor\u00eda de los que a \u00e9l acuden.<\/p>\n<p><a href=\"https:\/\/tavapy.gov.py\/biblioteca\/wp-content\/uploads\/2023\/01\/DostoyevskiF-El-idiota.pdf\" target=\"_blank\" rel=\"attachment noopener wp-att-5785\"><img loading=\"lazy\" decoding=\"async\" class=\"size-full wp-image-5785 alignleft\" src=\"https:\/\/tavapy.gov.py\/biblioteca\/wp-content\/uploads\/2023\/01\/icono-PDF-copia-2-1.png\" alt=\"\" width=\"121\" height=\"140\" \/><\/a><\/p>\n","protected":false},"featured_media":5709,"comment_status":"open","ping_status":"closed","template":"","meta":{"spay_email":""},"product_cat":[57],"product_tag":[],"class_list":{"0":"post-5824","1":"product","2":"type-product","3":"status-publish","4":"has-post-thumbnail","6":"book_author-fiodor-dostoyevski","7":"product_cat-novela","8":"entry"},"_links":{"self":[{"href":"https:\/\/tavapy.gov.py\/biblioteca\/wp-json\/wp\/v2\/product\/5824","targetHints":{"allow":["GET"]}}],"collection":[{"href":"https:\/\/tavapy.gov.py\/biblioteca\/wp-json\/wp\/v2\/product"}],"about":[{"href":"https:\/\/tavapy.gov.py\/biblioteca\/wp-json\/wp\/v2\/types\/product"}],"replies":[{"embeddable":true,"href":"https:\/\/tavapy.gov.py\/biblioteca\/wp-json\/wp\/v2\/comments?post=5824"}],"wp:featuredmedia":[{"embeddable":true,"href":"https:\/\/tavapy.gov.py\/biblioteca\/wp-json\/wp\/v2\/media\/5709"}],"wp:attachment":[{"href":"https:\/\/tavapy.gov.py\/biblioteca\/wp-json\/wp\/v2\/media?parent=5824"}],"wp:term":[{"taxonomy":"product_cat","embeddable":true,"href":"https:\/\/tavapy.gov.py\/biblioteca\/wp-json\/wp\/v2\/product_cat?post=5824"},{"taxonomy":"product_tag","embeddable":true,"href":"https:\/\/tavapy.gov.py\/biblioteca\/wp-json\/wp\/v2\/product_tag?post=5824"}],"curies":[{"name":"wp","href":"https:\/\/api.w.org\/{rel}","templated":true}]}}