{"id":5825,"date":"2023-01-11T02:08:41","date_gmt":"2023-01-11T02:08:41","guid":{"rendered":"https:\/\/tavapy.gov.py\/biblioteca\/?post_type=product&#038;p=5825"},"modified":"2023-01-11T02:08:41","modified_gmt":"2023-01-11T02:08:41","slug":"el-placebo-eres-tu","status":"publish","type":"product","link":"https:\/\/tavapy.gov.py\/biblioteca\/product\/el-placebo-eres-tu\/","title":{"rendered":"EL PLACEBO ERES T\u00da."},"content":{"rendered":"","protected":false},"excerpt":{"rendered":"<p>\u00abEl placebo eres t\u00fa es un aut\u00e9ntico manual de instrucciones para provocar milagros en tu cuerpo, en tu salud y en tu vida.\u00bb La mente posee unas capacidades asombrosas. No solo es capaz de transformar la experiencia sino tambi\u00e9n de influir en la materia: tomando el control del pensamiento y las emociones podemos reprogramar nuestras c\u00e9lulas; poseemos la maquinaria biol\u00f3gica y neurol\u00f3gica necesaria para hacerlo.<\/p>\n<p>Esta es la premisa del nuevo libro de Joe Dispenza, el cient\u00edfico que salt\u00f3 a la fama con el impactante documental \u00bfY t\u00fa que sabes? Un placebo es una sustancia sin ning\u00fan poder farmacol\u00f3gico que, sin embargo, provoca un efecto positivo en el paciente. \u00bfQu\u00e9 pasar\u00eda, pregunta Joe Dispenza, si las personas creyeran en s\u00ed mismas en vez de confiar en algo externo?<\/p>\n<p>Apoy\u00e1ndose en los \u00faltimos hallazgos cient\u00edficos, Dispenza nos ofrece en esta obra publicada en el 2.014 una infinidad de ejemplos de las posibilidades de la mente para provocar cambios. Lo que es a\u00fan m\u00e1s interesante: nos ense\u00f1a a utilizar la denominada \u00abciencia de la transformaci\u00f3n\u00bb para ejercer nuestra capacidad innata de creaci\u00f3n en nuestro cuerpo&#8230; y en nuestra vida.<\/p>\n<p><a href=\"https:\/\/tavapy.gov.py\/biblioteca\/wp-content\/uploads\/2023\/01\/DispenzaJ-El-placebo-eres-tu.pdf\" target=\"_blank\" rel=\"attachment noopener wp-att-5785\"><img loading=\"lazy\" decoding=\"async\" class=\"size-full wp-image-5785 alignleft\" src=\"https:\/\/tavapy.gov.py\/biblioteca\/wp-content\/uploads\/2023\/01\/icono-PDF-copia-2-1.png\" alt=\"\" width=\"121\" height=\"140\" \/><\/a><\/p>\n","protected":false},"featured_media":5707,"comment_status":"open","ping_status":"closed","template":"","meta":{"spay_email":""},"product_cat":[547],"product_tag":[],"class_list":{"0":"post-5825","1":"product","2":"type-product","3":"status-publish","4":"has-post-thumbnail","6":"book_author-joe-dispenza","7":"product_cat-autoayuda-ciencias-espiritualidad","8":"entry"},"_links":{"self":[{"href":"https:\/\/tavapy.gov.py\/biblioteca\/wp-json\/wp\/v2\/product\/5825","targetHints":{"allow":["GET"]}}],"collection":[{"href":"https:\/\/tavapy.gov.py\/biblioteca\/wp-json\/wp\/v2\/product"}],"about":[{"href":"https:\/\/tavapy.gov.py\/biblioteca\/wp-json\/wp\/v2\/types\/product"}],"replies":[{"embeddable":true,"href":"https:\/\/tavapy.gov.py\/biblioteca\/wp-json\/wp\/v2\/comments?post=5825"}],"wp:featuredmedia":[{"embeddable":true,"href":"https:\/\/tavapy.gov.py\/biblioteca\/wp-json\/wp\/v2\/media\/5707"}],"wp:attachment":[{"href":"https:\/\/tavapy.gov.py\/biblioteca\/wp-json\/wp\/v2\/media?parent=5825"}],"wp:term":[{"taxonomy":"product_cat","embeddable":true,"href":"https:\/\/tavapy.gov.py\/biblioteca\/wp-json\/wp\/v2\/product_cat?post=5825"},{"taxonomy":"product_tag","embeddable":true,"href":"https:\/\/tavapy.gov.py\/biblioteca\/wp-json\/wp\/v2\/product_tag?post=5825"}],"curies":[{"name":"wp","href":"https:\/\/api.w.org\/{rel}","templated":true}]}}