{"id":5826,"date":"2023-01-11T02:13:01","date_gmt":"2023-01-11T02:13:01","guid":{"rendered":"https:\/\/tavapy.gov.py\/biblioteca\/?post_type=product&#038;p=5826"},"modified":"2023-01-11T02:13:01","modified_gmt":"2023-01-11T02:13:01","slug":"sobrenatural","status":"publish","type":"product","link":"https:\/\/tavapy.gov.py\/biblioteca\/product\/sobrenatural\/","title":{"rendered":"SOBRENATURAL."},"content":{"rendered":"","protected":false},"excerpt":{"rendered":"<p>Tu realidad ya nunca volver\u00e1 a ser la misma. Entra en el universo cu\u00e1ntico, donde nada es imposible&#8230;<\/p>\n<p>\u00bfSab\u00edas que posees a la capacidad de transformar tu biolog\u00eda y protagonizar una profunda sanaci\u00f3n a todos los niveles? \u00bfQue puedes escribir un futuro a medida de tus sue\u00f1os y manifestarlo en tu vida? \u00bfQue est\u00e1s neurol\u00f3gicamente equipado para vivir experiencias m\u00edsticas y transcendentes, alterar el mism\u00edsimo tejido del tiempo y asomarte a otras dimensiones&#8230; mediante el poder de la atenci\u00f3n?<\/p>\n<p>Combinando radicales descubrimientos en disciplinas como la neurociencia, la epigen\u00e9tica o la f\u00edsica de part\u00edculas con novedosas t\u00e9cnicas basadas en el mindfulness y la meditaci\u00f3n, Joe Dispenza presenta un revolucionario programa, en esta obra publicada en el 2.018, fruto de a\u00f1os de investigaci\u00f3n, para mostrarte el camino m\u00e1s directo al campo cu\u00e1ntico de la posibilidad. Para experimentar, en suma, tu naturaleza sobrenatural.<\/p>\n<p><a href=\"https:\/\/tavapy.gov.py\/biblioteca\/wp-content\/uploads\/2023\/01\/Dispenza_Sobrenatural.pdf\" target=\"_blank\" rel=\"attachment noopener wp-att-5785\"><img loading=\"lazy\" decoding=\"async\" class=\"size-full wp-image-5785 alignleft\" src=\"https:\/\/tavapy.gov.py\/biblioteca\/wp-content\/uploads\/2023\/01\/icono-PDF-copia-2-1.png\" alt=\"\" width=\"121\" height=\"140\" \/><\/a><\/p>\n","protected":false},"featured_media":5705,"comment_status":"open","ping_status":"closed","template":"","meta":{"spay_email":""},"product_cat":[547],"product_tag":[],"class_list":{"0":"post-5826","1":"product","2":"type-product","3":"status-publish","4":"has-post-thumbnail","6":"book_author-joe-dispenza","7":"product_cat-autoayuda-ciencias-espiritualidad","8":"entry"},"_links":{"self":[{"href":"https:\/\/tavapy.gov.py\/biblioteca\/wp-json\/wp\/v2\/product\/5826","targetHints":{"allow":["GET"]}}],"collection":[{"href":"https:\/\/tavapy.gov.py\/biblioteca\/wp-json\/wp\/v2\/product"}],"about":[{"href":"https:\/\/tavapy.gov.py\/biblioteca\/wp-json\/wp\/v2\/types\/product"}],"replies":[{"embeddable":true,"href":"https:\/\/tavapy.gov.py\/biblioteca\/wp-json\/wp\/v2\/comments?post=5826"}],"wp:featuredmedia":[{"embeddable":true,"href":"https:\/\/tavapy.gov.py\/biblioteca\/wp-json\/wp\/v2\/media\/5705"}],"wp:attachment":[{"href":"https:\/\/tavapy.gov.py\/biblioteca\/wp-json\/wp\/v2\/media?parent=5826"}],"wp:term":[{"taxonomy":"product_cat","embeddable":true,"href":"https:\/\/tavapy.gov.py\/biblioteca\/wp-json\/wp\/v2\/product_cat?post=5826"},{"taxonomy":"product_tag","embeddable":true,"href":"https:\/\/tavapy.gov.py\/biblioteca\/wp-json\/wp\/v2\/product_tag?post=5826"}],"curies":[{"name":"wp","href":"https:\/\/api.w.org\/{rel}","templated":true}]}}