{"id":5829,"date":"2023-01-11T02:52:15","date_gmt":"2023-01-11T02:52:15","guid":{"rendered":"https:\/\/tavapy.gov.py\/biblioteca\/?post_type=product&#038;p=5829"},"modified":"2023-01-11T02:52:15","modified_gmt":"2023-01-11T02:52:15","slug":"el-arte-de-ensonar","status":"publish","type":"product","link":"https:\/\/tavapy.gov.py\/biblioteca\/product\/el-arte-de-ensonar\/","title":{"rendered":"EL ARTE DE ENSO\u00d1AR."},"content":{"rendered":"","protected":false},"excerpt":{"rendered":"<p>Don Juan Matus defini\u00f3 el ensue\u00f1o manifestando que era el acto de utilizar los sue\u00f1os normales como puerta de entrada que conduce a la conciencia humana hacia otros \u00e1mbitos de la percepci\u00f3n. Esta definici\u00f3n implicaba, para \u00e9l, que los sue\u00f1os comunes pod\u00edan ser usados como una escotilla que guiaba la percepci\u00f3n hacia otras regiones de energ\u00eda, diferente de la del mundo de la vida cotidiana y, sin embargo, sumamente similar a \u00e9sta en su n\u00facleo b\u00e1sico.<\/p>\n<p>El resultado implicaba la percepci\u00f3n de mundos verdaderos en los que se pod\u00eda vivir o morir, mundos incre\u00edblemente distintos del nuestro y, al mismo tiempo, sumamente similares. \u00abEl ensue\u00f1o \u00fanicamente puede ser experimentado. Enso\u00f1ar no es tener sue\u00f1os; tampoco es so\u00f1ar despierto, ni desear, ni imaginarse nada. A trav\u00e9s del ensue\u00f1o conseguimos percibir otros mundos, los cuales podemos ciertamente describir, pero no alcanzamos a describir lo que nos hace percibirlos. Sin embargo, podemos sentir c\u00f3mo el ensue\u00f1o abre esos otros reinos.<\/p>\n<p>Enso\u00f1ar parece ser una sensaci\u00f3n, un proceso en nuestros cuerpos, una conciencia de ser en nuestras mentes. \u00abDon Juan\u00bb, escribe Carlos Castaneda en el pr\u00f3logo, \u00abera un intermediario entre el mundo natural de la vida diaria y el mundo invisible, uno que \u00e9l no llamaba lo sobrenatural, sino la segunda atenci\u00f3n. Su tarea de maestro fue hacerme accesible esta configuraci\u00f3n.<\/p>\n<p>En mis trabajos previos he descrito sus m\u00e9todos de ense\u00f1anza, al igual que las pr\u00e1cticas que me hizo ejercitar, la m\u00e1s importante de las cuales fue, sin duda, el arte de enso\u00f1ar.<\/p>\n<p>El libro \u201cEl arte de enso\u00f1ar\u201d fue publicado en 1.993.<\/p>\n<p><a href=\"https:\/\/tavapy.gov.py\/biblioteca\/wp-content\/uploads\/2023\/01\/CastanedaC-El-arte-de-ensonar.pdf\" target=\"_blank\" rel=\"attachment noopener wp-att-5785\"><img loading=\"lazy\" decoding=\"async\" class=\"size-full wp-image-5785 alignleft\" src=\"https:\/\/tavapy.gov.py\/biblioteca\/wp-content\/uploads\/2023\/01\/icono-PDF-copia-2-1.png\" alt=\"\" width=\"121\" height=\"140\" \/><\/a><\/p>\n","protected":false},"featured_media":5700,"comment_status":"open","ping_status":"closed","template":"","meta":{"spay_email":""},"product_cat":[717],"product_tag":[],"class_list":{"0":"post-5829","1":"product","2":"type-product","3":"status-publish","4":"has-post-thumbnail","6":"book_author-carlos-castaneda","7":"product_cat-ciencias-humanas-antropologia-chamanismo","8":"entry"},"_links":{"self":[{"href":"https:\/\/tavapy.gov.py\/biblioteca\/wp-json\/wp\/v2\/product\/5829","targetHints":{"allow":["GET"]}}],"collection":[{"href":"https:\/\/tavapy.gov.py\/biblioteca\/wp-json\/wp\/v2\/product"}],"about":[{"href":"https:\/\/tavapy.gov.py\/biblioteca\/wp-json\/wp\/v2\/types\/product"}],"replies":[{"embeddable":true,"href":"https:\/\/tavapy.gov.py\/biblioteca\/wp-json\/wp\/v2\/comments?post=5829"}],"wp:featuredmedia":[{"embeddable":true,"href":"https:\/\/tavapy.gov.py\/biblioteca\/wp-json\/wp\/v2\/media\/5700"}],"wp:attachment":[{"href":"https:\/\/tavapy.gov.py\/biblioteca\/wp-json\/wp\/v2\/media?parent=5829"}],"wp:term":[{"taxonomy":"product_cat","embeddable":true,"href":"https:\/\/tavapy.gov.py\/biblioteca\/wp-json\/wp\/v2\/product_cat?post=5829"},{"taxonomy":"product_tag","embeddable":true,"href":"https:\/\/tavapy.gov.py\/biblioteca\/wp-json\/wp\/v2\/product_tag?post=5829"}],"curies":[{"name":"wp","href":"https:\/\/api.w.org\/{rel}","templated":true}]}}