{"id":5834,"date":"2023-01-11T11:45:45","date_gmt":"2023-01-11T11:45:45","guid":{"rendered":"https:\/\/tavapy.gov.py\/biblioteca\/?post_type=product&#038;p=5834"},"modified":"2023-01-11T11:45:45","modified_gmt":"2023-01-11T11:45:45","slug":"el-principio-esperanza-vol-2","status":"publish","type":"product","link":"https:\/\/tavapy.gov.py\/biblioteca\/product\/el-principio-esperanza-vol-2\/","title":{"rendered":"EL PRINCIPIO ESPERANZA &#8211; VOL. 2"},"content":{"rendered":"","protected":false},"excerpt":{"rendered":"<p>El libro presente no trata de otra cosa que de la esperanza m\u00e1s all\u00e1 del d\u00eda que ya se ha cumplido. El tema de las cinco partes de la obra (escrita entre 1938-1947 y revisada en 1953 y 1959) son los sue\u00f1os de una vida mejor. Sus rasgos y contenidos inmediatos, pero, sobre todo, los susceptibles de mediaci\u00f3n, son convertidos en objeto, investigados y<\/p>\n<p>examinados en toda su amplitud. Y el camino va a trav\u00e9s de los peque\u00f1os a los m\u00e1s intensos sue\u00f1os so\u00f1ados en vigilia, a trav\u00e9s de los fluctuantes y abusables a los estrictos, a trav\u00e9s de las quimeras cambiantes hacia aquellos que no han llegado a ser a\u00fan y que son necesarios.\u00bb<\/p>\n<p>\u00abEl principio esperanza\u00bb, la inigualable obra de Ernst Bloch, fue escrito entre 1938 y 1947, durante el exilio del fil\u00f3sofo en los Estados Unidos de Am\u00e9rica, y luego reelaborado tras su retorno a Alemania. Constituye indiscutiblemente uno de los legados filos\u00f3ficos mayores del siglo XX.<\/p>\n<p>Partiendo de la consideraci\u00f3n de la utop\u00eda como una funci\u00f3n esencial del ser humano, Bloch lleva a cabo un apasionado recorrido por sus diferentes manifestaciones, hasta tal punto que la obra ha podido ser calificada de aut\u00e9ntica \u00abenciclopedia de las utop\u00edas\u00bb. En este libro torrencial, escrito en el peculiar y exigente estilo del autor, que hunde sus ra\u00edces en el romanticismo y el expresionismo alemanes, se encuentran pensamientos fundamentales para entender el arte, la sociedad, la pol\u00edtica y la religi\u00f3n en el mundo contempor\u00e1neo.<\/p>\n<p>Bloch reflexiona sobre la dimensi\u00f3n ut\u00f3pica del ser humano en conexi\u00f3n con la filosof\u00eda marxista, pero el alcance de su indagaci\u00f3n va mucho m\u00e1s all\u00e1 de cualquier ortodoxia ideol\u00f3gica para convertirse en una honda investigaci\u00f3n sobre los aspectos esenciales de la fr\u00e1gil existencia humana.<\/p>\n<p>La investigaci\u00f3n del excedente ut\u00f3pico que habita en el ser humano se plasma en este segundo volumen, dedicado a las \u00abProyecciones de un mundo mejor\u00bb, en el recorrido por las distintas utop\u00edas (m\u00e9dicas, sociales, t\u00e9cnicas, arquitect\u00f3nicas y geogr\u00e1ficas) concebidas a lo largo de la historia.<\/p>\n<p><a href=\"https:\/\/tavapy.gov.py\/biblioteca\/wp-content\/uploads\/2023\/01\/BlochE-El-principio-esperanza-Vol-2.pdf\" target=\"_blank\" rel=\"attachment noopener wp-att-5785\"><img loading=\"lazy\" decoding=\"async\" class=\"size-full wp-image-5785 alignleft\" src=\"https:\/\/tavapy.gov.py\/biblioteca\/wp-content\/uploads\/2023\/01\/icono-PDF-copia-2-1.png\" alt=\"\" width=\"121\" height=\"140\" \/><\/a><\/p>\n","protected":false},"featured_media":5698,"comment_status":"open","ping_status":"closed","template":"","meta":{"spay_email":""},"product_cat":[59],"product_tag":[],"class_list":{"0":"post-5834","1":"product","2":"type-product","3":"status-publish","4":"has-post-thumbnail","6":"book_author-ernst-bloch","7":"product_cat-filosofia","8":"entry"},"_links":{"self":[{"href":"https:\/\/tavapy.gov.py\/biblioteca\/wp-json\/wp\/v2\/product\/5834","targetHints":{"allow":["GET"]}}],"collection":[{"href":"https:\/\/tavapy.gov.py\/biblioteca\/wp-json\/wp\/v2\/product"}],"about":[{"href":"https:\/\/tavapy.gov.py\/biblioteca\/wp-json\/wp\/v2\/types\/product"}],"replies":[{"embeddable":true,"href":"https:\/\/tavapy.gov.py\/biblioteca\/wp-json\/wp\/v2\/comments?post=5834"}],"wp:featuredmedia":[{"embeddable":true,"href":"https:\/\/tavapy.gov.py\/biblioteca\/wp-json\/wp\/v2\/media\/5698"}],"wp:attachment":[{"href":"https:\/\/tavapy.gov.py\/biblioteca\/wp-json\/wp\/v2\/media?parent=5834"}],"wp:term":[{"taxonomy":"product_cat","embeddable":true,"href":"https:\/\/tavapy.gov.py\/biblioteca\/wp-json\/wp\/v2\/product_cat?post=5834"},{"taxonomy":"product_tag","embeddable":true,"href":"https:\/\/tavapy.gov.py\/biblioteca\/wp-json\/wp\/v2\/product_tag?post=5834"}],"curies":[{"name":"wp","href":"https:\/\/api.w.org\/{rel}","templated":true}]}}