{"id":5841,"date":"2023-01-11T14:21:25","date_gmt":"2023-01-11T14:21:25","guid":{"rendered":"https:\/\/tavapy.gov.py\/biblioteca\/?post_type=product&#038;p=5841"},"modified":"2023-01-11T14:21:26","modified_gmt":"2023-01-11T14:21:26","slug":"nunca-fuimos-heroes","status":"publish","type":"product","link":"https:\/\/tavapy.gov.py\/biblioteca\/product\/nunca-fuimos-heroes\/","title":{"rendered":"NUNCA FUIMOS H\u00c9ROES."},"content":{"rendered":"","protected":false},"excerpt":{"rendered":"<p>Una apasionante novela polic\u00edaca, un emocionante recorrido por nuestro pasado m\u00e1s doloroso<\/p>\n<p>Gabo es un comisario de polic\u00eda retirado que ha dedicado toda su carrera a la lucha contra el terrorismo. Harri es un terrorista que ha pasado los \u00faltimos veinte a\u00f1os en Colombia tras conseguir escapar de numerosos intentos de captura.<br \/>\nCuando los servicios de inteligencia espa\u00f1oles descubren que Harri ha vuelto a Madrid, el comisario general de Informaci\u00f3n le pide a su antiguo amigo y subordinado, Gabo, que averig\u00fce extraoficialmente el motivo de su regreso. Aunque se hab\u00eda prometido mantenerse alejado de su antigua vida, la vieja fijaci\u00f3n por detener a Harri y saldar cuentas pendientes arrastra a Gabo a iniciar una investigaci\u00f3n en la que se cruzar\u00e1 con las redes internacionales de narcotr\u00e1fico, el crimen organizado, el yihadismo y el oscuro mundo de los confidentes.<br \/>\nEl polic\u00eda, atrapado en una vigilancia obsesiva, establecer\u00e1 una perturbadora relaci\u00f3n personal con el terrorista que le har\u00e1 revivir un pasado que ha luchado por olvidar. Las viejas heridas se reabrir\u00e1n. La frustraci\u00f3n de los atentados, la tensi\u00f3n de las operaciones, los compa\u00f1eros que quedaron en el camino, los a\u00f1os de la guerra sucia y una historia de amor nunca olvidada regresar\u00e1n a su memoria.<br \/>\nUna joven inspectora de Estupefaciente&#8230;<\/p>\n<p><a href=\"https:\/\/tavapy.gov.py\/biblioteca\/wp-content\/uploads\/2023\/01\/BenzoF-Nunca-fuimos-heroes.pdf\" target=\"_blank\" rel=\"attachment noopener wp-att-5785\"><img loading=\"lazy\" decoding=\"async\" class=\"size-full wp-image-5785 alignleft\" src=\"https:\/\/tavapy.gov.py\/biblioteca\/wp-content\/uploads\/2023\/01\/icono-PDF-copia-2-1.png\" alt=\"\" width=\"121\" height=\"140\" \/><\/a><\/p>\n","protected":false},"featured_media":5837,"comment_status":"open","ping_status":"closed","template":"","meta":{"spay_email":""},"product_cat":[57],"product_tag":[],"class_list":{"0":"post-5841","1":"product","2":"type-product","3":"status-publish","4":"has-post-thumbnail","6":"book_author-fernando-benzo","7":"product_cat-novela","8":"entry"},"_links":{"self":[{"href":"https:\/\/tavapy.gov.py\/biblioteca\/wp-json\/wp\/v2\/product\/5841","targetHints":{"allow":["GET"]}}],"collection":[{"href":"https:\/\/tavapy.gov.py\/biblioteca\/wp-json\/wp\/v2\/product"}],"about":[{"href":"https:\/\/tavapy.gov.py\/biblioteca\/wp-json\/wp\/v2\/types\/product"}],"replies":[{"embeddable":true,"href":"https:\/\/tavapy.gov.py\/biblioteca\/wp-json\/wp\/v2\/comments?post=5841"}],"wp:featuredmedia":[{"embeddable":true,"href":"https:\/\/tavapy.gov.py\/biblioteca\/wp-json\/wp\/v2\/media\/5837"}],"wp:attachment":[{"href":"https:\/\/tavapy.gov.py\/biblioteca\/wp-json\/wp\/v2\/media?parent=5841"}],"wp:term":[{"taxonomy":"product_cat","embeddable":true,"href":"https:\/\/tavapy.gov.py\/biblioteca\/wp-json\/wp\/v2\/product_cat?post=5841"},{"taxonomy":"product_tag","embeddable":true,"href":"https:\/\/tavapy.gov.py\/biblioteca\/wp-json\/wp\/v2\/product_tag?post=5841"}],"curies":[{"name":"wp","href":"https:\/\/api.w.org\/{rel}","templated":true}]}}