{"id":5842,"date":"2023-01-11T14:36:08","date_gmt":"2023-01-11T14:36:08","guid":{"rendered":"https:\/\/tavapy.gov.py\/biblioteca\/?post_type=product&#038;p=5842"},"modified":"2023-01-11T14:36:09","modified_gmt":"2023-01-11T14:36:09","slug":"las-cenizas-de-la-inocencia","status":"publish","type":"product","link":"https:\/\/tavapy.gov.py\/biblioteca\/product\/las-cenizas-de-la-inocencia\/","title":{"rendered":"LAS CENIZAS DE LA INOCENCIA."},"content":{"rendered":"","protected":false},"excerpt":{"rendered":"<p>\u201cLas Cenizas de la inocencia\u201d es una novela de gangsters ambientada en el Madrid de los a\u00f1os 40 del siglo XX y publicada en el 2.019.<\/p>\n<p>\u201cAcababa de cumplir los diecisiete a\u00f1os cuando mat\u00e9 a un hombre.<\/p>\n<p>Ahora, tras tanta vida transcurrida, con los recuerdos de aquel tiempo difuminados en una confusa mezcla de sentimientos contradictorios que han ido sustituyendo a las im\u00e1genes concretas, soy a\u00fan capaz de recordar aquel momento: el seco estampido del disparo, aquella mirada en la que en un solo y \u00faltimo instante se mezclaron la sorpresa, el p\u00e1nico y la resignaci\u00f3n ante lo inevitable, la mancha oscura que apareci\u00f3 al momento en la pechera de la camisa y mi mano sujetando el arma con la misma fuerza como si creyera que podr\u00eda aplastarla hasta hacerla desaparecer.<\/p>\n<p>Aquel disparo, de alguna forma, tambi\u00e9n me mat\u00f3 a m\u00ed. O, al menos, mat\u00f3 a la persona en la que me estaba convirtiendo. Aquella noche alguien muri\u00f3 para que yo renaciese.<\/p>\n<p>Otra vida fue interrumpida. La vida de alguien que era yo y que ya no fui nunca m\u00e1s.<\/p>\n<p>En las calles de la capital se est\u00e1 librando una nueva guerra, muy diferente a la que acaba de concluir. Tras una falsa apariencia de calma, en una ciudad en la que el hambre y la pobreza marcan la vida diaria, las bandas de estraperlistas luchan por el control del mercado negro bajo la mirada c\u00f3mplice de polic\u00edas y pol\u00edticos.<\/p>\n<p>Los hombres que dirigen las redes de negocios ilegales se re\u00fanen cada noche en el Dixie, un discreto club de jazz donde cierran los tratos y planean sus cr\u00edmenes entre c\u00f3cteles, m\u00fasica y hermosas mujeres. All\u00ed trabaja como camarero Emilio, un adolescente ansioso por vivir aventuras, que entrar\u00e1 por casualidad en este mundo clandestino al entablar amistad con Nico, un joven y ambicioso contrabandista. Juntos disfrutar\u00e1n de una vida que les permitir\u00e1 superar la penuria que les rodea hasta que se ven obligados a enfrentarse a dram\u00e1ticas decisiones que cambiar\u00e1n su destino para siempre\u201d.<\/p>\n<p><a href=\"https:\/\/tavapy.gov.py\/biblioteca\/wp-content\/uploads\/2023\/01\/BenzoF-Las-cenizas-de-la-inocencia.pdf\" target=\"_blank\" rel=\"attachment noopener wp-att-5785\"><img loading=\"lazy\" decoding=\"async\" class=\"size-full wp-image-5785 alignleft\" src=\"https:\/\/tavapy.gov.py\/biblioteca\/wp-content\/uploads\/2023\/01\/icono-PDF-copia-2-1.png\" alt=\"\" width=\"121\" height=\"140\" \/><\/a><\/p>\n","protected":false},"featured_media":5839,"comment_status":"open","ping_status":"closed","template":"","meta":{"spay_email":""},"product_cat":[57],"product_tag":[],"class_list":{"0":"post-5842","1":"product","2":"type-product","3":"status-publish","4":"has-post-thumbnail","6":"book_author-fernando-benzo","7":"product_cat-novela","8":"entry"},"_links":{"self":[{"href":"https:\/\/tavapy.gov.py\/biblioteca\/wp-json\/wp\/v2\/product\/5842","targetHints":{"allow":["GET"]}}],"collection":[{"href":"https:\/\/tavapy.gov.py\/biblioteca\/wp-json\/wp\/v2\/product"}],"about":[{"href":"https:\/\/tavapy.gov.py\/biblioteca\/wp-json\/wp\/v2\/types\/product"}],"replies":[{"embeddable":true,"href":"https:\/\/tavapy.gov.py\/biblioteca\/wp-json\/wp\/v2\/comments?post=5842"}],"wp:featuredmedia":[{"embeddable":true,"href":"https:\/\/tavapy.gov.py\/biblioteca\/wp-json\/wp\/v2\/media\/5839"}],"wp:attachment":[{"href":"https:\/\/tavapy.gov.py\/biblioteca\/wp-json\/wp\/v2\/media?parent=5842"}],"wp:term":[{"taxonomy":"product_cat","embeddable":true,"href":"https:\/\/tavapy.gov.py\/biblioteca\/wp-json\/wp\/v2\/product_cat?post=5842"},{"taxonomy":"product_tag","embeddable":true,"href":"https:\/\/tavapy.gov.py\/biblioteca\/wp-json\/wp\/v2\/product_tag?post=5842"}],"curies":[{"name":"wp","href":"https:\/\/api.w.org\/{rel}","templated":true}]}}