{"id":5844,"date":"2023-01-11T14:47:37","date_gmt":"2023-01-11T14:47:37","guid":{"rendered":"https:\/\/tavapy.gov.py\/biblioteca\/?post_type=product&#038;p=5844"},"modified":"2023-01-11T14:48:56","modified_gmt":"2023-01-11T14:48:56","slug":"hija-de-la-fortuna","status":"publish","type":"product","link":"https:\/\/tavapy.gov.py\/biblioteca\/product\/hija-de-la-fortuna\/","title":{"rendered":"HIJA DE LA FORTUNA."},"content":{"rendered":"","protected":false},"excerpt":{"rendered":"<p>Hija de la fortuna obra publicada en 1.998 es un retrato palpitante de una \u00e9poca marcada por la violencia y la codicia en la cual los protagonistas rescatan el amor, la amistad, la compasi\u00f3n y el valor.<\/p>\n<p>En esta su m\u00e1s ambiciosa novela, Isabel Allende presenta un universo fascinante, poblado de entra\u00f1ables personajes que, como tantos otros de la autora, se quedan para siempre en la memoria y el coraz\u00f3n de los lectores.<\/p>\n<p><a href=\"https:\/\/tavapy.gov.py\/biblioteca\/wp-content\/uploads\/2023\/01\/AllendeI-Hija-de-la-fortuna.pdf\" target=\"_blank\" rel=\"attachment noopener wp-att-5785\"><img loading=\"lazy\" decoding=\"async\" class=\"size-full wp-image-5785 alignleft\" src=\"https:\/\/tavapy.gov.py\/biblioteca\/wp-content\/uploads\/2023\/01\/icono-PDF-copia-2-1.png\" alt=\"\" width=\"121\" height=\"140\" \/><\/a><\/p>\n","protected":false},"featured_media":5688,"comment_status":"open","ping_status":"closed","template":"","meta":{"spay_email":""},"product_cat":[57],"product_tag":[],"class_list":{"0":"post-5844","1":"product","2":"type-product","3":"status-publish","4":"has-post-thumbnail","6":"book_author-isabel-allende","7":"product_cat-novela","8":"entry"},"_links":{"self":[{"href":"https:\/\/tavapy.gov.py\/biblioteca\/wp-json\/wp\/v2\/product\/5844","targetHints":{"allow":["GET"]}}],"collection":[{"href":"https:\/\/tavapy.gov.py\/biblioteca\/wp-json\/wp\/v2\/product"}],"about":[{"href":"https:\/\/tavapy.gov.py\/biblioteca\/wp-json\/wp\/v2\/types\/product"}],"replies":[{"embeddable":true,"href":"https:\/\/tavapy.gov.py\/biblioteca\/wp-json\/wp\/v2\/comments?post=5844"}],"wp:featuredmedia":[{"embeddable":true,"href":"https:\/\/tavapy.gov.py\/biblioteca\/wp-json\/wp\/v2\/media\/5688"}],"wp:attachment":[{"href":"https:\/\/tavapy.gov.py\/biblioteca\/wp-json\/wp\/v2\/media?parent=5844"}],"wp:term":[{"taxonomy":"product_cat","embeddable":true,"href":"https:\/\/tavapy.gov.py\/biblioteca\/wp-json\/wp\/v2\/product_cat?post=5844"},{"taxonomy":"product_tag","embeddable":true,"href":"https:\/\/tavapy.gov.py\/biblioteca\/wp-json\/wp\/v2\/product_tag?post=5844"}],"curies":[{"name":"wp","href":"https:\/\/api.w.org\/{rel}","templated":true}]}}