{"id":5845,"date":"2023-01-11T14:59:35","date_gmt":"2023-01-11T14:59:35","guid":{"rendered":"https:\/\/tavapy.gov.py\/biblioteca\/?post_type=product&#038;p=5845"},"modified":"2023-01-11T14:59:35","modified_gmt":"2023-01-11T14:59:35","slug":"tratado-de-la-santisima-trinidad","status":"publish","type":"product","link":"https:\/\/tavapy.gov.py\/biblioteca\/product\/tratado-de-la-santisima-trinidad\/","title":{"rendered":"TRATADO DE LA SANT\u00cdSIMA TRINIDAD."},"content":{"rendered":"","protected":false},"excerpt":{"rendered":"<p>Este tratado de \u201cLa Trinidad\u201d (escrito entre 400-416) en particular es tal vez tan sugerente como cualquier otro que Agust\u00edn, o cualquier otro te\u00f3logo, alguna vez compuso. La doctrina de La Trinidad es la m\u00e1s inmensa de todas las doctrinas de la religi\u00f3n.<\/p>\n<p>Es el Fundamento de la teolog\u00eda. El cristianismo, en \u00faltima instancia, es el trinitarismo, ya que si sacamos del Nuevo Testamento a las personas del Padre, del Hijo, y el Esp\u00edritu Santo, no queda Dios. Si sacamos del cristiano los pensamientos y afectos que se relacionan con el Padre, el Hijo, y el Esp\u00edritu Santo, no queda ninguna conciencia cristiana. La Trinidad es la idea constitutiva de la teolog\u00eda evang\u00e9lica, y la formativa de la experiencia evang\u00e9lica.<\/p>\n<p><a href=\"https:\/\/tavapy.gov.py\/biblioteca\/wp-content\/uploads\/2023\/01\/Agustin-Tratado-de-la-Santisima-Trinidad.pdf\" target=\"_blank\" rel=\"attachment noopener wp-att-5785\"><img loading=\"lazy\" decoding=\"async\" class=\"size-full wp-image-5785 alignleft\" src=\"https:\/\/tavapy.gov.py\/biblioteca\/wp-content\/uploads\/2023\/01\/icono-PDF-copia-2-1.png\" alt=\"\" width=\"121\" height=\"140\" \/><\/a><\/p>\n","protected":false},"featured_media":5686,"comment_status":"open","ping_status":"closed","template":"","meta":{"spay_email":""},"product_cat":[135],"product_tag":[],"class_list":{"0":"post-5845","1":"product","2":"type-product","3":"status-publish","4":"has-post-thumbnail","6":"book_author-agustin-de-hipona","7":"product_cat-teologia","8":"entry"},"_links":{"self":[{"href":"https:\/\/tavapy.gov.py\/biblioteca\/wp-json\/wp\/v2\/product\/5845","targetHints":{"allow":["GET"]}}],"collection":[{"href":"https:\/\/tavapy.gov.py\/biblioteca\/wp-json\/wp\/v2\/product"}],"about":[{"href":"https:\/\/tavapy.gov.py\/biblioteca\/wp-json\/wp\/v2\/types\/product"}],"replies":[{"embeddable":true,"href":"https:\/\/tavapy.gov.py\/biblioteca\/wp-json\/wp\/v2\/comments?post=5845"}],"wp:featuredmedia":[{"embeddable":true,"href":"https:\/\/tavapy.gov.py\/biblioteca\/wp-json\/wp\/v2\/media\/5686"}],"wp:attachment":[{"href":"https:\/\/tavapy.gov.py\/biblioteca\/wp-json\/wp\/v2\/media?parent=5845"}],"wp:term":[{"taxonomy":"product_cat","embeddable":true,"href":"https:\/\/tavapy.gov.py\/biblioteca\/wp-json\/wp\/v2\/product_cat?post=5845"},{"taxonomy":"product_tag","embeddable":true,"href":"https:\/\/tavapy.gov.py\/biblioteca\/wp-json\/wp\/v2\/product_tag?post=5845"}],"curies":[{"name":"wp","href":"https:\/\/api.w.org\/{rel}","templated":true}]}}