{"id":6108,"date":"2023-01-17T20:34:05","date_gmt":"2023-01-17T20:34:05","guid":{"rendered":"https:\/\/tavapy.gov.py\/biblioteca\/?post_type=product&#038;p=6108"},"modified":"2023-01-17T20:35:53","modified_gmt":"2023-01-17T20:35:53","slug":"la-respuesta","status":"publish","type":"product","link":"https:\/\/tavapy.gov.py\/biblioteca\/product\/la-respuesta\/","title":{"rendered":"LA RESPUESTA."},"content":{"rendered":"","protected":false},"excerpt":{"rendered":"<p>Toda pregunta es una invitaci\u00f3n a utilizar nuestra inteligencia para penetrar en la realidad de las cosas y descubrir la verdad que en ellas se encierra. Hay preguntas que no s\u00f3lo interpelan a nuestro intelecto, sino tambi\u00e9n a la totalidad de nuestro ser. Son estas preguntas las que nos hacen reflexionar con hondura sobre nuestra forma de estar y de vivir.<\/p>\n<p>Las personas somos perfectamente capaces para adaptarnos a la ambig\u00fcedad y a la incertidumbre. Para lo que no estamos preparados ninguno es para movernos en medio de esa ambig\u00fcedad y en medio de esa incertidumbre sin orientaci\u00f3n, referencias y valores.<\/p>\n<p>La respuesta es una propuesta sobre lo que de verdad puede dar a nuestra vida orientaci\u00f3n, autenticidad y sentido. S\u00f3lo cuando nos alineamos con nuestra verdadera naturaleza podemos florecer como personas y alcanzar nuestra plenitud.<\/p>\n<p>Ya no podemos seguir siendo personas que s\u00f3lo hacen y que apenas piensan. Si queremos avanzar, hemos de pensar, no sea que acabemos llegando donde nunca hubi\u00e9ramos querido estar. Pensar con rigor es pensar con alcance, con anchura y con profundidad, y este tipo de pensar tiene mucha relaci\u00f3n con el arte de preguntar.<\/p>\n<p>Todos tenemos una gran sabidur\u00eda innata que apenas utilizamos. Debatir sobre aquellos temas sobre los que se sustenta aquello que nos hace plenamente humanos es tambi\u00e9n adentrarnos en la comprensi\u00f3n y el descubrimiento de lo que nos hace felices.<\/p>\n<p>La verdadera repuesta a nuestras preguntas m\u00e1s profundas s\u00f3lo surge de ese espacio donde nuestro yo m\u00e1s \u00edntimo al abrazar al t\u00fa permite que nazca el nosotros. La verdadera sabidur\u00eda es ante todo una sabidur\u00eda compartida.<\/p>\n<p>El libro \u201cLa respuesta\u201d de Mario Alonso Puig fue publicado en el 2.012.<\/p>\n<p><a href=\"https:\/\/tavapy.gov.py\/biblioteca\/wp-content\/uploads\/2023\/01\/Alonso-PuigM-La-respuesta.pdf\" target=\"_blank\" rel=\"noopener\"><img loading=\"lazy\" decoding=\"async\" class=\"size-full wp-image-6109 alignleft\" src=\"https:\/\/tavapy.gov.py\/biblioteca\/wp-content\/uploads\/2023\/01\/icono-PDF-copia-2-2.png\" alt=\"\" width=\"121\" height=\"140\" \/><\/a><\/p>\n","protected":false},"featured_media":5848,"comment_status":"open","ping_status":"closed","template":"","meta":{"spay_email":""},"product_cat":[522],"product_tag":[],"class_list":{"0":"post-6108","1":"product","2":"type-product","3":"status-publish","4":"has-post-thumbnail","6":"book_author-mario-alonso-puig","7":"product_cat-autoayuda-espiritualidad","8":"entry"},"_links":{"self":[{"href":"https:\/\/tavapy.gov.py\/biblioteca\/wp-json\/wp\/v2\/product\/6108","targetHints":{"allow":["GET"]}}],"collection":[{"href":"https:\/\/tavapy.gov.py\/biblioteca\/wp-json\/wp\/v2\/product"}],"about":[{"href":"https:\/\/tavapy.gov.py\/biblioteca\/wp-json\/wp\/v2\/types\/product"}],"replies":[{"embeddable":true,"href":"https:\/\/tavapy.gov.py\/biblioteca\/wp-json\/wp\/v2\/comments?post=6108"}],"wp:featuredmedia":[{"embeddable":true,"href":"https:\/\/tavapy.gov.py\/biblioteca\/wp-json\/wp\/v2\/media\/5848"}],"wp:attachment":[{"href":"https:\/\/tavapy.gov.py\/biblioteca\/wp-json\/wp\/v2\/media?parent=6108"}],"wp:term":[{"taxonomy":"product_cat","embeddable":true,"href":"https:\/\/tavapy.gov.py\/biblioteca\/wp-json\/wp\/v2\/product_cat?post=6108"},{"taxonomy":"product_tag","embeddable":true,"href":"https:\/\/tavapy.gov.py\/biblioteca\/wp-json\/wp\/v2\/product_tag?post=6108"}],"curies":[{"name":"wp","href":"https:\/\/api.w.org\/{rel}","templated":true}]}}