{"id":6110,"date":"2023-01-17T20:43:13","date_gmt":"2023-01-17T20:43:13","guid":{"rendered":"https:\/\/tavapy.gov.py\/biblioteca\/?post_type=product&#038;p=6110"},"modified":"2023-01-17T20:43:13","modified_gmt":"2023-01-17T20:43:13","slug":"el-dominio-mundial-elementos-del-poder-y-claves-geopoliticas","status":"publish","type":"product","link":"https:\/\/tavapy.gov.py\/biblioteca\/product\/el-dominio-mundial-elementos-del-poder-y-claves-geopoliticas\/","title":{"rendered":"EL DOMINIO MUNDIAL: ELEMENTOS DEL PODER Y CLAVES GEOPOL\u00cdTICAS."},"content":{"rendered":"","protected":false},"excerpt":{"rendered":"<p>Si en su primer libro, As\u00ed se domina el mundo, Pedro Ba\u00f1os expon\u00eda c\u00f3mo, para qu\u00e9 y con cu\u00e1les estrategias los poderosos intentaban, en dura pugna entre ellos, controlar a pa\u00edses y personas, en esta nueva obra da un paso m\u00e1s hacia la plena democratizaci\u00f3n de la geoestrategia y detalla cu\u00e1les son los instrumentos que se emplean para lograr ese predominio planetario.<\/p>\n<p>La fuerza militar, la capacidad econ\u00f3mica, la diplomacia, los servicios de inteligencia, los recursos naturales, el conocimiento y la comunicaci\u00f3n estrat\u00e9gica, entre otros, se muestran como las herramientas que utilizan las grandes potencias para imponer su voluntad y control. En la balanza para medir el poder\u00edo de las naciones figuran tambi\u00e9n la demograf\u00eda y la tecnolog\u00eda, factores que cambiar\u00e1n el escenario internacional en los pr\u00f3ximos a\u00f1os. A partir de esta perspectiva se deja entrever la inquietante hip\u00f3tesis de un cambio en el paradigma geopol\u00edtico, premisa que termina por completar los tent\u00e1culos que conforman el poder.<\/p>\n<p>En esta obra escrita con claridad y precisi\u00f3n y publicada en el 2.018, Pedro Ba\u00f1os nos ofrece una sorprendente imagen de los elementos con los que se ejerce el dominio mundial, un enfoque no exento, como ya sucediera en el libro anterior, de rigor intelectual e hist\u00f3rico. Acompa\u00f1ado de numerosas ilustraciones para visualizar de manera sencilla referencias y datos, El dominio mundial complementa a As\u00ed se domina el mundo y vuelve a hacer las delicias de quienes deseen conocer c\u00f3mo funciona realmente el poder internacional y la forma en que esa realidad se nos oculta a los ciudadanos.<\/p>\n<p><a href=\"https:\/\/tavapy.gov.py\/biblioteca\/wp-content\/uploads\/2023\/01\/BanosP-El-dominio-mundial.pdf\" target=\"_blank\" rel=\"attachment noopener wp-att-6109\"><img loading=\"lazy\" decoding=\"async\" class=\"size-full wp-image-6109 alignleft\" src=\"https:\/\/tavapy.gov.py\/biblioteca\/wp-content\/uploads\/2023\/01\/icono-PDF-copia-2-2.png\" alt=\"\" width=\"121\" height=\"140\" \/><\/a><\/p>\n","protected":false},"featured_media":5850,"comment_status":"open","ping_status":"closed","template":"","meta":{"spay_email":""},"product_cat":[722],"product_tag":[],"class_list":{"0":"post-6110","1":"product","2":"type-product","3":"status-publish","4":"has-post-thumbnail","6":"book_author-pedro-banos","7":"product_cat-ciencias-politicas-geopolitica","8":"entry"},"_links":{"self":[{"href":"https:\/\/tavapy.gov.py\/biblioteca\/wp-json\/wp\/v2\/product\/6110","targetHints":{"allow":["GET"]}}],"collection":[{"href":"https:\/\/tavapy.gov.py\/biblioteca\/wp-json\/wp\/v2\/product"}],"about":[{"href":"https:\/\/tavapy.gov.py\/biblioteca\/wp-json\/wp\/v2\/types\/product"}],"replies":[{"embeddable":true,"href":"https:\/\/tavapy.gov.py\/biblioteca\/wp-json\/wp\/v2\/comments?post=6110"}],"wp:featuredmedia":[{"embeddable":true,"href":"https:\/\/tavapy.gov.py\/biblioteca\/wp-json\/wp\/v2\/media\/5850"}],"wp:attachment":[{"href":"https:\/\/tavapy.gov.py\/biblioteca\/wp-json\/wp\/v2\/media?parent=6110"}],"wp:term":[{"taxonomy":"product_cat","embeddable":true,"href":"https:\/\/tavapy.gov.py\/biblioteca\/wp-json\/wp\/v2\/product_cat?post=6110"},{"taxonomy":"product_tag","embeddable":true,"href":"https:\/\/tavapy.gov.py\/biblioteca\/wp-json\/wp\/v2\/product_tag?post=6110"}],"curies":[{"name":"wp","href":"https:\/\/api.w.org\/{rel}","templated":true}]}}