{"id":6114,"date":"2023-01-17T21:15:10","date_gmt":"2023-01-17T21:15:10","guid":{"rendered":"https:\/\/tavapy.gov.py\/biblioteca\/?post_type=product&#038;p=6114"},"modified":"2023-04-12T22:52:07","modified_gmt":"2023-04-12T22:52:07","slug":"gerente-por-primera-vez","status":"publish","type":"product","link":"https:\/\/tavapy.gov.py\/biblioteca\/product\/gerente-por-primera-vez\/","title":{"rendered":"GERENTE POR PRIMERA VEZ."},"content":{"rendered":"","protected":false},"excerpt":{"rendered":"<p>Este libro busca beneficiar a toda persona que est\u00e1 por iniciarse en la carrera gerencial, para que aprenda habilidades, destrezas y herramientas pr\u00e1cticas para liderar a otros con respeto y compromiso, creando equipos de trabajo eficaces.<\/p>\n<p>En esta edici\u00f3n de la obra publicada en 1.978 Gary S. Topchik coloc\u00f3 al d\u00eda algunos materiales destacando el inter\u00e9s de las personas en mejorar sus destrezas para convertirse en mejores l\u00edderes y la importancia que las empresas le han dado a la capacitaci\u00f3n y desarrollo de los gerentes, entendiendo que ellos son una pieza clave para unificar en un mismo prop\u00f3sito al talento humano para alcanzar el \u00e9xito empresarial.<\/p>\n<p>El libro est\u00e1 compuesto por 6 cap\u00edtulos con un contenido exquisito que se convierte en una gu\u00eda para el gerente, comenzando por el camino hacia forjar la confianza y el respeto del equipo, aprendiendo nuevas habilidades para manejar a todo tipo de empleado, motiv\u00e1ndolos a tener un alto desempe\u00f1o gracias a su capacidad de liderazgo.<\/p>\n<p><a href=\"https:\/\/tavapy.gov.py\/biblioteca\/wp-content\/uploads\/2023\/01\/BelkerL-Gerente-por-primera-vez.pdf\" target=\"_blank\" rel=\"attachment noopener wp-att-7418\"><img loading=\"lazy\" decoding=\"async\" class=\"size-full wp-image-7418 alignleft\" src=\"https:\/\/tavapy.gov.py\/biblioteca\/wp-content\/uploads\/2023\/03\/icono-PDF-copia-2.png\" alt=\"\" width=\"121\" height=\"140\" \/><\/a><\/p>\n","protected":false},"featured_media":5856,"comment_status":"open","ping_status":"closed","template":"","meta":{"spay_email":""},"product_cat":[285],"product_tag":[],"class_list":{"0":"post-6114","1":"product","2":"type-product","3":"status-publish","4":"has-post-thumbnail","6":"book_author-gary-s-topchik","7":"product_cat-administracion-recursos-humanos","8":"entry"},"_links":{"self":[{"href":"https:\/\/tavapy.gov.py\/biblioteca\/wp-json\/wp\/v2\/product\/6114","targetHints":{"allow":["GET"]}}],"collection":[{"href":"https:\/\/tavapy.gov.py\/biblioteca\/wp-json\/wp\/v2\/product"}],"about":[{"href":"https:\/\/tavapy.gov.py\/biblioteca\/wp-json\/wp\/v2\/types\/product"}],"replies":[{"embeddable":true,"href":"https:\/\/tavapy.gov.py\/biblioteca\/wp-json\/wp\/v2\/comments?post=6114"}],"wp:featuredmedia":[{"embeddable":true,"href":"https:\/\/tavapy.gov.py\/biblioteca\/wp-json\/wp\/v2\/media\/5856"}],"wp:attachment":[{"href":"https:\/\/tavapy.gov.py\/biblioteca\/wp-json\/wp\/v2\/media?parent=6114"}],"wp:term":[{"taxonomy":"product_cat","embeddable":true,"href":"https:\/\/tavapy.gov.py\/biblioteca\/wp-json\/wp\/v2\/product_cat?post=6114"},{"taxonomy":"product_tag","embeddable":true,"href":"https:\/\/tavapy.gov.py\/biblioteca\/wp-json\/wp\/v2\/product_tag?post=6114"}],"curies":[{"name":"wp","href":"https:\/\/api.w.org\/{rel}","templated":true}]}}