{"id":6118,"date":"2023-01-17T21:40:30","date_gmt":"2023-01-17T21:40:30","guid":{"rendered":"https:\/\/tavapy.gov.py\/biblioteca\/?post_type=product&#038;p=6118"},"modified":"2023-01-17T21:40:30","modified_gmt":"2023-01-17T21:40:30","slug":"gracias-por-el-fuego","status":"publish","type":"product","link":"https:\/\/tavapy.gov.py\/biblioteca\/product\/gracias-por-el-fuego\/","title":{"rendered":"GRACIAS POR EL FUEGO."},"content":{"rendered":"","protected":false},"excerpt":{"rendered":"<p>Gracias por el fuego es una novela publicada en 1.966 que supera los t\u00f3picos, para inundar de vida y aprendizaje la experiencia del buen lector.<\/p>\n<p>Ram\u00f3n Budi\u00f1o quiere matar a su padre, quien representa lo peor de un pa\u00eds, Uruguay, y de una clase social que ha huido de su propia responsabilidad por el miedo a ser censurada. El peso del caudillismo en la vida cotidiana despu\u00e9s de m\u00e1s de un siglo de independencia es para Ram\u00f3n se\u00f1al de que nada se ha renovado; de que todos siguen inmersos en una mentalidad pol\u00edtica y social que impide tanto el desarrollo colectivo como el personal.<\/p>\n<p>La frustraci\u00f3n por no poder matar a su padre a pesar de haber planeado concienzudamente su asesinato representa una fiel met\u00e1fora de la tela de ara\u00f1a en la que Ram\u00f3n lleva atrapado durante a\u00f1os.<\/p>\n<p><a href=\"https:\/\/tavapy.gov.py\/biblioteca\/wp-content\/uploads\/2023\/01\/BenedettiM-Gracias-por-el-fuego.pdf\" target=\"_blank\" rel=\"attachment noopener wp-att-6109\"><img loading=\"lazy\" decoding=\"async\" class=\"size-full wp-image-6109 alignleft\" src=\"https:\/\/tavapy.gov.py\/biblioteca\/wp-content\/uploads\/2023\/01\/icono-PDF-copia-2-2.png\" alt=\"\" width=\"121\" height=\"140\" \/><\/a><\/p>\n","protected":false},"featured_media":5860,"comment_status":"open","ping_status":"closed","template":"","meta":{"spay_email":""},"product_cat":[57],"product_tag":[],"class_list":{"0":"post-6118","1":"product","2":"type-product","3":"status-publish","4":"has-post-thumbnail","6":"book_author-mario-benedetti","7":"product_cat-novela","8":"entry"},"_links":{"self":[{"href":"https:\/\/tavapy.gov.py\/biblioteca\/wp-json\/wp\/v2\/product\/6118","targetHints":{"allow":["GET"]}}],"collection":[{"href":"https:\/\/tavapy.gov.py\/biblioteca\/wp-json\/wp\/v2\/product"}],"about":[{"href":"https:\/\/tavapy.gov.py\/biblioteca\/wp-json\/wp\/v2\/types\/product"}],"replies":[{"embeddable":true,"href":"https:\/\/tavapy.gov.py\/biblioteca\/wp-json\/wp\/v2\/comments?post=6118"}],"wp:featuredmedia":[{"embeddable":true,"href":"https:\/\/tavapy.gov.py\/biblioteca\/wp-json\/wp\/v2\/media\/5860"}],"wp:attachment":[{"href":"https:\/\/tavapy.gov.py\/biblioteca\/wp-json\/wp\/v2\/media?parent=6118"}],"wp:term":[{"taxonomy":"product_cat","embeddable":true,"href":"https:\/\/tavapy.gov.py\/biblioteca\/wp-json\/wp\/v2\/product_cat?post=6118"},{"taxonomy":"product_tag","embeddable":true,"href":"https:\/\/tavapy.gov.py\/biblioteca\/wp-json\/wp\/v2\/product_tag?post=6118"}],"curies":[{"name":"wp","href":"https:\/\/api.w.org\/{rel}","templated":true}]}}