{"id":6119,"date":"2023-01-17T21:44:28","date_gmt":"2023-01-17T21:44:28","guid":{"rendered":"https:\/\/tavapy.gov.py\/biblioteca\/?post_type=product&#038;p=6119"},"modified":"2023-01-17T21:44:28","modified_gmt":"2023-01-17T21:44:28","slug":"la-tregua","status":"publish","type":"product","link":"https:\/\/tavapy.gov.py\/biblioteca\/product\/la-tregua\/","title":{"rendered":"LA TREGUA."},"content":{"rendered":"","protected":false},"excerpt":{"rendered":"<p>Mart\u00edn Santom\u00e9, viudo con tres hijos, en las v\u00edsperas de su jubilaci\u00f3n comienza a registrar en un diario su vida gris y sin relieve. La vida cotidiana de la rutina en la oficina y la de un hogar desunido y crispado se ver\u00e1n alteradas cuando irrumpe en su rutina la joven Laura Avellaneda, su nueva empleada.<\/p>\n<p>Y este hombre, casi sin propon\u00e9rselo, decide abrir en su vida un par\u00e9ntesis luminoso. La soledad y la incomunicaci\u00f3n, el amor y la sexualidad, la felicidad, la muerte y los problemas pol\u00edticos son algunos de los temas que aparecen en La tregua, una novela que se ha traducido a decenas de idiomas y ha sido adaptada al cine, la televisi\u00f3n, el teatro y la radio, pero que sobre todo ha gozado de la excepcional acogida de los lectores de todo el mundo.<\/p>\n<p>Esta obra de Mario Benedetti fu publicada en 1.960.<\/p>\n<p><a href=\"https:\/\/tavapy.gov.py\/biblioteca\/wp-content\/uploads\/2023\/01\/BenedettiM-La-tregua.pdf\" target=\"_blank\" rel=\"attachment noopener wp-att-6109\"><img loading=\"lazy\" decoding=\"async\" class=\"size-full wp-image-6109 alignleft\" src=\"https:\/\/tavapy.gov.py\/biblioteca\/wp-content\/uploads\/2023\/01\/icono-PDF-copia-2-2.png\" alt=\"\" width=\"121\" height=\"140\" \/><\/a><\/p>\n","protected":false},"featured_media":5862,"comment_status":"open","ping_status":"closed","template":"","meta":{"spay_email":""},"product_cat":[57],"product_tag":[],"class_list":{"0":"post-6119","1":"product","2":"type-product","3":"status-publish","4":"has-post-thumbnail","6":"book_author-mario-benedetti","7":"product_cat-novela","8":"entry"},"_links":{"self":[{"href":"https:\/\/tavapy.gov.py\/biblioteca\/wp-json\/wp\/v2\/product\/6119","targetHints":{"allow":["GET"]}}],"collection":[{"href":"https:\/\/tavapy.gov.py\/biblioteca\/wp-json\/wp\/v2\/product"}],"about":[{"href":"https:\/\/tavapy.gov.py\/biblioteca\/wp-json\/wp\/v2\/types\/product"}],"replies":[{"embeddable":true,"href":"https:\/\/tavapy.gov.py\/biblioteca\/wp-json\/wp\/v2\/comments?post=6119"}],"wp:featuredmedia":[{"embeddable":true,"href":"https:\/\/tavapy.gov.py\/biblioteca\/wp-json\/wp\/v2\/media\/5862"}],"wp:attachment":[{"href":"https:\/\/tavapy.gov.py\/biblioteca\/wp-json\/wp\/v2\/media?parent=6119"}],"wp:term":[{"taxonomy":"product_cat","embeddable":true,"href":"https:\/\/tavapy.gov.py\/biblioteca\/wp-json\/wp\/v2\/product_cat?post=6119"},{"taxonomy":"product_tag","embeddable":true,"href":"https:\/\/tavapy.gov.py\/biblioteca\/wp-json\/wp\/v2\/product_tag?post=6119"}],"curies":[{"name":"wp","href":"https:\/\/api.w.org\/{rel}","templated":true}]}}