{"id":6121,"date":"2023-01-17T21:57:43","date_gmt":"2023-01-17T21:57:43","guid":{"rendered":"https:\/\/tavapy.gov.py\/biblioteca\/?post_type=product&#038;p=6121"},"modified":"2023-01-17T21:57:43","modified_gmt":"2023-01-17T21:57:43","slug":"igualdad-y-libertad","status":"publish","type":"product","link":"https:\/\/tavapy.gov.py\/biblioteca\/product\/igualdad-y-libertad\/","title":{"rendered":"IGUALDAD Y LIBERTAD."},"content":{"rendered":"","protected":false},"excerpt":{"rendered":"<p>Esta obra de Norberto Bobbio fue publicada en 1.993 y los trabajos incluidos en este volumen han sido escogidos por el mismo Bobbio como representativos de su quehacer intelectual, por cuanto en ellos la libertad y la igualdad son examinadas en su triple dimensi\u00f3n, inseparable, en el paradigma de la modernidad, de valores morales, pol\u00edticos y jur\u00eddicos.<\/p>\n<p><a href=\"https:\/\/tavapy.gov.py\/biblioteca\/wp-content\/uploads\/2023\/01\/BobbioN-Igualdad-y-libertad.pdf\" target=\"_blank\" rel=\"attachment noopener wp-att-6109\"><img loading=\"lazy\" decoding=\"async\" class=\"size-full wp-image-6109 alignleft\" src=\"https:\/\/tavapy.gov.py\/biblioteca\/wp-content\/uploads\/2023\/01\/icono-PDF-copia-2-2.png\" alt=\"\" width=\"121\" height=\"140\" \/><\/a><\/p>\n","protected":false},"featured_media":5866,"comment_status":"open","ping_status":"closed","template":"","meta":{"spay_email":""},"product_cat":[229],"product_tag":[],"class_list":{"0":"post-6121","1":"product","2":"type-product","3":"status-publish","4":"has-post-thumbnail","6":"book_author-norberto-bobbio","7":"product_cat-filosofia-politica","8":"entry"},"_links":{"self":[{"href":"https:\/\/tavapy.gov.py\/biblioteca\/wp-json\/wp\/v2\/product\/6121","targetHints":{"allow":["GET"]}}],"collection":[{"href":"https:\/\/tavapy.gov.py\/biblioteca\/wp-json\/wp\/v2\/product"}],"about":[{"href":"https:\/\/tavapy.gov.py\/biblioteca\/wp-json\/wp\/v2\/types\/product"}],"replies":[{"embeddable":true,"href":"https:\/\/tavapy.gov.py\/biblioteca\/wp-json\/wp\/v2\/comments?post=6121"}],"wp:featuredmedia":[{"embeddable":true,"href":"https:\/\/tavapy.gov.py\/biblioteca\/wp-json\/wp\/v2\/media\/5866"}],"wp:attachment":[{"href":"https:\/\/tavapy.gov.py\/biblioteca\/wp-json\/wp\/v2\/media?parent=6121"}],"wp:term":[{"taxonomy":"product_cat","embeddable":true,"href":"https:\/\/tavapy.gov.py\/biblioteca\/wp-json\/wp\/v2\/product_cat?post=6121"},{"taxonomy":"product_tag","embeddable":true,"href":"https:\/\/tavapy.gov.py\/biblioteca\/wp-json\/wp\/v2\/product_tag?post=6121"}],"curies":[{"name":"wp","href":"https:\/\/api.w.org\/{rel}","templated":true}]}}