{"id":6122,"date":"2023-01-17T22:05:46","date_gmt":"2023-01-17T22:05:46","guid":{"rendered":"https:\/\/tavapy.gov.py\/biblioteca\/?post_type=product&#038;p=6122"},"modified":"2023-01-17T22:05:46","modified_gmt":"2023-01-17T22:05:46","slug":"el-rostro-materno-de-dios","status":"publish","type":"product","link":"https:\/\/tavapy.gov.py\/biblioteca\/product\/el-rostro-materno-de-dios\/","title":{"rendered":"EL ROSTRO MATERNO DE DIOS."},"content":{"rendered":"","protected":false},"excerpt":{"rendered":"<p>En la Sagrada Escritura Dios se nos ha revelado con s\u00edmbolos masculinos y femeninos, padre-madre. Lo dijo el mism\u00edsimo Juan Pablo I, papa: \u201cDios es Padre, pero sobre todo, es Madre\u201d. No hay duda.<\/p>\n<p>Dios tambi\u00e9n es mam\u00e1. Esta obra publicada en 1.987 intenta refundir el tratado sobre Mar\u00eda a partir de las reflexiones acerca de lo femenino. Lo femenino constituye un horizonte suficientemente amplio para situar el misterio de Mar\u00eda, en la que vemos realizado lo femenino de forma absoluta, inclusive en su cuadro terminal en Dios.<\/p>\n<p>Es una tarea dif\u00edcil la expuesta, pero estas reflexiones tienen un car\u00e1cter n\u00edtido de ensayo, no se pretende forzar la posici\u00f3n que se somete siempre a los cr\u00edticos y de la propia Iglesia.<\/p>\n<p>Un apasionante camino para reconocer, descubrir y profundizar desde una reflexi\u00f3n seria y plena de desaf\u00edos de una fe adulta.<\/p>\n<p><a href=\"https:\/\/tavapy.gov.py\/biblioteca\/wp-content\/uploads\/2023\/01\/BoffL-El-Rostro-Materno-De-Dios.pdf\" target=\"_blank\" rel=\"attachment noopener wp-att-6109\"><img loading=\"lazy\" decoding=\"async\" class=\"size-full wp-image-6109 alignleft\" src=\"https:\/\/tavapy.gov.py\/biblioteca\/wp-content\/uploads\/2023\/01\/icono-PDF-copia-2-2.png\" alt=\"\" width=\"121\" height=\"140\" \/><\/a><\/p>\n","protected":false},"featured_media":5868,"comment_status":"open","ping_status":"closed","template":"","meta":{"spay_email":""},"product_cat":[726],"product_tag":[],"class_list":{"0":"post-6122","1":"product","2":"type-product","3":"status-publish","4":"has-post-thumbnail","6":"book_author-leonardo-boff","7":"product_cat-teologia-estudio-interdisciplinar","8":"entry"},"_links":{"self":[{"href":"https:\/\/tavapy.gov.py\/biblioteca\/wp-json\/wp\/v2\/product\/6122","targetHints":{"allow":["GET"]}}],"collection":[{"href":"https:\/\/tavapy.gov.py\/biblioteca\/wp-json\/wp\/v2\/product"}],"about":[{"href":"https:\/\/tavapy.gov.py\/biblioteca\/wp-json\/wp\/v2\/types\/product"}],"replies":[{"embeddable":true,"href":"https:\/\/tavapy.gov.py\/biblioteca\/wp-json\/wp\/v2\/comments?post=6122"}],"wp:featuredmedia":[{"embeddable":true,"href":"https:\/\/tavapy.gov.py\/biblioteca\/wp-json\/wp\/v2\/media\/5868"}],"wp:attachment":[{"href":"https:\/\/tavapy.gov.py\/biblioteca\/wp-json\/wp\/v2\/media?parent=6122"}],"wp:term":[{"taxonomy":"product_cat","embeddable":true,"href":"https:\/\/tavapy.gov.py\/biblioteca\/wp-json\/wp\/v2\/product_cat?post=6122"},{"taxonomy":"product_tag","embeddable":true,"href":"https:\/\/tavapy.gov.py\/biblioteca\/wp-json\/wp\/v2\/product_tag?post=6122"}],"curies":[{"name":"wp","href":"https:\/\/api.w.org\/{rel}","templated":true}]}}