{"id":6123,"date":"2023-01-17T22:12:43","date_gmt":"2023-01-17T22:12:43","guid":{"rendered":"https:\/\/tavapy.gov.py\/biblioteca\/?post_type=product&#038;p=6123"},"modified":"2023-01-17T22:12:43","modified_gmt":"2023-01-17T22:12:43","slug":"hablemos-de-la-otra-vida","status":"publish","type":"product","link":"https:\/\/tavapy.gov.py\/biblioteca\/product\/hablemos-de-la-otra-vida\/","title":{"rendered":"HABLEMOS DE LA OTRA VIDA."},"content":{"rendered":"","protected":false},"excerpt":{"rendered":"<p>El futuro para despu\u00e9s de esta vida, en que el cristiano cree, ha sido presentado demasiadas veces como algo aterrador y desconectado de la vida presente. Leonardo Boff en esta obra publicada en 1.978, evita lo uno y lo otro.<\/p>\n<p>Y sin quitar nada de la seriedad que tienen verdades como la muerte, el juicio, la purificaci\u00f3n, el infierno y el para\u00edso, sabe presentarlas con profundidad, con todo su mensaje para el aqu\u00ed y el ahora de la vida, y con un palpitante aliento de esperanza en el Dios que salva.<\/p>\n<p><a href=\"https:\/\/tavapy.gov.py\/biblioteca\/wp-content\/uploads\/2023\/01\/BoffL-Hablemos-de-la-otra-vida.pdf\" target=\"_blank\" rel=\"attachment noopener wp-att-6109\"><img loading=\"lazy\" decoding=\"async\" class=\"size-full wp-image-6109 alignleft\" src=\"https:\/\/tavapy.gov.py\/biblioteca\/wp-content\/uploads\/2023\/01\/icono-PDF-copia-2-2.png\" alt=\"\" width=\"121\" height=\"140\" \/><\/a><\/p>\n","protected":false},"featured_media":5872,"comment_status":"open","ping_status":"closed","template":"","meta":{"spay_email":""},"product_cat":[727],"product_tag":[],"class_list":{"0":"post-6123","1":"product","2":"type-product","3":"status-publish","4":"has-post-thumbnail","6":"book_author-leonardo-boff","7":"product_cat-teologia-escatologia","8":"entry"},"_links":{"self":[{"href":"https:\/\/tavapy.gov.py\/biblioteca\/wp-json\/wp\/v2\/product\/6123","targetHints":{"allow":["GET"]}}],"collection":[{"href":"https:\/\/tavapy.gov.py\/biblioteca\/wp-json\/wp\/v2\/product"}],"about":[{"href":"https:\/\/tavapy.gov.py\/biblioteca\/wp-json\/wp\/v2\/types\/product"}],"replies":[{"embeddable":true,"href":"https:\/\/tavapy.gov.py\/biblioteca\/wp-json\/wp\/v2\/comments?post=6123"}],"wp:featuredmedia":[{"embeddable":true,"href":"https:\/\/tavapy.gov.py\/biblioteca\/wp-json\/wp\/v2\/media\/5872"}],"wp:attachment":[{"href":"https:\/\/tavapy.gov.py\/biblioteca\/wp-json\/wp\/v2\/media?parent=6123"}],"wp:term":[{"taxonomy":"product_cat","embeddable":true,"href":"https:\/\/tavapy.gov.py\/biblioteca\/wp-json\/wp\/v2\/product_cat?post=6123"},{"taxonomy":"product_tag","embeddable":true,"href":"https:\/\/tavapy.gov.py\/biblioteca\/wp-json\/wp\/v2\/product_tag?post=6123"}],"curies":[{"name":"wp","href":"https:\/\/api.w.org\/{rel}","templated":true}]}}