{"id":6124,"date":"2023-01-17T22:19:54","date_gmt":"2023-01-17T22:19:54","guid":{"rendered":"https:\/\/tavapy.gov.py\/biblioteca\/?post_type=product&#038;p=6124"},"modified":"2023-01-17T22:19:54","modified_gmt":"2023-01-17T22:19:54","slug":"experimentar-a-dios-la-transparencia-de-todas-las-cosas","status":"publish","type":"product","link":"https:\/\/tavapy.gov.py\/biblioteca\/product\/experimentar-a-dios-la-transparencia-de-todas-las-cosas\/","title":{"rendered":"EXPERIMENTAR A DIOS: LA TRANSPARENCIA DE TODAS LAS COSAS."},"content":{"rendered":"","protected":false},"excerpt":{"rendered":"<p>Para encontrarnos con el Dios vivo y verdadero a quien poder entregar el coraz\u00f3n necesitamos negar a aquel Dios construido por el imaginario religioso y atrapado en las redes de la doctrina. Despu\u00e9s de habernos sumergido en Dios y haber sentido c\u00f3mo nace de dentro mismo de nuestro coraz\u00f3n, podremos libremente reasumir las im\u00e1genes y las doctrinas, las cuales, una vez desprendidas de su pretensi\u00f3n de definir a Dios, se transfiguran en met\u00e1foras con las que nos acercamos al Misterio para no resultar abrasados por \u00e9ste.<\/p>\n<p>Experimentar a Dios no es pensar sobre Dios, sino sentir a Dios con todo nuestro ser. Experimentar a Dios no es tampoco hablar de Dios a los dem\u00e1s, sino hablar a Dios junto con los dem\u00e1s. Aun sin un nombre adecuado, Dios arde en nuestro coraz\u00f3n e ilumina nuestra vida. Entonces no necesitamos ya creer en Dios. Simplemente, sabemos de su existencia porque lo experimentamos.<\/p>\n<p>La obra \u201cExperimentar a Dios\u201d fue publicada en el 2.003.<\/p>\n<p><a href=\"https:\/\/tavapy.gov.py\/biblioteca\/wp-content\/uploads\/2023\/01\/BoffLExperimentar-a-Dios.pdf\" target=\"_blank\" rel=\"attachment noopener wp-att-6109\"><img loading=\"lazy\" decoding=\"async\" class=\"size-full wp-image-6109 alignleft\" src=\"https:\/\/tavapy.gov.py\/biblioteca\/wp-content\/uploads\/2023\/01\/icono-PDF-copia-2-2.png\" alt=\"\" width=\"121\" height=\"140\" \/><\/a><\/p>\n","protected":false},"featured_media":5870,"comment_status":"open","ping_status":"closed","template":"","meta":{"spay_email":""},"product_cat":[728],"product_tag":[],"class_list":{"0":"post-6124","1":"product","2":"type-product","3":"status-publish","4":"has-post-thumbnail","6":"book_author-leonardo-boff","7":"product_cat-religion-teologia","8":"entry"},"_links":{"self":[{"href":"https:\/\/tavapy.gov.py\/biblioteca\/wp-json\/wp\/v2\/product\/6124","targetHints":{"allow":["GET"]}}],"collection":[{"href":"https:\/\/tavapy.gov.py\/biblioteca\/wp-json\/wp\/v2\/product"}],"about":[{"href":"https:\/\/tavapy.gov.py\/biblioteca\/wp-json\/wp\/v2\/types\/product"}],"replies":[{"embeddable":true,"href":"https:\/\/tavapy.gov.py\/biblioteca\/wp-json\/wp\/v2\/comments?post=6124"}],"wp:featuredmedia":[{"embeddable":true,"href":"https:\/\/tavapy.gov.py\/biblioteca\/wp-json\/wp\/v2\/media\/5870"}],"wp:attachment":[{"href":"https:\/\/tavapy.gov.py\/biblioteca\/wp-json\/wp\/v2\/media?parent=6124"}],"wp:term":[{"taxonomy":"product_cat","embeddable":true,"href":"https:\/\/tavapy.gov.py\/biblioteca\/wp-json\/wp\/v2\/product_cat?post=6124"},{"taxonomy":"product_tag","embeddable":true,"href":"https:\/\/tavapy.gov.py\/biblioteca\/wp-json\/wp\/v2\/product_tag?post=6124"}],"curies":[{"name":"wp","href":"https:\/\/api.w.org\/{rel}","templated":true}]}}