{"id":6125,"date":"2023-01-17T22:23:32","date_gmt":"2023-01-17T22:23:32","guid":{"rendered":"https:\/\/tavapy.gov.py\/biblioteca\/?post_type=product&#038;p=6125"},"modified":"2023-01-17T22:25:16","modified_gmt":"2023-01-17T22:25:16","slug":"la-trinidad-la-sociedad-y-la-liberacion","status":"publish","type":"product","link":"https:\/\/tavapy.gov.py\/biblioteca\/product\/la-trinidad-la-sociedad-y-la-liberacion\/","title":{"rendered":"LA TRINIDAD, LA SOCIEDAD Y LA LIBERACI\u00d3N."},"content":{"rendered":"","protected":false},"excerpt":{"rendered":"<p>Simplificar la trama enmara\u00f1ada de controversias y herej\u00edas hist\u00f3ricas, destacar las interpretaciones que resulten m\u00e1s significativas en el contexto de dominaci\u00f3n de los pa\u00edses pobres, mantener la conciencia de la limitaci\u00f3n de nuestro lenguaje humano en la exposici\u00f3n del misterio radical absoluto y. consiguientemente, respetar siempre lo inefable de Dios, en donde cabe m\u00e1s el silencio y la alabanza que la palabra y la raz\u00f3n, son las preocupaciones b\u00e1sicas del autor de esta obra al abordar uno de los dogmas esenciales de la Iglesia Cat\u00f3lica: la Sant\u00edsima Trinidad.<\/p>\n<p>La comuni\u00f3n fecunda entre los divinos tres, sin antes ni despu\u00e9s, sin encima ni abajo, su pasi\u00f3n rec\u00edproca sin imposici\u00f3n ni subordinaci\u00f3n, es fuente de inspiraci\u00f3n y modelo de una sociedad humana asentada en la colaboraci\u00f3n de todos, en plan de igualdad, a partir de las diferencias de cada uno, engendrando una formaci\u00f3n social fraterna, abierta, justa e igualitaria. Un trabajo erudito, claro, devoto y sumamente fecundo.<\/p>\n<p>La obra \u201cTrinidad, Sociedad y Liberaci\u00f3n\u201d fue publicada en 1.987.<\/p>\n<p><a href=\"https:\/\/tavapy.gov.py\/biblioteca\/wp-content\/uploads\/2023\/01\/BoffL-La-trinidad-la-sociedad-y-la-liberacion.pdf\" target=\"_blank\" rel=\"attachment noopener wp-att-6109\"><img loading=\"lazy\" decoding=\"async\" class=\"size-full wp-image-6109 alignleft\" src=\"https:\/\/tavapy.gov.py\/biblioteca\/wp-content\/uploads\/2023\/01\/icono-PDF-copia-2-2.png\" alt=\"\" width=\"121\" height=\"140\" \/><\/a><\/p>\n","protected":false},"featured_media":5874,"comment_status":"open","ping_status":"closed","template":"","meta":{"spay_email":""},"product_cat":[729],"product_tag":[],"class_list":{"0":"post-6125","1":"product","2":"type-product","3":"status-publish","4":"has-post-thumbnail","6":"book_author-leonardo-boff","7":"product_cat-teologia-trinidad","8":"entry"},"_links":{"self":[{"href":"https:\/\/tavapy.gov.py\/biblioteca\/wp-json\/wp\/v2\/product\/6125","targetHints":{"allow":["GET"]}}],"collection":[{"href":"https:\/\/tavapy.gov.py\/biblioteca\/wp-json\/wp\/v2\/product"}],"about":[{"href":"https:\/\/tavapy.gov.py\/biblioteca\/wp-json\/wp\/v2\/types\/product"}],"replies":[{"embeddable":true,"href":"https:\/\/tavapy.gov.py\/biblioteca\/wp-json\/wp\/v2\/comments?post=6125"}],"wp:featuredmedia":[{"embeddable":true,"href":"https:\/\/tavapy.gov.py\/biblioteca\/wp-json\/wp\/v2\/media\/5874"}],"wp:attachment":[{"href":"https:\/\/tavapy.gov.py\/biblioteca\/wp-json\/wp\/v2\/media?parent=6125"}],"wp:term":[{"taxonomy":"product_cat","embeddable":true,"href":"https:\/\/tavapy.gov.py\/biblioteca\/wp-json\/wp\/v2\/product_cat?post=6125"},{"taxonomy":"product_tag","embeddable":true,"href":"https:\/\/tavapy.gov.py\/biblioteca\/wp-json\/wp\/v2\/product_tag?post=6125"}],"curies":[{"name":"wp","href":"https:\/\/api.w.org\/{rel}","templated":true}]}}