{"id":6126,"date":"2023-01-17T22:32:12","date_gmt":"2023-01-17T22:32:12","guid":{"rendered":"https:\/\/tavapy.gov.py\/biblioteca\/?post_type=product&#038;p=6126"},"modified":"2023-01-17T22:32:13","modified_gmt":"2023-01-17T22:32:13","slug":"la-dignidad-de-la-tierra-ecologia-mundializacion-espiritualidad","status":"publish","type":"product","link":"https:\/\/tavapy.gov.py\/biblioteca\/product\/la-dignidad-de-la-tierra-ecologia-mundializacion-espiritualidad\/","title":{"rendered":"LA DIGNIDAD DE LA TIERRA. ECOLOG\u00cdA, MUNDIALIZACI\u00d3N, ESPIRITUALIDAD."},"content":{"rendered":"","protected":false},"excerpt":{"rendered":"<p>\u00abVivimos tiempos cr\u00edticos y por eso creativos. En los \u00faltimos cincuenta a\u00f1os ha cambiado la cartograf\u00eda pol\u00edtica e ideol\u00f3gica del mundo. Cayeron estructuras y con ellas muchos esquemas mentales. Quedaron los sue\u00f1os. Como pertenecen a la sustancia del ser humano, siempre quedan. Permiten nuevas visiones y proporcionan el entusiasmo necesario para el pensamiento y la creatividad. Junto a los sue\u00f1os convive tambi\u00e9n mucho sufrimiento. Muchos perdieron la estrella-gu\u00eda. Otros fueron destruidos por dentro, incapaces de entender la ruina de tantas visiones generosas. Viven solo porque no mueren. Pero dentro ya les cortaron las fuentes de la esperanza. El sufrimiento, m\u00e1s que la admiraci\u00f3n, hace pensar. Los textos que aqu\u00ed reunimos nacieron en los \u00faltimos a\u00f1os, bajo el impacto de las convulsiones hist\u00f3ricas que se dieron y sufrieron y que afectaron biogr\u00e1ficamente tambi\u00e9n al autor. \u00c9l cambi\u00f3 de camino, no de rumbo. Salt\u00f3 a otra trinchera, pero no abandon\u00f3 la lucha. Estas reflexiones son fruto de la crisis, que siempre posee una funci\u00f3n de crisol. Como un crisol, ella libera el oro de la ganga. Lo esencial sale a la vista. Con ello podemos construir. O se hace simiente de un nuevo camino. Por eso, los textos vienen cargados de esperanza. Todav\u00eda hay provisiones para el viaje. El agua de la cantimplora alcanza todav\u00eda para un buen trecho del camino. Podemos seguir adelante. El fuego interior arde e indica la direcci\u00f3n cierta. Entonces ya no necesitamos m\u00e1s la voz. Sabemos cantar tambi\u00e9n en silencio. Es la m\u00edstica\u00bb.<\/p>\n<p><a href=\"https:\/\/tavapy.gov.py\/biblioteca\/wp-content\/uploads\/2023\/01\/BoffL-La-dignidad-de-la-tierra.pdf\" target=\"_blank\" rel=\"attachment noopener wp-att-6109\"><img loading=\"lazy\" decoding=\"async\" class=\"size-full wp-image-6109 alignleft\" src=\"https:\/\/tavapy.gov.py\/biblioteca\/wp-content\/uploads\/2023\/01\/icono-PDF-copia-2-2.png\" alt=\"\" width=\"121\" height=\"140\" \/><\/a><\/p>\n","protected":false},"featured_media":5876,"comment_status":"open","ping_status":"closed","template":"","meta":{"spay_email":""},"product_cat":[730],"product_tag":[],"class_list":{"0":"post-6126","1":"product","2":"type-product","3":"status-publish","4":"has-post-thumbnail","6":"book_author-leonardo-boff","7":"product_cat-ecologia-teologia-espiritualidad","8":"entry"},"_links":{"self":[{"href":"https:\/\/tavapy.gov.py\/biblioteca\/wp-json\/wp\/v2\/product\/6126","targetHints":{"allow":["GET"]}}],"collection":[{"href":"https:\/\/tavapy.gov.py\/biblioteca\/wp-json\/wp\/v2\/product"}],"about":[{"href":"https:\/\/tavapy.gov.py\/biblioteca\/wp-json\/wp\/v2\/types\/product"}],"replies":[{"embeddable":true,"href":"https:\/\/tavapy.gov.py\/biblioteca\/wp-json\/wp\/v2\/comments?post=6126"}],"wp:featuredmedia":[{"embeddable":true,"href":"https:\/\/tavapy.gov.py\/biblioteca\/wp-json\/wp\/v2\/media\/5876"}],"wp:attachment":[{"href":"https:\/\/tavapy.gov.py\/biblioteca\/wp-json\/wp\/v2\/media?parent=6126"}],"wp:term":[{"taxonomy":"product_cat","embeddable":true,"href":"https:\/\/tavapy.gov.py\/biblioteca\/wp-json\/wp\/v2\/product_cat?post=6126"},{"taxonomy":"product_tag","embeddable":true,"href":"https:\/\/tavapy.gov.py\/biblioteca\/wp-json\/wp\/v2\/product_tag?post=6126"}],"curies":[{"name":"wp","href":"https:\/\/api.w.org\/{rel}","templated":true}]}}