{"id":6127,"date":"2023-01-17T22:37:03","date_gmt":"2023-01-17T22:37:03","guid":{"rendered":"https:\/\/tavapy.gov.py\/biblioteca\/?post_type=product&#038;p=6127"},"modified":"2023-01-17T22:37:03","modified_gmt":"2023-01-17T22:37:03","slug":"materialismo-y-ciencia","status":"publish","type":"product","link":"https:\/\/tavapy.gov.py\/biblioteca\/product\/materialismo-y-ciencia\/","title":{"rendered":"MATERIALISMO Y CIENCIA."},"content":{"rendered":"","protected":false},"excerpt":{"rendered":"<p>El materialismo \u2014escribe el autor\u2014 es la fuerza filos\u00f3fica que ha impelido algunas revoluciones cient\u00edficas tales como la f\u00edsica at\u00f3mica y nuclear, la biolog\u00eda evolucionista, la teor\u00eda qu\u00edmica de la herencia, el estudio cient\u00edfico del origen de la vida, la fisiolog\u00eda de la mente y los avances m\u00e1s recientes de la paleoantropolog\u00eda y la historiograf\u00eda. Lejos de alejarse del materialismo, la ciencia se est\u00e1 tornando cada vez m\u00e1s materialista en forma expl\u00edcita.<\/p>\n<p>Lo est\u00e1 haciendo no s\u00f3lo evitando el comercio con objetos inmateriales (fuerzas vitales, fantasmas, pensamientos desencarnados, fuerzas hist\u00f3ricas supramateriales, etc.), sino tambi\u00e9n, y de hecho especialmente, estudiando entes materiales\u00bb.<\/p>\n<p>Este libro \u201cMaterialismo y Ciencia\u201d fue publicado en 1.981.<\/p>\n<p><a href=\"https:\/\/tavapy.gov.py\/biblioteca\/wp-content\/uploads\/2023\/01\/BungeM-Materialismo-y-Ciencia.pdf\" target=\"_blank\" rel=\"attachment noopener wp-att-6109\"><img loading=\"lazy\" decoding=\"async\" class=\"size-full wp-image-6109 alignleft\" src=\"https:\/\/tavapy.gov.py\/biblioteca\/wp-content\/uploads\/2023\/01\/icono-PDF-copia-2-2.png\" alt=\"\" width=\"121\" height=\"140\" \/><\/a><\/p>\n","protected":false},"featured_media":5878,"comment_status":"open","ping_status":"closed","template":"","meta":{"spay_email":""},"product_cat":[470],"product_tag":[],"class_list":{"0":"post-6127","1":"product","2":"type-product","3":"status-publish","4":"has-post-thumbnail","6":"book_author-mario-bunge","7":"product_cat-filosofia-de-la-ciencia","8":"entry"},"_links":{"self":[{"href":"https:\/\/tavapy.gov.py\/biblioteca\/wp-json\/wp\/v2\/product\/6127","targetHints":{"allow":["GET"]}}],"collection":[{"href":"https:\/\/tavapy.gov.py\/biblioteca\/wp-json\/wp\/v2\/product"}],"about":[{"href":"https:\/\/tavapy.gov.py\/biblioteca\/wp-json\/wp\/v2\/types\/product"}],"replies":[{"embeddable":true,"href":"https:\/\/tavapy.gov.py\/biblioteca\/wp-json\/wp\/v2\/comments?post=6127"}],"wp:featuredmedia":[{"embeddable":true,"href":"https:\/\/tavapy.gov.py\/biblioteca\/wp-json\/wp\/v2\/media\/5878"}],"wp:attachment":[{"href":"https:\/\/tavapy.gov.py\/biblioteca\/wp-json\/wp\/v2\/media?parent=6127"}],"wp:term":[{"taxonomy":"product_cat","embeddable":true,"href":"https:\/\/tavapy.gov.py\/biblioteca\/wp-json\/wp\/v2\/product_cat?post=6127"},{"taxonomy":"product_tag","embeddable":true,"href":"https:\/\/tavapy.gov.py\/biblioteca\/wp-json\/wp\/v2\/product_tag?post=6127"}],"curies":[{"name":"wp","href":"https:\/\/api.w.org\/{rel}","templated":true}]}}