{"id":6130,"date":"2023-01-17T23:00:24","date_gmt":"2023-01-17T23:00:24","guid":{"rendered":"https:\/\/tavapy.gov.py\/biblioteca\/?post_type=product&#038;p=6130"},"modified":"2023-01-17T23:00:24","modified_gmt":"2023-01-17T23:00:24","slug":"de-que-tienes-hambre","status":"publish","type":"product","link":"https:\/\/tavapy.gov.py\/biblioteca\/product\/de-que-tienes-hambre\/","title":{"rendered":"\u00bfDE QU\u00c9 TIENES HAMBRE?"},"content":{"rendered":"","protected":false},"excerpt":{"rendered":"<p>Deepak Chopra es uno de los autores m\u00e1s reconocidos en todo el mundo en el \u00e1mbito del desarrollo personal. Cuenta con varios bestsellers mundiales entre sus obras.<\/p>\n<p>\u00bfDe qu\u00e9 tienes hambre?\u00a0 es un libro s\u00f3lido y claro con un programa asumible para acabar de una vez por todas con las dietas y lograr un estado de fluidez y serenidad permanente. El deseo de comer compulsivamente, el poco cuidado del cuerpo, los kilos de m\u00e1s, a menudo son el s\u00edntoma de que algo m\u00e1s profundo no funciona.<\/p>\n<p>Deepak Chopra, el l\u00edder espiritual que lleva treinta a\u00f1os expandiendo la conciencia del mundo, llega con este libro publicado en el 2.013 con un enfoque revolucionario para adelgazar sin esfuerzo. La soluci\u00f3n para perder peso no radica en la dieta. De hecho, la propuesta de Deepak Chopra requiere que nos comprometamos a no contar calor\u00edas a lo largo de treinta d\u00edas. A no emitir juicios negativos sobre nuestro aspecto. A prestar atenci\u00f3n a las se\u00f1ales que nos env\u00eda el cuerpo.<\/p>\n<p>Porque lo que nos lleva a comer no es hambre propiamente dicha, sino un vac\u00edo emocional, que no hace sino aumentar cuando nos ponemos a dieta. La respuesta al sobrepeso est\u00e1 en la conciencia. \u00bfQu\u00e9 te provoca el hambre, en realidad?<\/p>\n<p>A partir de esta pregunta, el reconocido m\u00e9dico y maestro espiritual despliega pautas de acci\u00f3n que tienen por objeto cambiar los mensajes negativos, que refuerzan los malos h\u00e1bitos, por otros positivos y constructivos. Un enfoque hol\u00edstico, basado en los \u00faltimos descubrimientos de la medicina tradicional y alternativa, para recuperar el peso ideal, que es el estado natural del ser humano.<\/p>\n<p><a href=\"https:\/\/tavapy.gov.py\/biblioteca\/wp-content\/uploads\/2023\/01\/ChopraD-De-que-tienes-Hambre.pdf\" target=\"_blank\" rel=\"attachment noopener wp-att-6109\"><img loading=\"lazy\" decoding=\"async\" class=\"size-full wp-image-6109 alignleft\" src=\"https:\/\/tavapy.gov.py\/biblioteca\/wp-content\/uploads\/2023\/01\/icono-PDF-copia-2-2.png\" alt=\"\" width=\"121\" height=\"140\" \/><\/a><\/p>\n","protected":false},"featured_media":5884,"comment_status":"open","ping_status":"closed","template":"","meta":{"spay_email":""},"product_cat":[522],"product_tag":[],"class_list":{"0":"post-6130","1":"product","2":"type-product","3":"status-publish","4":"has-post-thumbnail","6":"book_author-deepak-chopra","7":"product_cat-autoayuda-espiritualidad","8":"entry"},"_links":{"self":[{"href":"https:\/\/tavapy.gov.py\/biblioteca\/wp-json\/wp\/v2\/product\/6130","targetHints":{"allow":["GET"]}}],"collection":[{"href":"https:\/\/tavapy.gov.py\/biblioteca\/wp-json\/wp\/v2\/product"}],"about":[{"href":"https:\/\/tavapy.gov.py\/biblioteca\/wp-json\/wp\/v2\/types\/product"}],"replies":[{"embeddable":true,"href":"https:\/\/tavapy.gov.py\/biblioteca\/wp-json\/wp\/v2\/comments?post=6130"}],"wp:featuredmedia":[{"embeddable":true,"href":"https:\/\/tavapy.gov.py\/biblioteca\/wp-json\/wp\/v2\/media\/5884"}],"wp:attachment":[{"href":"https:\/\/tavapy.gov.py\/biblioteca\/wp-json\/wp\/v2\/media?parent=6130"}],"wp:term":[{"taxonomy":"product_cat","embeddable":true,"href":"https:\/\/tavapy.gov.py\/biblioteca\/wp-json\/wp\/v2\/product_cat?post=6130"},{"taxonomy":"product_tag","embeddable":true,"href":"https:\/\/tavapy.gov.py\/biblioteca\/wp-json\/wp\/v2\/product_tag?post=6130"}],"curies":[{"name":"wp","href":"https:\/\/api.w.org\/{rel}","templated":true}]}}