{"id":6132,"date":"2023-01-18T00:48:40","date_gmt":"2023-01-18T00:48:40","guid":{"rendered":"https:\/\/tavapy.gov.py\/biblioteca\/?post_type=product&#038;p=6132"},"modified":"2023-01-18T00:48:41","modified_gmt":"2023-01-18T00:48:41","slug":"el-cid","status":"publish","type":"product","link":"https:\/\/tavapy.gov.py\/biblioteca\/product\/el-cid\/","title":{"rendered":"EL CID."},"content":{"rendered":"","protected":false},"excerpt":{"rendered":"<p>Lejos del encubrimiento a que fuera alzado por la tradici\u00f3n m\u00e1s rancia, Jos\u00e9 Luis Corral nos muestra al hombre de carne y hueso que hay detr\u00e1s de uno de los mitos m\u00e1s universales de nuestra cultura y, sin duda, el mayor de todos los h\u00e9roes guerreros de la historia de Espa\u00f1a: Rodrigo D\u00edaz de Vivar, el Cid.<\/p>\n<p>A su lado, el lector vivir\u00e1 aventuras inolvidables, pero tambi\u00e9n compartir\u00e1 las dudas, anhelos y pensamientos de un hombre irrepetible.<\/p>\n<p>La obra \u201cEl Cid\u201d fue publicado en el 2.000.<\/p>\n<p><a href=\"https:\/\/tavapy.gov.py\/biblioteca\/wp-content\/uploads\/2023\/01\/CorralJ-El-Cid.pdf\" target=\"_blank\" rel=\"attachment noopener wp-att-6109\"><img loading=\"lazy\" decoding=\"async\" class=\"size-full wp-image-6109 alignleft\" src=\"https:\/\/tavapy.gov.py\/biblioteca\/wp-content\/uploads\/2023\/01\/icono-PDF-copia-2-2.png\" alt=\"\" width=\"121\" height=\"140\" \/><\/a><\/p>\n","protected":false},"featured_media":5888,"comment_status":"open","ping_status":"closed","template":"","meta":{"spay_email":""},"product_cat":[296],"product_tag":[],"class_list":{"0":"post-6132","1":"product","2":"type-product","3":"status-publish","4":"has-post-thumbnail","6":"book_author-jose-luis-corral","7":"product_cat-novela-historica","8":"entry"},"_links":{"self":[{"href":"https:\/\/tavapy.gov.py\/biblioteca\/wp-json\/wp\/v2\/product\/6132","targetHints":{"allow":["GET"]}}],"collection":[{"href":"https:\/\/tavapy.gov.py\/biblioteca\/wp-json\/wp\/v2\/product"}],"about":[{"href":"https:\/\/tavapy.gov.py\/biblioteca\/wp-json\/wp\/v2\/types\/product"}],"replies":[{"embeddable":true,"href":"https:\/\/tavapy.gov.py\/biblioteca\/wp-json\/wp\/v2\/comments?post=6132"}],"wp:featuredmedia":[{"embeddable":true,"href":"https:\/\/tavapy.gov.py\/biblioteca\/wp-json\/wp\/v2\/media\/5888"}],"wp:attachment":[{"href":"https:\/\/tavapy.gov.py\/biblioteca\/wp-json\/wp\/v2\/media?parent=6132"}],"wp:term":[{"taxonomy":"product_cat","embeddable":true,"href":"https:\/\/tavapy.gov.py\/biblioteca\/wp-json\/wp\/v2\/product_cat?post=6132"},{"taxonomy":"product_tag","embeddable":true,"href":"https:\/\/tavapy.gov.py\/biblioteca\/wp-json\/wp\/v2\/product_tag?post=6132"}],"curies":[{"name":"wp","href":"https:\/\/api.w.org\/{rel}","templated":true}]}}