{"id":6133,"date":"2023-01-18T00:53:22","date_gmt":"2023-01-18T00:53:22","guid":{"rendered":"https:\/\/tavapy.gov.py\/biblioteca\/?post_type=product&#038;p=6133"},"modified":"2023-01-18T00:53:22","modified_gmt":"2023-01-18T00:53:22","slug":"el-trono-maldito","status":"publish","type":"product","link":"https:\/\/tavapy.gov.py\/biblioteca\/product\/el-trono-maldito\/","title":{"rendered":"EL TRONO MALDITO."},"content":{"rendered":"","protected":false},"excerpt":{"rendered":"<p>Un trono, un imperio, un Mes\u00edas. La gran novela de los tiempos de Jesucristo. A\u00f1o 4 a. C. Cuando muere el cruel tirano Herodes el Grande, el trono de Israel queda vacante. Dos de sus hijos se lo disputan, pero en la pelea interviene una tercera persona con misteriosos planes y manejos. La lucha por el poder desencadena una truculenta historia de pasiones, sexo, perfidia, violencia y traici\u00f3n para ganarse el favor del emperador Augusto, quien tiene la \u00faltima palabra.<\/p>\n<p>En medio de esa vor\u00e1gine aparece Jes\u00fas de Nazaret, un predicador que revoluciona al pueblo jud\u00edo con sus sermones, en los que cuestiona los planes del emperador romano y de la casta sacerdotal jud\u00eda. Acabar con ese rebelde que solivianta al pueblo se convierte en el objetivo de los romanos y de los sacerdotes jud\u00edos. El desenlace de esta trama supondr\u00e1 un cambio trascendental en la historia del mundo.<\/p>\n<p>La obra \u201cEl trono maldito\u201d fue publicado en el 2.014.<\/p>\n<p><a href=\"https:\/\/tavapy.gov.py\/biblioteca\/wp-content\/uploads\/2023\/01\/CorralJ-El-trono-maldito.pdf\" target=\"_blank\" rel=\"attachment noopener wp-att-6109\"><img loading=\"lazy\" decoding=\"async\" class=\"size-full wp-image-6109 alignleft\" src=\"https:\/\/tavapy.gov.py\/biblioteca\/wp-content\/uploads\/2023\/01\/icono-PDF-copia-2-2.png\" alt=\"\" width=\"121\" height=\"140\" \/><\/a><\/p>\n","protected":false},"featured_media":5890,"comment_status":"open","ping_status":"closed","template":"","meta":{"spay_email":""},"product_cat":[296],"product_tag":[],"class_list":{"0":"post-6133","1":"product","2":"type-product","3":"status-publish","4":"has-post-thumbnail","6":"book_author-jose-luis-corral","7":"product_cat-novela-historica","8":"entry"},"_links":{"self":[{"href":"https:\/\/tavapy.gov.py\/biblioteca\/wp-json\/wp\/v2\/product\/6133","targetHints":{"allow":["GET"]}}],"collection":[{"href":"https:\/\/tavapy.gov.py\/biblioteca\/wp-json\/wp\/v2\/product"}],"about":[{"href":"https:\/\/tavapy.gov.py\/biblioteca\/wp-json\/wp\/v2\/types\/product"}],"replies":[{"embeddable":true,"href":"https:\/\/tavapy.gov.py\/biblioteca\/wp-json\/wp\/v2\/comments?post=6133"}],"wp:featuredmedia":[{"embeddable":true,"href":"https:\/\/tavapy.gov.py\/biblioteca\/wp-json\/wp\/v2\/media\/5890"}],"wp:attachment":[{"href":"https:\/\/tavapy.gov.py\/biblioteca\/wp-json\/wp\/v2\/media?parent=6133"}],"wp:term":[{"taxonomy":"product_cat","embeddable":true,"href":"https:\/\/tavapy.gov.py\/biblioteca\/wp-json\/wp\/v2\/product_cat?post=6133"},{"taxonomy":"product_tag","embeddable":true,"href":"https:\/\/tavapy.gov.py\/biblioteca\/wp-json\/wp\/v2\/product_tag?post=6133"}],"curies":[{"name":"wp","href":"https:\/\/api.w.org\/{rel}","templated":true}]}}