{"id":6134,"date":"2023-01-18T01:08:59","date_gmt":"2023-01-18T01:08:59","guid":{"rendered":"https:\/\/tavapy.gov.py\/biblioteca\/?post_type=product&#038;p=6134"},"modified":"2023-01-18T01:09:00","modified_gmt":"2023-01-18T01:09:00","slug":"el-conquistador","status":"publish","type":"product","link":"https:\/\/tavapy.gov.py\/biblioteca\/product\/el-conquistador\/","title":{"rendered":"EL CONQUISTADOR."},"content":{"rendered":"","protected":false},"excerpt":{"rendered":"<p>SINOPSIS DE LA OBRA:<\/p>\n<p>Ning\u00fan soberano gobern\u00f3 en Espa\u00f1a tanto tiempo como el, ninguno gan\u00f3 tantas batallas, ninguno conquist\u00f3 tantos reinos como Jaime I el Conquistador, rey de Arag\u00f3n, de Valencia y de Mallorca, conde de Barcelona y de Urgel, se\u00f1or de Montpellier.<\/p>\n<p>Esta obra publicada en el 2.020 es su prodigiosa historia, su asombrosa vida de novela, su apasionante leyenda en el tiempo m\u00e1s brillante de la Edad Media.<\/p>\n<p>Con la maestr\u00eda narrativa que lo caracteriza, el catedr\u00e1tico de Historia Medieval y novelista Jose Luis Corral despliega ante los ojos del lector una fascinante historia de conquistas, rivalidades y pasiones que resulta imprescindible para comprender la configuraci\u00f3n de la Espa\u00f1a contempor\u00e1nea y rebatir, con el rigor del relato hist\u00f3rico impecablemente documentado, el mito independentista de la mal llamada \u00abCorona catalano-aragonesa\u00bb.<\/p>\n<p><a href=\"https:\/\/tavapy.gov.py\/biblioteca\/wp-content\/uploads\/2023\/01\/CorralJ-El-conquistador.pdf\" target=\"_blank\" rel=\"attachment noopener wp-att-6109\"><img loading=\"lazy\" decoding=\"async\" class=\"size-full wp-image-6109 alignleft\" src=\"https:\/\/tavapy.gov.py\/biblioteca\/wp-content\/uploads\/2023\/01\/icono-PDF-copia-2-2.png\" alt=\"\" width=\"121\" height=\"140\" \/><\/a><\/p>\n","protected":false},"featured_media":5892,"comment_status":"open","ping_status":"closed","template":"","meta":{"spay_email":""},"product_cat":[296],"product_tag":[],"class_list":{"0":"post-6134","1":"product","2":"type-product","3":"status-publish","4":"has-post-thumbnail","6":"book_author-jose-luis-corral","7":"product_cat-novela-historica","8":"entry"},"_links":{"self":[{"href":"https:\/\/tavapy.gov.py\/biblioteca\/wp-json\/wp\/v2\/product\/6134","targetHints":{"allow":["GET"]}}],"collection":[{"href":"https:\/\/tavapy.gov.py\/biblioteca\/wp-json\/wp\/v2\/product"}],"about":[{"href":"https:\/\/tavapy.gov.py\/biblioteca\/wp-json\/wp\/v2\/types\/product"}],"replies":[{"embeddable":true,"href":"https:\/\/tavapy.gov.py\/biblioteca\/wp-json\/wp\/v2\/comments?post=6134"}],"wp:featuredmedia":[{"embeddable":true,"href":"https:\/\/tavapy.gov.py\/biblioteca\/wp-json\/wp\/v2\/media\/5892"}],"wp:attachment":[{"href":"https:\/\/tavapy.gov.py\/biblioteca\/wp-json\/wp\/v2\/media?parent=6134"}],"wp:term":[{"taxonomy":"product_cat","embeddable":true,"href":"https:\/\/tavapy.gov.py\/biblioteca\/wp-json\/wp\/v2\/product_cat?post=6134"},{"taxonomy":"product_tag","embeddable":true,"href":"https:\/\/tavapy.gov.py\/biblioteca\/wp-json\/wp\/v2\/product_tag?post=6134"}],"curies":[{"name":"wp","href":"https:\/\/api.w.org\/{rel}","templated":true}]}}