{"id":6136,"date":"2023-01-18T14:18:59","date_gmt":"2023-01-18T14:18:59","guid":{"rendered":"https:\/\/tavapy.gov.py\/biblioteca\/?post_type=product&#038;p=6136"},"modified":"2023-01-18T14:19:00","modified_gmt":"2023-01-18T14:19:00","slug":"la-torre-y-el-caballero-el-ocaso-de-los-feudales","status":"publish","type":"product","link":"https:\/\/tavapy.gov.py\/biblioteca\/product\/la-torre-y-el-caballero-el-ocaso-de-los-feudales\/","title":{"rendered":"LA TORRE Y EL CABALLERO: EL OCASO DE LOS FEUDALES."},"content":{"rendered":"","protected":false},"excerpt":{"rendered":"<p>La torre y el caballero se centra en un momento cr\u00edtico de la historia medieval, el per\u00edodo de transici\u00f3n, en el siglo XV, de las estructuras sociales y pol\u00edticas medievales a las propias del Renacimiento.<\/p>\n<p>A trav\u00e9s de la singular figura de Pedro Xim\u00e9nez de Urrea, que pretend\u00eda encarnar los ideales de la caballer\u00eda ya un poco fuera de tiempo, Jos\u00e9 Luis Corral explica de un modo ameno pero riguroso los principales cambios econ\u00f3micos, pol\u00edticos y sociales que se produjeron en esa etapa, sus efectos en la vida cotidiana y su trascendencia hist\u00f3rica.<\/p>\n<p>La obra \u201cLa torre y el caballero: el ocaso de los feudales\u201d fue publicada en el 2.002.<\/p>\n<p><a href=\"https:\/\/tavapy.gov.py\/biblioteca\/wp-content\/uploads\/2023\/01\/CorralJ-La-torre-y-el-caballero.pdf\" target=\"_blank\" rel=\"attachment noopener wp-att-6109\"><img loading=\"lazy\" decoding=\"async\" class=\"size-full wp-image-6109 alignleft\" src=\"https:\/\/tavapy.gov.py\/biblioteca\/wp-content\/uploads\/2023\/01\/icono-PDF-copia-2-2.png\" alt=\"\" width=\"121\" height=\"140\" \/><\/a><\/p>\n","protected":false},"featured_media":5894,"comment_status":"open","ping_status":"closed","template":"","meta":{"spay_email":""},"product_cat":[731],"product_tag":[],"class_list":{"0":"post-6136","1":"product","2":"type-product","3":"status-publish","4":"has-post-thumbnail","6":"book_author-jose-luis-corral","7":"product_cat-ensayo-historia-medieval","8":"entry"},"_links":{"self":[{"href":"https:\/\/tavapy.gov.py\/biblioteca\/wp-json\/wp\/v2\/product\/6136","targetHints":{"allow":["GET"]}}],"collection":[{"href":"https:\/\/tavapy.gov.py\/biblioteca\/wp-json\/wp\/v2\/product"}],"about":[{"href":"https:\/\/tavapy.gov.py\/biblioteca\/wp-json\/wp\/v2\/types\/product"}],"replies":[{"embeddable":true,"href":"https:\/\/tavapy.gov.py\/biblioteca\/wp-json\/wp\/v2\/comments?post=6136"}],"wp:featuredmedia":[{"embeddable":true,"href":"https:\/\/tavapy.gov.py\/biblioteca\/wp-json\/wp\/v2\/media\/5894"}],"wp:attachment":[{"href":"https:\/\/tavapy.gov.py\/biblioteca\/wp-json\/wp\/v2\/media?parent=6136"}],"wp:term":[{"taxonomy":"product_cat","embeddable":true,"href":"https:\/\/tavapy.gov.py\/biblioteca\/wp-json\/wp\/v2\/product_cat?post=6136"},{"taxonomy":"product_tag","embeddable":true,"href":"https:\/\/tavapy.gov.py\/biblioteca\/wp-json\/wp\/v2\/product_tag?post=6136"}],"curies":[{"name":"wp","href":"https:\/\/api.w.org\/{rel}","templated":true}]}}