{"id":6138,"date":"2023-01-18T14:43:05","date_gmt":"2023-01-18T14:43:05","guid":{"rendered":"https:\/\/tavapy.gov.py\/biblioteca\/?post_type=product&#038;p=6138"},"modified":"2023-01-18T14:43:05","modified_gmt":"2023-01-18T14:43:05","slug":"jesus-una-biografia-revolucionaria","status":"publish","type":"product","link":"https:\/\/tavapy.gov.py\/biblioteca\/product\/jesus-una-biografia-revolucionaria\/","title":{"rendered":"JES\u00daS, UNA BIOGRAF\u00cdA REVOLUCIONARIA."},"content":{"rendered":"","protected":false},"excerpt":{"rendered":"<p>John Dominic Crossan en esta su obra, Jes\u00fas: biograf\u00eda revolucionaria, publicada en el 1.994, se propone reunir y divulgar ante el p\u00fablico no especializado, las conclusiones de sus estudios de m\u00e1s de treinta a\u00f1os sobre el Jes\u00fas Hist\u00f3rico.<\/p>\n<p>Crossan es un ex sacerdote cat\u00f3lico, y a pesar de que se sigue considerando cristiano, de antemano rechaza la historicidad de cualquier evento que viole las le-yes de la naturaleza en la vida de Jes\u00fas. Pero, los \u2018milagros\u2019 no son la \u00fanica fuente de inverosimilitudes en los evangelios. Existen muchas otras narraciones que, a\u00fan sin incorporar fen\u00f3menos que violen las leyes naturales, tienen poqu\u00edsimas probabilidades de haber ocurrido.<\/p>\n<p>As\u00ed, Crossan desestima la historicidad de las narrativas respecto a la infancia de Jes\u00fas. Su nacimiento virginal, su nacimiento en Bel\u00e9n, la visita de los Reyes Magos, la matanza de Herodes, la huida a Egipto y su disertaci\u00f3n en el templo de Jerusal\u00e9n vendr\u00edan a ser historias que \u2018hacen cumplir\u2019 las profec\u00edas mesi\u00e1nicas del Antiguo Testamento, y que por ende, no son dignas de credibilidad hist\u00f3rica para el bi\u00f3grafo.<\/p>\n<p>Jes\u00fas no s\u00f3lo predica un Reino, sino que lleva a cabo acciones para manifestar su mensaje.\u00a0 Crossan insiste en que\u00a0 estos\u00a0 dichos\u00a0 y\u00a0 acciones \u00a0son\u00a0 especial-mente chocantes a las convenciones sociales de la \u00e9poca. Y, en funci\u00f3n de esto, Crossan representa a Jes\u00fas como un c\u00ednico jud\u00edo. Lo mismo que Jes\u00fas, los c\u00ednicos tuvieron pocas contemplaciones por las convenciones sociales, muchas veces promov\u00edan un extremo igualitarismo, y por encima de todo, no se conformaban con la pr\u00e9dica, sino que incorporaban acciones a sus discursos como forma de articular su mensaje. Crossan, sin embargo, advierte una diferencia: mientras que los c\u00ednicos griegos operaban en escenarios urbanos,\u00a0 Jes\u00fas\u00a0 era\u00a0 un\u00a0 c\u00ednico campesino que recorr\u00eda aldeas galileas.<\/p>\n<p><a href=\"https:\/\/tavapy.gov.py\/biblioteca\/wp-content\/uploads\/2023\/01\/CrossanJ_Jesus-biografia-revolucionaria.pdf\" target=\"_blank\" rel=\"attachment noopener wp-att-6109\"><img loading=\"lazy\" decoding=\"async\" class=\"size-full wp-image-6109 alignleft\" src=\"https:\/\/tavapy.gov.py\/biblioteca\/wp-content\/uploads\/2023\/01\/icono-PDF-copia-2-2.png\" alt=\"\" width=\"121\" height=\"140\" \/><\/a><\/p>\n","protected":false},"featured_media":5898,"comment_status":"open","ping_status":"closed","template":"","meta":{"spay_email":""},"product_cat":[732],"product_tag":[],"class_list":{"0":"post-6138","1":"product","2":"type-product","3":"status-publish","4":"has-post-thumbnail","6":"book_author-john-dominic-crossan","7":"product_cat-estudios-biblicos-arqueologia-historia-sociologia","8":"entry"},"_links":{"self":[{"href":"https:\/\/tavapy.gov.py\/biblioteca\/wp-json\/wp\/v2\/product\/6138","targetHints":{"allow":["GET"]}}],"collection":[{"href":"https:\/\/tavapy.gov.py\/biblioteca\/wp-json\/wp\/v2\/product"}],"about":[{"href":"https:\/\/tavapy.gov.py\/biblioteca\/wp-json\/wp\/v2\/types\/product"}],"replies":[{"embeddable":true,"href":"https:\/\/tavapy.gov.py\/biblioteca\/wp-json\/wp\/v2\/comments?post=6138"}],"wp:featuredmedia":[{"embeddable":true,"href":"https:\/\/tavapy.gov.py\/biblioteca\/wp-json\/wp\/v2\/media\/5898"}],"wp:attachment":[{"href":"https:\/\/tavapy.gov.py\/biblioteca\/wp-json\/wp\/v2\/media?parent=6138"}],"wp:term":[{"taxonomy":"product_cat","embeddable":true,"href":"https:\/\/tavapy.gov.py\/biblioteca\/wp-json\/wp\/v2\/product_cat?post=6138"},{"taxonomy":"product_tag","embeddable":true,"href":"https:\/\/tavapy.gov.py\/biblioteca\/wp-json\/wp\/v2\/product_tag?post=6138"}],"curies":[{"name":"wp","href":"https:\/\/api.w.org\/{rel}","templated":true}]}}