{"id":6139,"date":"2023-01-18T14:50:33","date_gmt":"2023-01-18T14:50:33","guid":{"rendered":"https:\/\/tavapy.gov.py\/biblioteca\/?post_type=product&#038;p=6139"},"modified":"2023-01-18T14:50:33","modified_gmt":"2023-01-18T14:50:33","slug":"jesus-desenterrado","status":"publish","type":"product","link":"https:\/\/tavapy.gov.py\/biblioteca\/product\/jesus-desenterrado\/","title":{"rendered":"JES\u00daS DESENTERRADO."},"content":{"rendered":"","protected":false},"excerpt":{"rendered":"<p>Un investigador considerado como la m\u00e1xima autoridad en arqueolog\u00eda de la Palestina del siglo I de nuestra era, el profesor Jonathan l. Reed, que dirige en la actualidad las excavaciones de S\u00e9foris, y una de las m\u00e1ximas figuras de los estudios sobre los or\u00edgenes del cristianismo, John Dominic Crossan, profesor em\u00e9rito de la De Paul University en Chicago, y autor de El Jes\u00fas de la historia, han sumado en este libro sus respectivos conocimientos para combinarlos y desenterrar de ellos una visi\u00f3n renovada del Jes\u00fas hist\u00f3rico y de su tiempo.<\/p>\n<p>Para ello, Reed ha seleccionado las aportaciones m\u00e1s importantes realizadas en los \u00faltimos a\u00f1os en el campo de las excavaciones arqueol\u00f3gicas, como la inscripci\u00f3n del prefecto Poncio Pilato, la casa del ap\u00f3stol Pedro, una embarcaci\u00f3n de pescadores del mar de Galilea, etc.<\/p>\n<p>Y Crossan ha hecho lo mismo en el de los hallazgos textuales, como los manuscritos del Mar Muerto, los c\u00f3dices de Nag Hammadi, la nueva visi\u00f3n de la relaci\u00f3n existente entre los evangelios can\u00f3nicos, el evangelio Q, el de santo Tom\u00e1s y el de Pedro, etc.<\/p>\n<p>La originalidad de este libro reside precisamente en haber sabido conjugar por primera vez las aportaciones de dos campos tan distintos, que se combinan para ofrecernos una imagen m\u00e1s real y documentada de Jes\u00fas, de sus ense\u00f1anzas y de sus seguidores, a la vez que iluminan el marco hist\u00f3rico de la lucha entre el poder romano y la apasionada defensa por parte de los jud\u00edos de su fe en un Dios justo.<\/p>\n<p>La obra \u201cJes\u00fas desenterrado\u201d fue publicada en el 2.001.<\/p>\n<p><a href=\"https:\/\/tavapy.gov.py\/biblioteca\/wp-content\/uploads\/2023\/01\/CrossanJ_Jesus-desenterrado.pdf\" target=\"_blank\" rel=\"attachment noopener wp-att-6109\"><img loading=\"lazy\" decoding=\"async\" class=\"size-full wp-image-6109 alignleft\" src=\"https:\/\/tavapy.gov.py\/biblioteca\/wp-content\/uploads\/2023\/01\/icono-PDF-copia-2-2.png\" alt=\"\" width=\"121\" height=\"140\" \/><\/a><\/p>\n","protected":false},"featured_media":5900,"comment_status":"open","ping_status":"closed","template":"","meta":{"spay_email":""},"product_cat":[218],"product_tag":[],"class_list":{"0":"post-6139","1":"product","2":"type-product","3":"status-publish","4":"has-post-thumbnail","6":"book_author-john-dominic-crossan","7":"product_cat-estudios-biblicos-arqueologia","8":"entry"},"_links":{"self":[{"href":"https:\/\/tavapy.gov.py\/biblioteca\/wp-json\/wp\/v2\/product\/6139","targetHints":{"allow":["GET"]}}],"collection":[{"href":"https:\/\/tavapy.gov.py\/biblioteca\/wp-json\/wp\/v2\/product"}],"about":[{"href":"https:\/\/tavapy.gov.py\/biblioteca\/wp-json\/wp\/v2\/types\/product"}],"replies":[{"embeddable":true,"href":"https:\/\/tavapy.gov.py\/biblioteca\/wp-json\/wp\/v2\/comments?post=6139"}],"wp:featuredmedia":[{"embeddable":true,"href":"https:\/\/tavapy.gov.py\/biblioteca\/wp-json\/wp\/v2\/media\/5900"}],"wp:attachment":[{"href":"https:\/\/tavapy.gov.py\/biblioteca\/wp-json\/wp\/v2\/media?parent=6139"}],"wp:term":[{"taxonomy":"product_cat","embeddable":true,"href":"https:\/\/tavapy.gov.py\/biblioteca\/wp-json\/wp\/v2\/product_cat?post=6139"},{"taxonomy":"product_tag","embeddable":true,"href":"https:\/\/tavapy.gov.py\/biblioteca\/wp-json\/wp\/v2\/product_tag?post=6139"}],"curies":[{"name":"wp","href":"https:\/\/api.w.org\/{rel}","templated":true}]}}