{"id":6140,"date":"2023-01-18T14:58:14","date_gmt":"2023-01-18T14:58:14","guid":{"rendered":"https:\/\/tavapy.gov.py\/biblioteca\/?post_type=product&#038;p=6140"},"modified":"2023-01-18T14:58:14","modified_gmt":"2023-01-18T14:58:14","slug":"primates-y-filosofos-la-evolucion-de-la-moral-del-simio-al-hombre","status":"publish","type":"product","link":"https:\/\/tavapy.gov.py\/biblioteca\/product\/primates-y-filosofos-la-evolucion-de-la-moral-del-simio-al-hombre\/","title":{"rendered":"PRIMATES Y FIL\u00d3SOFOS: LA EVOLUCI\u00d3N DE LA MORAL DEL SIMIO AL HOMBRE."},"content":{"rendered":"","protected":false},"excerpt":{"rendered":"<p>Primates y Fil\u00f3sofos, obra publicada en el 2.007 recoge las conferencias Tanner que De Waal imparti\u00f3 en el Centro de Valores Humanos de la Universidad de Princeton en 2004 e incluye la respuesta de los fil\u00f3sofos Peter Singer, Christine M. Korsgaard y Philip Kitcher, y del escritor cient\u00edfico Robert Wright.<\/p>\n<p>Cuando actuamos mal solemos decir: \u00abEs el animal que llevamos dentro\u00bb, pero \u00bfpor qu\u00e9 no decimos lo mismo cuando actuamos bien? Primates y Fil\u00f3sofos aborda esta cuesti\u00f3n explorando los fundamentos biol\u00f3gicos de uno de los rasgos m\u00e1s valiosos del ser humano: la moralidad. El libro De Waal fascinar\u00e1 a todos aquellos que se preguntan por los or\u00edgenes y el alcance de la bondad humana.<\/p>\n<p><a href=\"https:\/\/tavapy.gov.py\/biblioteca\/wp-content\/uploads\/2023\/01\/De-WaalF-Primates_y_filosofos.pdf\" target=\"_blank\" rel=\"attachment noopener wp-att-6109\"><img loading=\"lazy\" decoding=\"async\" class=\"size-full wp-image-6109 alignleft\" src=\"https:\/\/tavapy.gov.py\/biblioteca\/wp-content\/uploads\/2023\/01\/icono-PDF-copia-2-2.png\" alt=\"\" width=\"121\" height=\"140\" \/><\/a><\/p>\n","protected":false},"featured_media":5902,"comment_status":"open","ping_status":"closed","template":"","meta":{"spay_email":""},"product_cat":[227],"product_tag":[],"class_list":{"0":"post-6140","1":"product","2":"type-product","3":"status-publish","4":"has-post-thumbnail","6":"book_author-frans-de-waal","7":"product_cat-ciencia-divulgacion-cientifica","8":"entry"},"_links":{"self":[{"href":"https:\/\/tavapy.gov.py\/biblioteca\/wp-json\/wp\/v2\/product\/6140","targetHints":{"allow":["GET"]}}],"collection":[{"href":"https:\/\/tavapy.gov.py\/biblioteca\/wp-json\/wp\/v2\/product"}],"about":[{"href":"https:\/\/tavapy.gov.py\/biblioteca\/wp-json\/wp\/v2\/types\/product"}],"replies":[{"embeddable":true,"href":"https:\/\/tavapy.gov.py\/biblioteca\/wp-json\/wp\/v2\/comments?post=6140"}],"wp:featuredmedia":[{"embeddable":true,"href":"https:\/\/tavapy.gov.py\/biblioteca\/wp-json\/wp\/v2\/media\/5902"}],"wp:attachment":[{"href":"https:\/\/tavapy.gov.py\/biblioteca\/wp-json\/wp\/v2\/media?parent=6140"}],"wp:term":[{"taxonomy":"product_cat","embeddable":true,"href":"https:\/\/tavapy.gov.py\/biblioteca\/wp-json\/wp\/v2\/product_cat?post=6140"},{"taxonomy":"product_tag","embeddable":true,"href":"https:\/\/tavapy.gov.py\/biblioteca\/wp-json\/wp\/v2\/product_tag?post=6140"}],"curies":[{"name":"wp","href":"https:\/\/api.w.org\/{rel}","templated":true}]}}