{"id":6141,"date":"2023-01-18T15:08:03","date_gmt":"2023-01-18T15:08:03","guid":{"rendered":"https:\/\/tavapy.gov.py\/biblioteca\/?post_type=product&#038;p=6141"},"modified":"2023-01-18T15:08:04","modified_gmt":"2023-01-18T15:08:04","slug":"el-ultimo-abrazo-las-emociones-de-los-animales-y-lo-que-nos-cuentan-de-nosotros","status":"publish","type":"product","link":"https:\/\/tavapy.gov.py\/biblioteca\/product\/el-ultimo-abrazo-las-emociones-de-los-animales-y-lo-que-nos-cuentan-de-nosotros\/","title":{"rendered":"EL \u00daLTIMO ABRAZO: LAS EMOCIONES DE LOS ANIMALES Y LO QUE NOS CUENTAN DE NOSOTROS."},"content":{"rendered":"","protected":false},"excerpt":{"rendered":"<p>\u00abEntre otras muchas historias que ilustran la compleja y extraordinaria vida emocional de los animales, esta obra relata la visita que el primat\u00f3logo holand\u00e9s Jan van Hooff hizo a Mama, una hembra de chimpanc\u00e9, vieja y enferma terminal.<\/p>\n<p>El impactante v\u00eddeo de este encuentro, que ha emocionado a millones de personas muestra la sonrisa reconfortada del animal, y el abrazo y los gestos de simpat\u00eda que la agonizante Mama dedic\u00f3 a su antiguo cuidador al reconocerlo. Y es que, como explica Frans de Waal, los seres humanos no somos en absoluto la \u00fanica especie capaz de experimentar alegr\u00eda, amor, odio, miedo, verg\u00fcenza o culpa&#8230;<\/p>\n<p>Explorando las expresiones faciales, las emociones que se ocultan tras las acciones pol\u00edticas de los seres humanos, la ilusi\u00f3n de la libertad o la capacidad de sentir de los animales, Frans de Waal transforma con este libro \u00a0publicado en el 2.018 nuestra visi\u00f3n del mundo vivo que nos rodea.\u00bb<\/p>\n<p><a href=\"https:\/\/tavapy.gov.py\/biblioteca\/wp-content\/uploads\/2023\/01\/De-WallF-El-ultimo-abrazo.pdf\" target=\"_blank\" rel=\"attachment noopener wp-att-6109\"><img loading=\"lazy\" decoding=\"async\" class=\"size-full wp-image-6109 alignleft\" src=\"https:\/\/tavapy.gov.py\/biblioteca\/wp-content\/uploads\/2023\/01\/icono-PDF-copia-2-2.png\" alt=\"\" width=\"121\" height=\"140\" \/><\/a><\/p>\n","protected":false},"featured_media":5904,"comment_status":"open","ping_status":"closed","template":"","meta":{"spay_email":""},"product_cat":[733],"product_tag":[],"class_list":{"0":"post-6141","1":"product","2":"type-product","3":"status-publish","4":"has-post-thumbnail","6":"book_author-frans-de-waal","7":"product_cat-ciencia-biologia","8":"entry"},"_links":{"self":[{"href":"https:\/\/tavapy.gov.py\/biblioteca\/wp-json\/wp\/v2\/product\/6141","targetHints":{"allow":["GET"]}}],"collection":[{"href":"https:\/\/tavapy.gov.py\/biblioteca\/wp-json\/wp\/v2\/product"}],"about":[{"href":"https:\/\/tavapy.gov.py\/biblioteca\/wp-json\/wp\/v2\/types\/product"}],"replies":[{"embeddable":true,"href":"https:\/\/tavapy.gov.py\/biblioteca\/wp-json\/wp\/v2\/comments?post=6141"}],"wp:featuredmedia":[{"embeddable":true,"href":"https:\/\/tavapy.gov.py\/biblioteca\/wp-json\/wp\/v2\/media\/5904"}],"wp:attachment":[{"href":"https:\/\/tavapy.gov.py\/biblioteca\/wp-json\/wp\/v2\/media?parent=6141"}],"wp:term":[{"taxonomy":"product_cat","embeddable":true,"href":"https:\/\/tavapy.gov.py\/biblioteca\/wp-json\/wp\/v2\/product_cat?post=6141"},{"taxonomy":"product_tag","embeddable":true,"href":"https:\/\/tavapy.gov.py\/biblioteca\/wp-json\/wp\/v2\/product_tag?post=6141"}],"curies":[{"name":"wp","href":"https:\/\/api.w.org\/{rel}","templated":true}]}}