{"id":6142,"date":"2023-01-18T16:17:35","date_gmt":"2023-01-18T16:17:35","guid":{"rendered":"https:\/\/tavapy.gov.py\/biblioteca\/?post_type=product&#038;p=6142"},"modified":"2023-01-18T16:17:35","modified_gmt":"2023-01-18T16:17:35","slug":"crisis-como-reaccionan-los-paises-en-los-momentos-decisivos","status":"publish","type":"product","link":"https:\/\/tavapy.gov.py\/biblioteca\/product\/crisis-como-reaccionan-los-paises-en-los-momentos-decisivos\/","title":{"rendered":"CRISIS: COMO REACCIONAN LOS PAISES EN LOS MOMENTOS DECISIVOS."},"content":{"rendered":"","protected":false},"excerpt":{"rendered":"<p>En \u201cArmas, g\u00e9rmenes y acero\u201d y en \u201cColapso\u201d, Jared Diamond ya revolucion\u00f3 nuestra visi\u00f3n del auge y la ca\u00edda de las civilizaciones. Ahora, el autor concluye su monumental trilog\u00eda adentr\u00e1ndose en una dimensi\u00f3n psicol\u00f3gica que complementa el impresionante universo hist\u00f3rico, geogr\u00e1fico y econ\u00f3mico recogido en su obra.<\/p>\n<p>El resultado es este revelador estudio comparativo de c\u00f3mo seis pa\u00edses han sobrevivido en su historia reciente a crisis decisivas mediante un duro proceso de autoevaluaci\u00f3n y transformaci\u00f3n. Diamond identifica patrones en la superaci\u00f3n de la adversidad y, dirigiendo su mirada hacia el futuro, plantea que quiz\u00e1s el mundo est\u00e9 desperdiciando sus recursos y embarc\u00e1ndose en un viaje de conflicto pol\u00edtico y declive.<\/p>\n<p>La obra \u201cCrisis: c\u00f3mo reaccionan los pa\u00edses en los momentos decisivos\u201d fue publicada en el 2.019.<\/p>\n<p><a href=\"https:\/\/tavapy.gov.py\/biblioteca\/wp-content\/uploads\/2023\/01\/DiamondJ-Crisis.pdf\" target=\"_blank\" rel=\"attachment noopener wp-att-6109\"><img loading=\"lazy\" decoding=\"async\" class=\"size-full wp-image-6109 alignleft\" src=\"https:\/\/tavapy.gov.py\/biblioteca\/wp-content\/uploads\/2023\/01\/icono-PDF-copia-2-2.png\" alt=\"\" width=\"121\" height=\"140\" \/><\/a><\/p>\n","protected":false},"featured_media":5906,"comment_status":"open","ping_status":"closed","template":"","meta":{"spay_email":""},"product_cat":[549],"product_tag":[],"class_list":{"0":"post-6142","1":"product","2":"type-product","3":"status-publish","4":"has-post-thumbnail","6":"book_author-jared-diamond","7":"product_cat-ciencias-politicas-y-sociales","8":"entry"},"_links":{"self":[{"href":"https:\/\/tavapy.gov.py\/biblioteca\/wp-json\/wp\/v2\/product\/6142","targetHints":{"allow":["GET"]}}],"collection":[{"href":"https:\/\/tavapy.gov.py\/biblioteca\/wp-json\/wp\/v2\/product"}],"about":[{"href":"https:\/\/tavapy.gov.py\/biblioteca\/wp-json\/wp\/v2\/types\/product"}],"replies":[{"embeddable":true,"href":"https:\/\/tavapy.gov.py\/biblioteca\/wp-json\/wp\/v2\/comments?post=6142"}],"wp:featuredmedia":[{"embeddable":true,"href":"https:\/\/tavapy.gov.py\/biblioteca\/wp-json\/wp\/v2\/media\/5906"}],"wp:attachment":[{"href":"https:\/\/tavapy.gov.py\/biblioteca\/wp-json\/wp\/v2\/media?parent=6142"}],"wp:term":[{"taxonomy":"product_cat","embeddable":true,"href":"https:\/\/tavapy.gov.py\/biblioteca\/wp-json\/wp\/v2\/product_cat?post=6142"},{"taxonomy":"product_tag","embeddable":true,"href":"https:\/\/tavapy.gov.py\/biblioteca\/wp-json\/wp\/v2\/product_tag?post=6142"}],"curies":[{"name":"wp","href":"https:\/\/api.w.org\/{rel}","templated":true}]}}