{"id":6143,"date":"2023-01-18T16:22:15","date_gmt":"2023-01-18T16:22:15","guid":{"rendered":"https:\/\/tavapy.gov.py\/biblioteca\/?post_type=product&#038;p=6143"},"modified":"2023-01-18T16:22:16","modified_gmt":"2023-01-18T16:22:16","slug":"por-que-es-divertido-el-sexo","status":"publish","type":"product","link":"https:\/\/tavapy.gov.py\/biblioteca\/product\/por-que-es-divertido-el-sexo\/","title":{"rendered":"\u00bfPOR QU\u00c9 ES DIVERTIDO EL SEXO?"},"content":{"rendered":"","protected":false},"excerpt":{"rendered":"<p>\u00bfPor qu\u00e9 los humanos son una de las pocas especies que realiza sus pr\u00e1cticas sexuales en privado? \u00bfY por qu\u00e9 practican el sexo cualquier d\u00eda del mes y del a\u00f1o?<\/p>\n<p>\u00bfPor qu\u00e9 las hembras del ser humano son los \u00fanicos mam\u00edferos que experimentan la menopausia?<\/p>\n<p>\u00bfPor qu\u00e9 el pene del hombre es tan innecesariamente grande?<\/p>\n<p>Estas y otras importantes preguntas encuentran su respuesta en la mirada que Jared Diamond lanza a la vida sexual del ser humano, \u00fanica entre todas las especies animales.<\/p>\n<p>Profesor de fisiolog\u00eda, ornitolog\u00eda y geograf\u00eda, y galardonado con el Premio Pulitzer, Diamond posee una formaci\u00f3n y una capacidad divulgativa excepcionales para entrar en estas cuestiones. La sexualidad humana ha sido objeto de estudio desde hace apenas unas d\u00e9cadas, y no se presta a experimentos de laboratorio.<\/p>\n<p>Sin embargo, Diamond consigue aplicar sus conocimientos cient\u00edficos y su sentido del humor a las fascinantes fuerzas evolutivas que configuraron nuestra peculiaridad sexual, y muestra cu\u00e1nto contribuyeron a esa condici\u00f3n \u00fanica que supone ser humano.<\/p>\n<p>La obra, \u201c\u00bfPor qu\u00e9 es divertido el sexo? fue publicada en 1.997.<\/p>\n<p><a href=\"https:\/\/tavapy.gov.py\/biblioteca\/wp-content\/uploads\/2023\/01\/DiamondJ-Por-que-es-divertido-el-sexo.pdf\" rel=\"attachment wp-att-6109\"><img loading=\"lazy\" decoding=\"async\" class=\"size-full wp-image-6109 alignleft\" src=\"https:\/\/tavapy.gov.py\/biblioteca\/wp-content\/uploads\/2023\/01\/icono-PDF-copia-2-2.png\" alt=\"\" width=\"121\" height=\"140\" \/><\/a><\/p>\n","protected":false},"featured_media":5908,"comment_status":"open","ping_status":"closed","template":"","meta":{"spay_email":""},"product_cat":[116],"product_tag":[],"class_list":{"0":"post-6143","1":"product","2":"type-product","3":"status-publish","4":"has-post-thumbnail","6":"book_author-jared-diamond","7":"product_cat-antropologia-socio-cultural","8":"entry"},"_links":{"self":[{"href":"https:\/\/tavapy.gov.py\/biblioteca\/wp-json\/wp\/v2\/product\/6143","targetHints":{"allow":["GET"]}}],"collection":[{"href":"https:\/\/tavapy.gov.py\/biblioteca\/wp-json\/wp\/v2\/product"}],"about":[{"href":"https:\/\/tavapy.gov.py\/biblioteca\/wp-json\/wp\/v2\/types\/product"}],"replies":[{"embeddable":true,"href":"https:\/\/tavapy.gov.py\/biblioteca\/wp-json\/wp\/v2\/comments?post=6143"}],"wp:featuredmedia":[{"embeddable":true,"href":"https:\/\/tavapy.gov.py\/biblioteca\/wp-json\/wp\/v2\/media\/5908"}],"wp:attachment":[{"href":"https:\/\/tavapy.gov.py\/biblioteca\/wp-json\/wp\/v2\/media?parent=6143"}],"wp:term":[{"taxonomy":"product_cat","embeddable":true,"href":"https:\/\/tavapy.gov.py\/biblioteca\/wp-json\/wp\/v2\/product_cat?post=6143"},{"taxonomy":"product_tag","embeddable":true,"href":"https:\/\/tavapy.gov.py\/biblioteca\/wp-json\/wp\/v2\/product_tag?post=6143"}],"curies":[{"name":"wp","href":"https:\/\/api.w.org\/{rel}","templated":true}]}}