{"id":6144,"date":"2023-01-18T20:40:07","date_gmt":"2023-01-18T20:40:07","guid":{"rendered":"https:\/\/tavapy.gov.py\/biblioteca\/?post_type=product&#038;p=6144"},"modified":"2023-01-18T20:40:08","modified_gmt":"2023-01-18T20:40:08","slug":"grandes-esperanzas","status":"publish","type":"product","link":"https:\/\/tavapy.gov.py\/biblioteca\/product\/grandes-esperanzas\/","title":{"rendered":"GRANDES ESPERANZAS."},"content":{"rendered":"","protected":false},"excerpt":{"rendered":"<p>Grandes esperanzas es uno de los t\u00edtulos m\u00e1s c\u00e9lebres del gran autor ingl\u00e9s. Publicado originalmente en 1.860, narra la historia de Pip, un joven hu\u00e9rfano y miedoso, cuyo humilde destino se ve agraciado por un benefactor inesperado que cambiar\u00e1 el sino de su vida y har\u00e1 de \u00e9l un caballero.<\/p>\n<p>Una maravillosa novela de aprendizaje y una magistral galer\u00eda de protagonistas que trazan un acabado retrato de \u00e9poca, al mismo tiempo que una honda reflexi\u00f3n sobre las constantes de la condici\u00f3n humana. La realidad de la vida cotidiana en Inglaterra y la fantas\u00eda se dan la mano, mostr\u00e1ndonos un mundo extraordinariamente humano y detallista y una peculiar psicolog\u00eda de los personajes&#8230;<\/p>\n<p><a href=\"https:\/\/tavapy.gov.py\/biblioteca\/wp-content\/uploads\/2023\/01\/DickensC-Grandes-Esperanzas.pdf\" target=\"_blank\" rel=\"attachment noopener wp-att-6109\"><img loading=\"lazy\" decoding=\"async\" class=\"size-full wp-image-6109 alignleft\" src=\"https:\/\/tavapy.gov.py\/biblioteca\/wp-content\/uploads\/2023\/01\/icono-PDF-copia-2-2.png\" alt=\"\" width=\"121\" height=\"140\" \/><\/a><\/p>\n","protected":false},"featured_media":5910,"comment_status":"open","ping_status":"closed","template":"","meta":{"spay_email":""},"product_cat":[57],"product_tag":[],"class_list":{"0":"post-6144","1":"product","2":"type-product","3":"status-publish","4":"has-post-thumbnail","6":"book_author-charles-dickens","7":"product_cat-novela","8":"entry"},"_links":{"self":[{"href":"https:\/\/tavapy.gov.py\/biblioteca\/wp-json\/wp\/v2\/product\/6144","targetHints":{"allow":["GET"]}}],"collection":[{"href":"https:\/\/tavapy.gov.py\/biblioteca\/wp-json\/wp\/v2\/product"}],"about":[{"href":"https:\/\/tavapy.gov.py\/biblioteca\/wp-json\/wp\/v2\/types\/product"}],"replies":[{"embeddable":true,"href":"https:\/\/tavapy.gov.py\/biblioteca\/wp-json\/wp\/v2\/comments?post=6144"}],"wp:featuredmedia":[{"embeddable":true,"href":"https:\/\/tavapy.gov.py\/biblioteca\/wp-json\/wp\/v2\/media\/5910"}],"wp:attachment":[{"href":"https:\/\/tavapy.gov.py\/biblioteca\/wp-json\/wp\/v2\/media?parent=6144"}],"wp:term":[{"taxonomy":"product_cat","embeddable":true,"href":"https:\/\/tavapy.gov.py\/biblioteca\/wp-json\/wp\/v2\/product_cat?post=6144"},{"taxonomy":"product_tag","embeddable":true,"href":"https:\/\/tavapy.gov.py\/biblioteca\/wp-json\/wp\/v2\/product_tag?post=6144"}],"curies":[{"name":"wp","href":"https:\/\/api.w.org\/{rel}","templated":true}]}}